{"id":1024,"date":"2021-03-22T11:35:47","date_gmt":"2021-03-22T11:35:47","guid":{"rendered":"https:\/\/ro.quantum-medical.eu\/?page_id=1024"},"modified":"2022-10-07T09:07:16","modified_gmt":"2022-10-07T09:07:16","slug":"blood-dictionary","status":"publish","type":"page","link":"https:\/\/ro.quantum-medical.eu\/index.php\/programs-for-the-eductor1-and-nucleus-devices\/blood-dictionary\/","title":{"rendered":"DIC\u021aIONAR DE S\u00c2NGE"},"content":{"rendered":"<p>Pentru ce se utilizeaz\u0103 <strong>Dic\u021bionar de s\u00e2nge<\/strong>?<\/p>\n\n\n\n<p>Ar putea ajuta o anumit\u0103 diet\u0103 pe baza grupului sanguin &#8212; O, A, B, sau AB pentru pierdere \u00een greutate \u0219i s\u0103n\u0103tate? Aceasta este ideea dietei bazat\u0103 pe tipul sanguin, creeat de naturopatul Peter J. D&#8217;Adamo.&nbsp; Conform acestei diete, alimentele pe care le consumi reactioneaza chimic cu grupa ta de sange. Dac\u0103 urm\u0103re\u0219ti o diet\u0103 pentru tipul t\u0103u sanguin corpul va absorbi alimentele mai eficient, ceea ce va contribui la pierderea \u00een greutate, mai mult\u0103 energie \u0219i prevenirea bolilor.<\/p>\n\n\n\n<p>Aplica\u021bia <strong>Dictionar de sange <\/strong>incorporeaz\u0103 o detaliere complet\u0103 a alimentelor \u00een func\u021bie de grupa sanguin\u0103.<\/p>\n\n\n\n<p>\u00cens\u0103 trebuie avut grij\u0103 cu anumite alimente \u0219i limitarea dietei, mai ales \u00een cazul unor boli ce necesit\u0103 un anumit ghid, ED.X \u0219i aplica\u021bia <strong>Dictionar de sange<\/strong> sunt eficiente \u00een reducerea intoleran\u021belor alimentelor care pot fi esen\u021biale dar nu se potrivesc pentru grupa sanguin\u0103.<\/p>\n\n\n\n<p>Mai jos sunt c\u00e2teva indica\u021bii generale conform dietei &#8220;Eat Right for Your Type&#8221; de Peter J. D&#8217;Adamo:<\/p>\n\n\n\n<ul class=\"wp-block-list\"><li>Cei cu s\u00e2nge de tip O ar trebui s\u0103 aleag\u0103 alimente bogate \u00een proteine \u200b\u200b\u0219i s\u0103 m\u0103n\u00e2nce mult\u0103 carne, legume, pe\u0219te \u0219i fructe, dar s\u0103 limiteze cerealele, fasolea \u0219i leguminoasele. Pentru a sl\u0103bi, fructele de mare, algele, carnea ro\u0219ie, broccoli, spanacul \u0219i uleiul de m\u0103sline sunt cele mai bune; gr\u00e2ul, porumbul \u0219i lactatele trebuie evitate.<\/li><li>Cei cu s\u00e2nge de tip A ar trebui s\u0103 aleag\u0103 fructe, legume, tofu, fructe de mare, curcan \u0219i cereale integrale, dar s\u0103 evite carnea. Pentru pierderea \u00een greutate, fructele de mare, legumele, ananasul, uleiul de m\u0103sline \u0219i soia sunt cele mai bune; lactatele, gr\u00e2ul, porumbul \u0219i fasolea trebuie evitate.<\/li><li>Cei cu s\u00e2nge de tip B ar trebui s\u0103 aleag\u0103 o diet\u0103 divers\u0103, inclusiv carne, fructe, lactate, fructe de mare \u0219i cereale. Pentru a pierde \u00een greutate, persoanele de tip B ar trebui s\u0103 aleag\u0103 legume verzi, ou\u0103, ficat \u0219i ceai de lemn dulce, dar s\u0103 evite puiul, porumbul, arahidele \u0219i gr\u00e2ul.<\/li><li>Cei cu s\u00e2nge de tip AB ar trebui s\u0103 m\u0103n\u00e2nce lactate, tofu, miel, pe\u0219te, cereale, fructe \u0219i legume. Pentru sl\u0103bit, tofu, fructe de mare, legume verzi \u0219i varz\u0103 sunt cele mai bune, dar ar trebui evitate puiul, porumbul, hri\u0219ca \u0219i fasolea.<\/li><\/ul>\n\n\n\n<p>Desigur, recomand\u0103rile pentru dietele cu grupe sanguine se extind mult dincolo de alegerile alimentare. De exemplu, persoanelor cu s\u00e2nge de tip O li se recomand\u0103 s\u0103 aleag\u0103 exerci\u021bii aerobice de intensitate mare \u0219i s\u0103 ia suplimente pentru stomacul lor sensibil, \u00een timp ce cei cu s\u00e2nge de tip A ar trebui s\u0103 aleag\u0103 activit\u0103\u021bi de intensitate sc\u0103zut\u0103 \u0219i s\u0103 includ\u0103 medita\u021bia ca parte a rutinei lor. Se sugereaza, de asemenea, suplimentarea specifica.<\/p>\n\n\n\n<p>Teoria din spatele acestei diete este c\u0103 grupa sanguin\u0103 este str\u00e2ns legat\u0103 de capacitatea noastr\u0103 de a digera anumite tipuri de alimente, astfel \u00eenc\u00e2t dieta adecvat\u0103 va \u00eembun\u0103t\u0103\u021bi digestia, va ajuta la men\u021binerea greut\u0103\u021bii corporale ideale, la cre\u0219terea nivelului de energie \u0219i la prevenirea bolilor, inclusiv a cancerului \u0219i a bolilor cardiovasculare.<\/p>\n\n\n\n<p>S-a spus c\u0103 tipul O este tipul de s\u00e2nge \u201eancestral\u201d original al primilor oameni care erau v\u00e2n\u0103tori-culeg\u0103tori, cu diete bogate \u00een proteine \u200b\u200banimale. S-a spus c\u0103 grupa A evolueaz\u0103 atunci c\u00e2nd oamenii au \u00eenceput s\u0103 cultive \u0219i au mai multe diete vegetariene. S-a spus c\u0103 grupurile de s\u00e2nge din grupul B apar \u00een r\u00e2ndul triburilor nomade care au consumat o mul\u021bime de produse lactate. \u0218i din moment ce s\u00e2ngele din grupul AB ar fi trebuit s\u0103 evolueze din amestecul de persoane cu s\u00e2nge de tip A \u0219i B, recomand\u0103rile de tip AB au fost intermediare \u00eentre cele pentru persoanele cu s\u00e2nge de tip A \u0219i B.<\/p>\n\n\n\n<p><strong>Dieta tipului de s\u00e2nge este cel mai popular sistem de diet\u0103 personalizat\u0103 din lume \u0219i cu at\u00e2t mai mult \u00een combina\u021bie cu utilizarea aplica\u021biei Dictionar de sange din ED.X. De exemplu, dac\u0103 exist\u0103 o reac\u021bie alergic\u0103 la un aliment extrem de benefic, \u00een conformitate cu categoria de tip sanguin, aceast\u0103 aplica\u021bie a Dic\u021bionarului de s\u00e2nge, \u00een ED.X, are capacitatea de a desensibiliza sau de a stresa reactivitatea acelui tip de aliment specific. \u00cen plus, \u00een cazul \u00een care corpul pacientului a fost modificat de medicamente, interven\u021bii chirurgicale sau boli, pot exista diferite intoleran\u021be la anumite alimente. Prin urmare, terapia de biofeedback cu ED.X \u0219i mai ales \u00een combina\u021bie cu aceast\u0103 aplica\u021bie, pentru a reduce sensibilitatea sau reactivitatea la intoleran\u021be specifice la alimente este ideal\u0103 pentru beneficii optime pentru s\u0103n\u0103tate.<\/strong><\/p>\n\n\n\n<p>Programul <strong>Dic\u021bionar de s\u00e2nge<\/strong> este <strong>GRATUIT<\/strong> la achizi\u021bionarea unui dispozitiv <strong>NUCLEUS<\/strong> \u0219i poate fi achizi\u021bionat cu <strong>1.000 Euro<\/strong> pentru <strong>ED.X<\/strong>. Pentru achizi\u021bionarea acestui modul <a href=\"https:\/\/ro.quantum-medical.eu\/index.php\/contact\/\">contacta\u021bi-ne<\/a>.<\/p>\n\n<!--themify_builder_content-->\n<div id=\"themify_builder_content-1024\" data-postid=\"1024\" class=\"themify_builder_content themify_builder_content-1024 themify_builder tf_clear\">\n                    <div  data-lazy=\"1\" class=\"module_row themify_builder_row tb_4m3e264 tb_first tf_w\">\n                        <div class=\"row_inner col_align_top tb_col_count_1 tf_box tf_rel\">\n                        <div  data-lazy=\"1\" class=\"module_column tb-column col-full tb_iic1266 first\">\n                    <!-- module buttons -->\n<div  class=\"module module-buttons tb_3c2k267 buttons-horizontal solid  circle buttons-fullwidth hover-wow wow\" data-tf-animation_hover=\"pulse\" data-tf-animation=\"bounce\" data-tf-animation_delay=\"1\" data-lazy=\"1\">\n        <div class=\"module-buttons-item tf_in_flx\">\n                        <a href=\"https:\/\/ro.quantum-medical.eu\/index.php\/contact\/\" class=\"ui builder_button tf_in_flx black\" >\n                                                CUMP\u0102R\u0102 ACUM                                        <\/a>\n                <\/div>\n            <\/div>\n<!-- \/module buttons -->\n        <\/div>\n                        <\/div>\n        <\/div>\n        <\/div>\n<!--\/themify_builder_content--><!-- AddThis Advanced Settings generic via filter on the_content --><!-- AddThis Share Buttons generic via filter on the_content -->","protected":false},"excerpt":{"rendered":"<p>Pentru ce se utilizeaz\u0103 Dic\u021bionar de s\u00e2nge? Ar putea ajuta o anumit\u0103 diet\u0103 pe baza grupului sanguin &#8212; O, A, B, sau AB pentru pierdere \u00een greutate \u0219i s\u0103n\u0103tate? Aceasta este ideea dietei bazat\u0103 pe tipul sanguin, creeat de naturopatul Peter J. D&#8217;Adamo.&nbsp; Conform acestei diete, alimentele pe care le consumi reactioneaza chimic cu grupa [&hellip;]<!-- AddThis Advanced Settings generic via filter on get_the_excerpt --><!-- AddThis Share Buttons generic via filter on get_the_excerpt --><\/p>\n","protected":false},"author":1,"featured_media":1025,"parent":38,"menu_order":70,"comment_status":"closed","ping_status":"closed","template":"","meta":{"inline_featured_image":false,"footnotes":""},"class_list":["post-1024","page","type-page","status-publish","has-post-thumbnail","hentry","has-post-title","has-post-date","has-post-category","has-post-tag","has-post-comment","has-post-author",""],"yoast_head":"<!-- This site is optimized with the Yoast SEO plugin v27.4 - https:\/\/yoast.com\/product\/yoast-seo-wordpress\/ -->\n<title>DIC\u021aIONAR DE S\u00c2NGE &#8212; programs for our devices Quantum Medical<\/title>\n<meta name=\"description\" content=\"Could eating a diet based on your blood type -- O, A, B, or AB -- help you get healthier? Our Blood Dictionary will help YOU!\" \/>\n<meta name=\"robots\" content=\"index, follow, max-snippet:-1, max-image-preview:large, max-video-preview:-1\" \/>\n<link rel=\"canonical\" href=\"https:\/\/ro.quantum-medical.eu\/index.php\/programs-for-the-eductor1-and-nucleus-devices\/blood-dictionary\/\" \/>\n<meta property=\"og:locale\" content=\"en_US\" \/>\n<meta property=\"og:type\" content=\"article\" \/>\n<meta property=\"og:title\" content=\"DIC\u021aIONAR DE S\u00c2NGE &#8212; programs for our devices Quantum Medical\" \/>\n<meta property=\"og:description\" content=\"Could eating a diet based on your blood type -- O, A, B, or AB -- help you get healthier? Our Blood Dictionary will help YOU!\" \/>\n<meta property=\"og:url\" content=\"https:\/\/ro.quantum-medical.eu\/index.php\/programs-for-the-eductor1-and-nucleus-devices\/blood-dictionary\/\" \/>\n<meta property=\"og:site_name\" content=\"Quantum Medical\" \/>\n<meta property=\"article:publisher\" content=\"https:\/\/www.facebook.com\/QuantumMedEU\" \/>\n<meta property=\"article:modified_time\" content=\"2022-10-07T09:07:16+00:00\" \/>\n<meta property=\"og:image\" content=\"https:\/\/ro.quantum-medical.eu\/wp-content\/uploads\/2021\/03\/image-1.png\" \/>\n\t<meta property=\"og:image:width\" content=\"946\" \/>\n\t<meta property=\"og:image:height\" content=\"761\" \/>\n\t<meta property=\"og:image:type\" content=\"image\/png\" \/>\n<meta name=\"twitter:card\" content=\"summary_large_image\" \/>\n<meta name=\"twitter:site\" content=\"@QuantumMedEU\" \/>\n<meta name=\"twitter:label1\" content=\"Est. reading time\" \/>\n\t<meta name=\"twitter:data1\" content=\"4 minutes\" \/>\n<script type=\"application\/ld+json\" class=\"yoast-schema-graph\">{\"@context\":\"https:\\\/\\\/schema.org\",\"@graph\":[{\"@type\":\"WebPage\",\"@id\":\"https:\\\/\\\/ro.quantum-medical.eu\\\/index.php\\\/programs-for-the-eductor1-and-nucleus-devices\\\/blood-dictionary\\\/\",\"url\":\"https:\\\/\\\/ro.quantum-medical.eu\\\/index.php\\\/programs-for-the-eductor1-and-nucleus-devices\\\/blood-dictionary\\\/\",\"name\":\"DIC\u021aIONAR DE S\u00c2NGE &#8212; programs for our devices Quantum Medical\",\"isPartOf\":{\"@id\":\"https:\\\/\\\/ro.quantum-medical.eu\\\/#website\"},\"primaryImageOfPage\":{\"@id\":\"https:\\\/\\\/ro.quantum-medical.eu\\\/index.php\\\/programs-for-the-eductor1-and-nucleus-devices\\\/blood-dictionary\\\/#primaryimage\"},\"image\":{\"@id\":\"https:\\\/\\\/ro.quantum-medical.eu\\\/index.php\\\/programs-for-the-eductor1-and-nucleus-devices\\\/blood-dictionary\\\/#primaryimage\"},\"thumbnailUrl\":\"https:\\\/\\\/ro.quantum-medical.eu\\\/wp-content\\\/uploads\\\/2021\\\/03\\\/image-1.png\",\"datePublished\":\"2021-03-22T11:35:47+00:00\",\"dateModified\":\"2022-10-07T09:07:16+00:00\",\"description\":\"Could eating a diet based on your blood type -- O, A, B, or AB -- help you get healthier? Our Blood Dictionary will help YOU!\",\"breadcrumb\":{\"@id\":\"https:\\\/\\\/ro.quantum-medical.eu\\\/index.php\\\/programs-for-the-eductor1-and-nucleus-devices\\\/blood-dictionary\\\/#breadcrumb\"},\"inLanguage\":\"en-US\",\"potentialAction\":[{\"@type\":\"ReadAction\",\"target\":[\"https:\\\/\\\/ro.quantum-medical.eu\\\/index.php\\\/programs-for-the-eductor1-and-nucleus-devices\\\/blood-dictionary\\\/\"]}]},{\"@type\":\"ImageObject\",\"inLanguage\":\"en-US\",\"@id\":\"https:\\\/\\\/ro.quantum-medical.eu\\\/index.php\\\/programs-for-the-eductor1-and-nucleus-devices\\\/blood-dictionary\\\/#primaryimage\",\"url\":\"https:\\\/\\\/ro.quantum-medical.eu\\\/wp-content\\\/uploads\\\/2021\\\/03\\\/image-1.png\",\"contentUrl\":\"https:\\\/\\\/ro.quantum-medical.eu\\\/wp-content\\\/uploads\\\/2021\\\/03\\\/image-1.png\",\"width\":946,\"height\":761,\"caption\":\"Blood dictionary\"},{\"@type\":\"BreadcrumbList\",\"@id\":\"https:\\\/\\\/ro.quantum-medical.eu\\\/index.php\\\/programs-for-the-eductor1-and-nucleus-devices\\\/blood-dictionary\\\/#breadcrumb\",\"itemListElement\":[{\"@type\":\"ListItem\",\"position\":1,\"name\":\"Home\",\"item\":\"https:\\\/\\\/ro.quantum-medical.eu\\\/\"},{\"@type\":\"ListItem\",\"position\":2,\"name\":\"Programs\",\"item\":\"https:\\\/\\\/ro.quantum-medical.eu\\\/index.php\\\/programs-for-the-eductor1-and-nucleus-devices\\\/\"},{\"@type\":\"ListItem\",\"position\":3,\"name\":\"DIC\u021aIONAR DE S\u00c2NGE\"}]},{\"@type\":\"WebSite\",\"@id\":\"https:\\\/\\\/ro.quantum-medical.eu\\\/#website\",\"url\":\"https:\\\/\\\/ro.quantum-medical.eu\\\/\",\"name\":\"Quantum Medical\",\"description\":\"\",\"publisher\":{\"@id\":\"https:\\\/\\\/ro.quantum-medical.eu\\\/#organization\"},\"potentialAction\":[{\"@type\":\"SearchAction\",\"target\":{\"@type\":\"EntryPoint\",\"urlTemplate\":\"https:\\\/\\\/ro.quantum-medical.eu\\\/?s={search_term_string}\"},\"query-input\":{\"@type\":\"PropertyValueSpecification\",\"valueRequired\":true,\"valueName\":\"search_term_string\"}}],\"inLanguage\":\"en-US\"},{\"@type\":\"Organization\",\"@id\":\"https:\\\/\\\/ro.quantum-medical.eu\\\/#organization\",\"name\":\"Quantum Medical SRL\",\"url\":\"https:\\\/\\\/ro.quantum-medical.eu\\\/\",\"logo\":{\"@type\":\"ImageObject\",\"inLanguage\":\"en-US\",\"@id\":\"https:\\\/\\\/ro.quantum-medical.eu\\\/#\\\/schema\\\/logo\\\/image\\\/\",\"url\":\"https:\\\/\\\/ro.quantum-medical.eu\\\/wp-content\\\/uploads\\\/2021\\\/05\\\/Quantum-Medical-logo-1.svg\",\"contentUrl\":\"https:\\\/\\\/ro.quantum-medical.eu\\\/wp-content\\\/uploads\\\/2021\\\/05\\\/Quantum-Medical-logo-1.svg\",\"width\":1,\"height\":1,\"caption\":\"Quantum Medical SRL\"},\"image\":{\"@id\":\"https:\\\/\\\/ro.quantum-medical.eu\\\/#\\\/schema\\\/logo\\\/image\\\/\"},\"sameAs\":[\"https:\\\/\\\/www.facebook.com\\\/QuantumMedEU\",\"https:\\\/\\\/x.com\\\/QuantumMedEU\",\"https:\\\/\\\/www.youtube.com\\\/channel\\\/UCZTJzN8-w3F6DHAt2jh67oA\",\"https:\\\/\\\/www.instagram.com\\\/quantum_medical\\\/\"]}]}<\/script>\n<!-- \/ Yoast SEO plugin. -->","yoast_head_json":{"title":"DIC\u021aIONAR DE S\u00c2NGE &#8212; programs for our devices Quantum Medical","description":"Could eating a diet based on your blood type -- O, A, B, or AB -- help you get healthier? Our Blood Dictionary will help YOU!","robots":{"index":"index","follow":"follow","max-snippet":"max-snippet:-1","max-image-preview":"max-image-preview:large","max-video-preview":"max-video-preview:-1"},"canonical":"https:\/\/ro.quantum-medical.eu\/index.php\/programs-for-the-eductor1-and-nucleus-devices\/blood-dictionary\/","og_locale":"en_US","og_type":"article","og_title":"DIC\u021aIONAR DE S\u00c2NGE &#8212; programs for our devices Quantum Medical","og_description":"Could eating a diet based on your blood type -- O, A, B, or AB -- help you get healthier? Our Blood Dictionary will help YOU!","og_url":"https:\/\/ro.quantum-medical.eu\/index.php\/programs-for-the-eductor1-and-nucleus-devices\/blood-dictionary\/","og_site_name":"Quantum Medical","article_publisher":"https:\/\/www.facebook.com\/QuantumMedEU","article_modified_time":"2022-10-07T09:07:16+00:00","og_image":[{"width":946,"height":761,"url":"https:\/\/ro.quantum-medical.eu\/wp-content\/uploads\/2021\/03\/image-1.png","type":"image\/png"}],"twitter_card":"summary_large_image","twitter_site":"@QuantumMedEU","twitter_misc":{"Est. reading time":"4 minutes"},"schema":{"@context":"https:\/\/schema.org","@graph":[{"@type":"WebPage","@id":"https:\/\/ro.quantum-medical.eu\/index.php\/programs-for-the-eductor1-and-nucleus-devices\/blood-dictionary\/","url":"https:\/\/ro.quantum-medical.eu\/index.php\/programs-for-the-eductor1-and-nucleus-devices\/blood-dictionary\/","name":"DIC\u021aIONAR DE S\u00c2NGE &#8212; programs for our devices Quantum Medical","isPartOf":{"@id":"https:\/\/ro.quantum-medical.eu\/#website"},"primaryImageOfPage":{"@id":"https:\/\/ro.quantum-medical.eu\/index.php\/programs-for-the-eductor1-and-nucleus-devices\/blood-dictionary\/#primaryimage"},"image":{"@id":"https:\/\/ro.quantum-medical.eu\/index.php\/programs-for-the-eductor1-and-nucleus-devices\/blood-dictionary\/#primaryimage"},"thumbnailUrl":"https:\/\/ro.quantum-medical.eu\/wp-content\/uploads\/2021\/03\/image-1.png","datePublished":"2021-03-22T11:35:47+00:00","dateModified":"2022-10-07T09:07:16+00:00","description":"Could eating a diet based on your blood type -- O, A, B, or AB -- help you get healthier? Our Blood Dictionary will help YOU!","breadcrumb":{"@id":"https:\/\/ro.quantum-medical.eu\/index.php\/programs-for-the-eductor1-and-nucleus-devices\/blood-dictionary\/#breadcrumb"},"inLanguage":"en-US","potentialAction":[{"@type":"ReadAction","target":["https:\/\/ro.quantum-medical.eu\/index.php\/programs-for-the-eductor1-and-nucleus-devices\/blood-dictionary\/"]}]},{"@type":"ImageObject","inLanguage":"en-US","@id":"https:\/\/ro.quantum-medical.eu\/index.php\/programs-for-the-eductor1-and-nucleus-devices\/blood-dictionary\/#primaryimage","url":"https:\/\/ro.quantum-medical.eu\/wp-content\/uploads\/2021\/03\/image-1.png","contentUrl":"https:\/\/ro.quantum-medical.eu\/wp-content\/uploads\/2021\/03\/image-1.png","width":946,"height":761,"caption":"Blood dictionary"},{"@type":"BreadcrumbList","@id":"https:\/\/ro.quantum-medical.eu\/index.php\/programs-for-the-eductor1-and-nucleus-devices\/blood-dictionary\/#breadcrumb","itemListElement":[{"@type":"ListItem","position":1,"name":"Home","item":"https:\/\/ro.quantum-medical.eu\/"},{"@type":"ListItem","position":2,"name":"Programs","item":"https:\/\/ro.quantum-medical.eu\/index.php\/programs-for-the-eductor1-and-nucleus-devices\/"},{"@type":"ListItem","position":3,"name":"DIC\u021aIONAR DE S\u00c2NGE"}]},{"@type":"WebSite","@id":"https:\/\/ro.quantum-medical.eu\/#website","url":"https:\/\/ro.quantum-medical.eu\/","name":"Quantum Medical","description":"","publisher":{"@id":"https:\/\/ro.quantum-medical.eu\/#organization"},"potentialAction":[{"@type":"SearchAction","target":{"@type":"EntryPoint","urlTemplate":"https:\/\/ro.quantum-medical.eu\/?s={search_term_string}"},"query-input":{"@type":"PropertyValueSpecification","valueRequired":true,"valueName":"search_term_string"}}],"inLanguage":"en-US"},{"@type":"Organization","@id":"https:\/\/ro.quantum-medical.eu\/#organization","name":"Quantum Medical SRL","url":"https:\/\/ro.quantum-medical.eu\/","logo":{"@type":"ImageObject","inLanguage":"en-US","@id":"https:\/\/ro.quantum-medical.eu\/#\/schema\/logo\/image\/","url":"https:\/\/ro.quantum-medical.eu\/wp-content\/uploads\/2021\/05\/Quantum-Medical-logo-1.svg","contentUrl":"https:\/\/ro.quantum-medical.eu\/wp-content\/uploads\/2021\/05\/Quantum-Medical-logo-1.svg","width":1,"height":1,"caption":"Quantum Medical SRL"},"image":{"@id":"https:\/\/ro.quantum-medical.eu\/#\/schema\/logo\/image\/"},"sameAs":["https:\/\/www.facebook.com\/QuantumMedEU","https:\/\/x.com\/QuantumMedEU","https:\/\/www.youtube.com\/channel\/UCZTJzN8-w3F6DHAt2jh67oA","https:\/\/www.instagram.com\/quantum_medical\/"]}]}},"builder_content":"<a href=\"https:\/\/ro.quantum-medical.eu\/index.php\/contact\/\" > CUMP\u0102R\u0102 ACUM <\/a>","_links":{"self":[{"href":"https:\/\/ro.quantum-medical.eu\/index.php\/wp-json\/wp\/v2\/pages\/1024","targetHints":{"allow":["GET"]}}],"collection":[{"href":"https:\/\/ro.quantum-medical.eu\/index.php\/wp-json\/wp\/v2\/pages"}],"about":[{"href":"https:\/\/ro.quantum-medical.eu\/index.php\/wp-json\/wp\/v2\/types\/page"}],"author":[{"embeddable":true,"href":"https:\/\/ro.quantum-medical.eu\/index.php\/wp-json\/wp\/v2\/users\/1"}],"replies":[{"embeddable":true,"href":"https:\/\/ro.quantum-medical.eu\/index.php\/wp-json\/wp\/v2\/comments?post=1024"}],"version-history":[{"count":23,"href":"https:\/\/ro.quantum-medical.eu\/index.php\/wp-json\/wp\/v2\/pages\/1024\/revisions"}],"predecessor-version":[{"id":3328,"href":"https:\/\/ro.quantum-medical.eu\/index.php\/wp-json\/wp\/v2\/pages\/1024\/revisions\/3328"}],"up":[{"embeddable":true,"href":"https:\/\/ro.quantum-medical.eu\/index.php\/wp-json\/wp\/v2\/pages\/38"}],"wp:featuredmedia":[{"embeddable":true,"href":"https:\/\/ro.quantum-medical.eu\/index.php\/wp-json\/wp\/v2\/media\/1025"}],"wp:attachment":[{"href":"https:\/\/ro.quantum-medical.eu\/index.php\/wp-json\/wp\/v2\/media?parent=1024"}],"curies":[{"name":"wp","href":"https:\/\/api.w.org\/{rel}","templated":true}]}}