{"id":1041,"date":"2021-03-22T11:52:21","date_gmt":"2021-03-22T11:52:21","guid":{"rendered":"https:\/\/ro.quantum-medical.eu\/?page_id=1041"},"modified":"2022-09-27T07:09:04","modified_gmt":"2022-09-27T07:09:04","slug":"corona-virus-immunization","status":"publish","type":"page","link":"https:\/\/ro.quantum-medical.eu\/index.php\/programs-for-the-eductor1-and-nucleus-devices\/corona-virus-immunization\/","title":{"rendered":"IMUNIZARE CORONA VIRUS"},"content":{"rendered":"<p>Noua imunizare CORONA VIRUS v\u0103 va ajuta s\u0103 v\u0103 spori\u021bi \u0219i s\u0103 v\u0103 stimula\u021bi sistemul imunitar cu noul stimulator imunitar special, de la Quantum Medical.<\/p>\n\n\n\n<p>Sistemul imunitar este esen\u021bial pentru supravie\u021buirea noastr\u0103. F\u0103r\u0103 un sistem imunitar care func\u021bioneaz\u0103 corespunz\u0103tor, corpurile noastre ar putea fi atacate de bacterii, viru\u0219i, parazi\u021bi \u0219i multe altele. Cu SARS-CoV-2, COVID19 \u0219i at\u00e2t de mul\u021bi al\u021bi viru\u0219i periculo\u0219i care provoac\u0103 o pandemie, depinde de sistemul nostru imunitar care ne men\u021bine s\u0103n\u0103to\u0219i \u0219i proteja\u021bi \u00een timp ce \u00eent\u00e2lnim o mare de agen\u021bi patogeni.<\/p>\n\n\n\n<p>NOUL stimulator imunitar func\u021bioneaz\u0103 \u00een special pentru a armoniza corpul \u00een timp ce stimuleaz\u0103 sistemul imunitar \u00een stadiul de alert\u0103, pentru a reduce sensibilitatea la virus sau la un alt agent patogen.<\/p>\n\n\n\n<p>Programul <strong>Corona Virus Immunization<\/strong> este <strong>GRATUIT<\/strong> la achizi\u021bionarea unui dispozitiv <strong>NUCLEUS<\/strong> \u0219i poate fi achizi\u021bionat cu <strong>2000 euro<\/strong> pentru <strong>ED.X<\/strong>. Pentru achizi\u021bionarea acestui modul <a href=\"https:\/\/ro.quantum-medical.eu\/index.php\/contact\/\">contacta\u021bi-ne<\/a>.<\/p>\n\n<!--themify_builder_content-->\n<div id=\"themify_builder_content-1041\" data-postid=\"1041\" class=\"themify_builder_content themify_builder_content-1041 themify_builder tf_clear\">\n                    <div  data-lazy=\"1\" class=\"module_row themify_builder_row tb_c33v393 tb_first tf_w\">\n                        <div class=\"row_inner col_align_top tb_col_count_1 tf_box tf_rel\">\n                        <div  data-lazy=\"1\" class=\"module_column tb-column col-full tb_vl59394 first\">\n                    <!-- module buttons -->\n<div  class=\"module module-buttons tb_0ytu394 buttons-horizontal solid  circle buttons-fullwidth hover-wow wow\" data-tf-animation_hover=\"pulse\" data-tf-animation=\"bounce\" data-tf-animation_delay=\"1\" data-lazy=\"1\">\n        <div class=\"module-buttons-item tf_in_flx\">\n                        <a href=\"https:\/\/ro.quantum-medical.eu\/index.php\/contact\/\" class=\"ui builder_button tf_in_flx black\" >\n                                                CUMP\u0102R\u0102 ACUM                                        <\/a>\n                <\/div>\n            <\/div>\n<!-- \/module buttons -->\n        <\/div>\n                        <\/div>\n        <\/div>\n        <\/div>\n<!--\/themify_builder_content--><!-- AddThis Advanced Settings generic via filter on the_content --><!-- AddThis Share Buttons generic via filter on the_content -->","protected":false},"excerpt":{"rendered":"<p>Noua imunizare CORONA VIRUS v\u0103 va ajuta s\u0103 v\u0103 spori\u021bi \u0219i s\u0103 v\u0103 stimula\u021bi sistemul imunitar cu noul stimulator imunitar special, de la Quantum Medical. Sistemul imunitar este esen\u021bial pentru supravie\u021buirea noastr\u0103. F\u0103r\u0103 un sistem imunitar care func\u021bioneaz\u0103 corespunz\u0103tor, corpurile noastre ar putea fi atacate de bacterii, viru\u0219i, parazi\u021bi \u0219i multe altele. Cu SARS-CoV-2, COVID19 [&hellip;]<!-- AddThis Advanced Settings generic via filter on get_the_excerpt --><!-- AddThis Share Buttons generic via filter on get_the_excerpt --><\/p>\n","protected":false},"author":1,"featured_media":1050,"parent":38,"menu_order":60,"comment_status":"closed","ping_status":"closed","template":"","meta":{"inline_featured_image":false,"footnotes":""},"class_list":["post-1041","page","type-page","status-publish","has-post-thumbnail","hentry","has-post-title","has-post-date","has-post-category","has-post-tag","has-post-comment","has-post-author",""],"yoast_head":"<!-- This site is optimized with the Yoast SEO plugin v27.4 - https:\/\/yoast.com\/product\/yoast-seo-wordpress\/ -->\n<title>IMUNIZARE CORONA VIRUS &#8212; subprograms Quantum Medical<\/title>\n<meta name=\"description\" content=\"Super boosting and stimulating the immune system with the special new immune booster with our CORONA VIRUS IMMUNIZATION program.\" \/>\n<meta name=\"robots\" content=\"index, follow, max-snippet:-1, max-image-preview:large, max-video-preview:-1\" \/>\n<link rel=\"canonical\" href=\"https:\/\/ro.quantum-medical.eu\/index.php\/programs-for-the-eductor1-and-nucleus-devices\/corona-virus-immunization\/\" \/>\n<meta property=\"og:locale\" content=\"en_US\" \/>\n<meta property=\"og:type\" content=\"article\" \/>\n<meta property=\"og:title\" content=\"IMUNIZARE CORONA VIRUS &#8212; subprograms Quantum Medical\" \/>\n<meta property=\"og:description\" content=\"Super boosting and stimulating the immune system with the special new immune booster with our CORONA VIRUS IMMUNIZATION program.\" \/>\n<meta property=\"og:url\" content=\"https:\/\/ro.quantum-medical.eu\/index.php\/programs-for-the-eductor1-and-nucleus-devices\/corona-virus-immunization\/\" \/>\n<meta property=\"og:site_name\" content=\"Quantum Medical\" \/>\n<meta property=\"article:publisher\" content=\"https:\/\/www.facebook.com\/QuantumMedEU\" \/>\n<meta property=\"article:modified_time\" content=\"2022-09-27T07:09:04+00:00\" \/>\n<meta property=\"og:image\" content=\"https:\/\/ro.quantum-medical.eu\/wp-content\/uploads\/2021\/03\/image-4.png\" \/>\n\t<meta property=\"og:image:width\" content=\"1266\" \/>\n\t<meta property=\"og:image:height\" content=\"693\" \/>\n\t<meta property=\"og:image:type\" content=\"image\/png\" \/>\n<meta name=\"twitter:card\" content=\"summary_large_image\" \/>\n<meta name=\"twitter:site\" content=\"@QuantumMedEU\" \/>\n<meta name=\"twitter:label1\" content=\"Est. reading time\" \/>\n\t<meta name=\"twitter:data1\" content=\"1 minute\" \/>\n<script type=\"application\/ld+json\" class=\"yoast-schema-graph\">{\"@context\":\"https:\\\/\\\/schema.org\",\"@graph\":[{\"@type\":\"WebPage\",\"@id\":\"https:\\\/\\\/ro.quantum-medical.eu\\\/index.php\\\/programs-for-the-eductor1-and-nucleus-devices\\\/corona-virus-immunization\\\/\",\"url\":\"https:\\\/\\\/ro.quantum-medical.eu\\\/index.php\\\/programs-for-the-eductor1-and-nucleus-devices\\\/corona-virus-immunization\\\/\",\"name\":\"IMUNIZARE CORONA VIRUS &#8212; subprograms Quantum Medical\",\"isPartOf\":{\"@id\":\"https:\\\/\\\/ro.quantum-medical.eu\\\/#website\"},\"primaryImageOfPage\":{\"@id\":\"https:\\\/\\\/ro.quantum-medical.eu\\\/index.php\\\/programs-for-the-eductor1-and-nucleus-devices\\\/corona-virus-immunization\\\/#primaryimage\"},\"image\":{\"@id\":\"https:\\\/\\\/ro.quantum-medical.eu\\\/index.php\\\/programs-for-the-eductor1-and-nucleus-devices\\\/corona-virus-immunization\\\/#primaryimage\"},\"thumbnailUrl\":\"https:\\\/\\\/ro.quantum-medical.eu\\\/wp-content\\\/uploads\\\/2021\\\/03\\\/image-4.png\",\"datePublished\":\"2021-03-22T11:52:21+00:00\",\"dateModified\":\"2022-09-27T07:09:04+00:00\",\"description\":\"Super boosting and stimulating the immune system with the special new immune booster with our CORONA VIRUS IMMUNIZATION program.\",\"breadcrumb\":{\"@id\":\"https:\\\/\\\/ro.quantum-medical.eu\\\/index.php\\\/programs-for-the-eductor1-and-nucleus-devices\\\/corona-virus-immunization\\\/#breadcrumb\"},\"inLanguage\":\"en-US\",\"potentialAction\":[{\"@type\":\"ReadAction\",\"target\":[\"https:\\\/\\\/ro.quantum-medical.eu\\\/index.php\\\/programs-for-the-eductor1-and-nucleus-devices\\\/corona-virus-immunization\\\/\"]}]},{\"@type\":\"ImageObject\",\"inLanguage\":\"en-US\",\"@id\":\"https:\\\/\\\/ro.quantum-medical.eu\\\/index.php\\\/programs-for-the-eductor1-and-nucleus-devices\\\/corona-virus-immunization\\\/#primaryimage\",\"url\":\"https:\\\/\\\/ro.quantum-medical.eu\\\/wp-content\\\/uploads\\\/2021\\\/03\\\/image-4.png\",\"contentUrl\":\"https:\\\/\\\/ro.quantum-medical.eu\\\/wp-content\\\/uploads\\\/2021\\\/03\\\/image-4.png\",\"width\":1266,\"height\":693,\"caption\":\"Coronavirus Immunization\"},{\"@type\":\"BreadcrumbList\",\"@id\":\"https:\\\/\\\/ro.quantum-medical.eu\\\/index.php\\\/programs-for-the-eductor1-and-nucleus-devices\\\/corona-virus-immunization\\\/#breadcrumb\",\"itemListElement\":[{\"@type\":\"ListItem\",\"position\":1,\"name\":\"Home\",\"item\":\"https:\\\/\\\/ro.quantum-medical.eu\\\/\"},{\"@type\":\"ListItem\",\"position\":2,\"name\":\"Programs\",\"item\":\"https:\\\/\\\/ro.quantum-medical.eu\\\/index.php\\\/programs-for-the-eductor1-and-nucleus-devices\\\/\"},{\"@type\":\"ListItem\",\"position\":3,\"name\":\"IMUNIZARE CORONA VIRUS\"}]},{\"@type\":\"WebSite\",\"@id\":\"https:\\\/\\\/ro.quantum-medical.eu\\\/#website\",\"url\":\"https:\\\/\\\/ro.quantum-medical.eu\\\/\",\"name\":\"Quantum Medical\",\"description\":\"\",\"publisher\":{\"@id\":\"https:\\\/\\\/ro.quantum-medical.eu\\\/#organization\"},\"potentialAction\":[{\"@type\":\"SearchAction\",\"target\":{\"@type\":\"EntryPoint\",\"urlTemplate\":\"https:\\\/\\\/ro.quantum-medical.eu\\\/?s={search_term_string}\"},\"query-input\":{\"@type\":\"PropertyValueSpecification\",\"valueRequired\":true,\"valueName\":\"search_term_string\"}}],\"inLanguage\":\"en-US\"},{\"@type\":\"Organization\",\"@id\":\"https:\\\/\\\/ro.quantum-medical.eu\\\/#organization\",\"name\":\"Quantum Medical SRL\",\"url\":\"https:\\\/\\\/ro.quantum-medical.eu\\\/\",\"logo\":{\"@type\":\"ImageObject\",\"inLanguage\":\"en-US\",\"@id\":\"https:\\\/\\\/ro.quantum-medical.eu\\\/#\\\/schema\\\/logo\\\/image\\\/\",\"url\":\"https:\\\/\\\/ro.quantum-medical.eu\\\/wp-content\\\/uploads\\\/2021\\\/05\\\/Quantum-Medical-logo-1.svg\",\"contentUrl\":\"https:\\\/\\\/ro.quantum-medical.eu\\\/wp-content\\\/uploads\\\/2021\\\/05\\\/Quantum-Medical-logo-1.svg\",\"width\":1,\"height\":1,\"caption\":\"Quantum Medical SRL\"},\"image\":{\"@id\":\"https:\\\/\\\/ro.quantum-medical.eu\\\/#\\\/schema\\\/logo\\\/image\\\/\"},\"sameAs\":[\"https:\\\/\\\/www.facebook.com\\\/QuantumMedEU\",\"https:\\\/\\\/x.com\\\/QuantumMedEU\",\"https:\\\/\\\/www.youtube.com\\\/channel\\\/UCZTJzN8-w3F6DHAt2jh67oA\",\"https:\\\/\\\/www.instagram.com\\\/quantum_medical\\\/\"]}]}<\/script>\n<!-- \/ Yoast SEO plugin. -->","yoast_head_json":{"title":"IMUNIZARE CORONA VIRUS &#8212; subprograms Quantum Medical","description":"Super boosting and stimulating the immune system with the special new immune booster with our CORONA VIRUS IMMUNIZATION program.","robots":{"index":"index","follow":"follow","max-snippet":"max-snippet:-1","max-image-preview":"max-image-preview:large","max-video-preview":"max-video-preview:-1"},"canonical":"https:\/\/ro.quantum-medical.eu\/index.php\/programs-for-the-eductor1-and-nucleus-devices\/corona-virus-immunization\/","og_locale":"en_US","og_type":"article","og_title":"IMUNIZARE CORONA VIRUS &#8212; subprograms Quantum Medical","og_description":"Super boosting and stimulating the immune system with the special new immune booster with our CORONA VIRUS IMMUNIZATION program.","og_url":"https:\/\/ro.quantum-medical.eu\/index.php\/programs-for-the-eductor1-and-nucleus-devices\/corona-virus-immunization\/","og_site_name":"Quantum Medical","article_publisher":"https:\/\/www.facebook.com\/QuantumMedEU","article_modified_time":"2022-09-27T07:09:04+00:00","og_image":[{"width":1266,"height":693,"url":"https:\/\/ro.quantum-medical.eu\/wp-content\/uploads\/2021\/03\/image-4.png","type":"image\/png"}],"twitter_card":"summary_large_image","twitter_site":"@QuantumMedEU","twitter_misc":{"Est. reading time":"1 minute"},"schema":{"@context":"https:\/\/schema.org","@graph":[{"@type":"WebPage","@id":"https:\/\/ro.quantum-medical.eu\/index.php\/programs-for-the-eductor1-and-nucleus-devices\/corona-virus-immunization\/","url":"https:\/\/ro.quantum-medical.eu\/index.php\/programs-for-the-eductor1-and-nucleus-devices\/corona-virus-immunization\/","name":"IMUNIZARE CORONA VIRUS &#8212; subprograms Quantum Medical","isPartOf":{"@id":"https:\/\/ro.quantum-medical.eu\/#website"},"primaryImageOfPage":{"@id":"https:\/\/ro.quantum-medical.eu\/index.php\/programs-for-the-eductor1-and-nucleus-devices\/corona-virus-immunization\/#primaryimage"},"image":{"@id":"https:\/\/ro.quantum-medical.eu\/index.php\/programs-for-the-eductor1-and-nucleus-devices\/corona-virus-immunization\/#primaryimage"},"thumbnailUrl":"https:\/\/ro.quantum-medical.eu\/wp-content\/uploads\/2021\/03\/image-4.png","datePublished":"2021-03-22T11:52:21+00:00","dateModified":"2022-09-27T07:09:04+00:00","description":"Super boosting and stimulating the immune system with the special new immune booster with our CORONA VIRUS IMMUNIZATION program.","breadcrumb":{"@id":"https:\/\/ro.quantum-medical.eu\/index.php\/programs-for-the-eductor1-and-nucleus-devices\/corona-virus-immunization\/#breadcrumb"},"inLanguage":"en-US","potentialAction":[{"@type":"ReadAction","target":["https:\/\/ro.quantum-medical.eu\/index.php\/programs-for-the-eductor1-and-nucleus-devices\/corona-virus-immunization\/"]}]},{"@type":"ImageObject","inLanguage":"en-US","@id":"https:\/\/ro.quantum-medical.eu\/index.php\/programs-for-the-eductor1-and-nucleus-devices\/corona-virus-immunization\/#primaryimage","url":"https:\/\/ro.quantum-medical.eu\/wp-content\/uploads\/2021\/03\/image-4.png","contentUrl":"https:\/\/ro.quantum-medical.eu\/wp-content\/uploads\/2021\/03\/image-4.png","width":1266,"height":693,"caption":"Coronavirus Immunization"},{"@type":"BreadcrumbList","@id":"https:\/\/ro.quantum-medical.eu\/index.php\/programs-for-the-eductor1-and-nucleus-devices\/corona-virus-immunization\/#breadcrumb","itemListElement":[{"@type":"ListItem","position":1,"name":"Home","item":"https:\/\/ro.quantum-medical.eu\/"},{"@type":"ListItem","position":2,"name":"Programs","item":"https:\/\/ro.quantum-medical.eu\/index.php\/programs-for-the-eductor1-and-nucleus-devices\/"},{"@type":"ListItem","position":3,"name":"IMUNIZARE CORONA VIRUS"}]},{"@type":"WebSite","@id":"https:\/\/ro.quantum-medical.eu\/#website","url":"https:\/\/ro.quantum-medical.eu\/","name":"Quantum Medical","description":"","publisher":{"@id":"https:\/\/ro.quantum-medical.eu\/#organization"},"potentialAction":[{"@type":"SearchAction","target":{"@type":"EntryPoint","urlTemplate":"https:\/\/ro.quantum-medical.eu\/?s={search_term_string}"},"query-input":{"@type":"PropertyValueSpecification","valueRequired":true,"valueName":"search_term_string"}}],"inLanguage":"en-US"},{"@type":"Organization","@id":"https:\/\/ro.quantum-medical.eu\/#organization","name":"Quantum Medical SRL","url":"https:\/\/ro.quantum-medical.eu\/","logo":{"@type":"ImageObject","inLanguage":"en-US","@id":"https:\/\/ro.quantum-medical.eu\/#\/schema\/logo\/image\/","url":"https:\/\/ro.quantum-medical.eu\/wp-content\/uploads\/2021\/05\/Quantum-Medical-logo-1.svg","contentUrl":"https:\/\/ro.quantum-medical.eu\/wp-content\/uploads\/2021\/05\/Quantum-Medical-logo-1.svg","width":1,"height":1,"caption":"Quantum Medical SRL"},"image":{"@id":"https:\/\/ro.quantum-medical.eu\/#\/schema\/logo\/image\/"},"sameAs":["https:\/\/www.facebook.com\/QuantumMedEU","https:\/\/x.com\/QuantumMedEU","https:\/\/www.youtube.com\/channel\/UCZTJzN8-w3F6DHAt2jh67oA","https:\/\/www.instagram.com\/quantum_medical\/"]}]}},"builder_content":"<a href=\"https:\/\/ro.quantum-medical.eu\/index.php\/contact\/\" > CUMP\u0102R\u0102 ACUM <\/a>","_links":{"self":[{"href":"https:\/\/ro.quantum-medical.eu\/index.php\/wp-json\/wp\/v2\/pages\/1041","targetHints":{"allow":["GET"]}}],"collection":[{"href":"https:\/\/ro.quantum-medical.eu\/index.php\/wp-json\/wp\/v2\/pages"}],"about":[{"href":"https:\/\/ro.quantum-medical.eu\/index.php\/wp-json\/wp\/v2\/types\/page"}],"author":[{"embeddable":true,"href":"https:\/\/ro.quantum-medical.eu\/index.php\/wp-json\/wp\/v2\/users\/1"}],"replies":[{"embeddable":true,"href":"https:\/\/ro.quantum-medical.eu\/index.php\/wp-json\/wp\/v2\/comments?post=1041"}],"version-history":[{"count":18,"href":"https:\/\/ro.quantum-medical.eu\/index.php\/wp-json\/wp\/v2\/pages\/1041\/revisions"}],"predecessor-version":[{"id":3181,"href":"https:\/\/ro.quantum-medical.eu\/index.php\/wp-json\/wp\/v2\/pages\/1041\/revisions\/3181"}],"up":[{"embeddable":true,"href":"https:\/\/ro.quantum-medical.eu\/index.php\/wp-json\/wp\/v2\/pages\/38"}],"wp:featuredmedia":[{"embeddable":true,"href":"https:\/\/ro.quantum-medical.eu\/index.php\/wp-json\/wp\/v2\/media\/1050"}],"wp:attachment":[{"href":"https:\/\/ro.quantum-medical.eu\/index.php\/wp-json\/wp\/v2\/media?parent=1041"}],"curies":[{"name":"wp","href":"https:\/\/api.w.org\/{rel}","templated":true}]}}