{"id":1043,"date":"2021-03-22T11:54:07","date_gmt":"2021-03-22T11:54:07","guid":{"rendered":"https:\/\/ro.quantum-medical.eu\/?page_id=1043"},"modified":"2022-10-07T08:59:29","modified_gmt":"2022-10-07T08:59:29","slug":"aphrodite","status":"publish","type":"page","link":"https:\/\/ro.quantum-medical.eu\/index.php\/programs-for-the-eductor1-and-nucleus-devices\/aphrodite\/","title":{"rendered":"APHRODITE &#038; APOLLON"},"content":{"rendered":"<h3 class=\"wp-block-heading\"><strong><a href=\"https:\/\/en.wikipedia.org\/wiki\/Aphrodite#:~:text=Aphrodite%20is%20an%20ancient%20Greek,doves%2C%20sparrows%2C%20and%20swans.\">APHRODITE<\/a><\/strong><\/h3>\n\n\n\n<p><strong>APHRODITE &amp; APOLLON<\/strong> sunt aplica\u021bii software u\u0219or de utilizat concentrat pe biochimia feminin\u0103 \u0219i respectiv masculin\u0103 pentru anti-\u00eemb\u0103tr\u00e2nire, revitalizare, performan\u021b\u0103 de v\u00e2rf \u0219i anti-stres.<\/p>\n\n\n\n<p>Este o unealt\u0103 fantastic\u0103 pentru folosire pe sine \u0219i pe pacien\u021bi, oferind cea mai \u00eenalt\u0103 dezvoltare tehnologic\u0103 cu o abordare non-invaziv\u0103 pentru s\u0103n\u0103tate \u0219i \u00eentinerire.&nbsp;<\/p>\n\n\n\n<p>Bio-revitalizarea, rejuvenarea, restituirea intern\u0103\/extern\u0103 se ob\u021bine din mai mul\u021bi factori, de la stil de via\u021b\u0103 la imunitate, genetic\u0103, s\u0103n\u0103tate emo\u021bional\u0103 p\u00e2n\u0103 la s\u0103n\u0103tate general\u0103.<\/p>\n\n\n\n<h3 class=\"wp-block-heading\"><strong><a href=\"https:\/\/en.wikipedia.org\/wiki\/Apollo\">APOLLON<\/a><\/strong><\/h3>\n\n\n\n<p id=\"block-fd360291-2287-4cfd-b6d1-96f76a299b02\">Apollon este o aplica\u021bie software u\u0219or de utilizat concentrat pe biochimia masculin\u0103 pentru anti-\u00eemb\u0103tr\u00e2nire, revitalizare, performan\u021b\u0103 de v\u00e2rf \u0219i anti-stres.&nbsp;<\/p>\n\n\n\n<p id=\"block-b0f35525-12d4-4864-b5d1-eccd59204ccf\">Este o unealt\u0103 fantastic\u0103 pentru folosire pe sine \u0219i pe pacien\u021bi, oferind cea mai \u00eenalt\u0103 dezvoltare tehnologic\u0103 cu o abordare non-invaziv\u0103 pentru s\u0103n\u0103tate \u0219i \u00eentinerire.&nbsp; &nbsp;<\/p>\n\n\n\n<p id=\"block-51d545cb-5241-4c8d-8c8f-bfa8646466d8\">Bio-revitalizarea, rejuvenarea, restituirea intern\u0103\/extern\u0103 se ob\u021bine din mai mul\u021bi factori, de la stil de via\u021b\u0103 la imunitate, genetic\u0103, s\u0103n\u0103tate emo\u021bional\u0103 p\u00e2n\u0103 la s\u0103n\u0103tate general\u0103.<\/p>\n\n\n\n<p><\/p>\n\n\n\n<p>Programul <strong>APHRODITE &amp; APOLLON<\/strong> este <strong>GRATUIT<\/strong> la achizi\u021bionarea unui dispozitiv <strong>NUCLEUS<\/strong> \u0219i poate fi achizi\u021bionat cu <strong>1500 euro<\/strong> pentru <strong>ED.X<\/strong>. V\u0103 rug\u0103m s\u0103 ne <a data-type=\"page\" data-id=\"1332\" href=\"https:\/\/ro.quantum-medical.eu\/index.php\/contact\/\">contacta\u021bi<\/a> pentru achizi\u021bionarea acestui modul.<\/p>\n\n<!--themify_builder_content-->\n<div id=\"themify_builder_content-1043\" data-postid=\"1043\" class=\"themify_builder_content themify_builder_content-1043 themify_builder tf_clear\">\n                    <div  data-lazy=\"1\" class=\"module_row themify_builder_row tb_rizc264 tb_first tf_w\">\n                        <div class=\"row_inner col_align_top tb_col_count_1 tf_box tf_rel\">\n                        <div  data-lazy=\"1\" class=\"module_column tb-column col-full tb_er5v266 first\">\n                    <!-- module buttons -->\n<div  class=\"module module-buttons tb_jwk1271 buttons-horizontal solid  circle buttons-fullwidth hover-wow wow\" data-tf-animation_hover=\"pulse\" data-tf-animation=\"bounce\" data-tf-animation_delay=\"1\" data-lazy=\"1\">\n        <div class=\"module-buttons-item tf_in_flx\">\n                        <a href=\"https:\/\/ro.quantum-medical.eu\/index.php\/contact\/\" class=\"ui builder_button tf_in_flx black\" >\n                                                CUMP\u0102R\u0102 ACUM                                        <\/a>\n                <\/div>\n            <\/div>\n<!-- \/module buttons -->\n        <\/div>\n                        <\/div>\n        <\/div>\n        <\/div>\n<!--\/themify_builder_content--><!-- AddThis Advanced Settings generic via filter on the_content --><!-- AddThis Share Buttons generic via filter on the_content -->","protected":false},"excerpt":{"rendered":"<p>APHRODITE APHRODITE &amp; APOLLON sunt aplica\u021bii software u\u0219or de utilizat concentrat pe biochimia feminin\u0103 \u0219i respectiv masculin\u0103 pentru anti-\u00eemb\u0103tr\u00e2nire, revitalizare, performan\u021b\u0103 de v\u00e2rf \u0219i anti-stres. Este o unealt\u0103 fantastic\u0103 pentru folosire pe sine \u0219i pe pacien\u021bi, oferind cea mai \u00eenalt\u0103 dezvoltare tehnologic\u0103 cu o abordare non-invaziv\u0103 pentru s\u0103n\u0103tate \u0219i \u00eentinerire.&nbsp; Bio-revitalizarea, rejuvenarea, restituirea intern\u0103\/extern\u0103 se [&hellip;]<!-- AddThis Advanced Settings generic via filter on get_the_excerpt --><!-- AddThis Share Buttons generic via filter on get_the_excerpt --><\/p>\n","protected":false},"author":1,"featured_media":1053,"parent":38,"menu_order":10,"comment_status":"closed","ping_status":"closed","template":"","meta":{"inline_featured_image":false,"footnotes":""},"class_list":["post-1043","page","type-page","status-publish","has-post-thumbnail","hentry","has-post-title","has-post-date","has-post-category","has-post-tag","has-post-comment","has-post-author",""],"yoast_head":"<!-- This site is optimized with the Yoast SEO plugin v27.4 - https:\/\/yoast.com\/product\/yoast-seo-wordpress\/ -->\n<title>APHRODITE &amp; APOLLON &#8212; programs for our devices Quantum Medical<\/title>\n<meta name=\"description\" content=\"The Aphrodite and the Apollon are automated and easy-to-use software application focused on the bio-chemistry of women and man.\" \/>\n<meta name=\"robots\" content=\"index, follow, max-snippet:-1, max-image-preview:large, max-video-preview:-1\" \/>\n<link rel=\"canonical\" href=\"https:\/\/ro.quantum-medical.eu\/index.php\/programs-for-the-eductor1-and-nucleus-devices\/aphrodite\/\" \/>\n<meta property=\"og:locale\" content=\"en_US\" \/>\n<meta property=\"og:type\" content=\"article\" \/>\n<meta property=\"og:title\" content=\"APHRODITE &amp; APOLLON &#8212; programs for our devices Quantum Medical\" \/>\n<meta property=\"og:description\" content=\"The Aphrodite and the Apollon are automated and easy-to-use software application focused on the bio-chemistry of women and man.\" \/>\n<meta property=\"og:url\" content=\"https:\/\/ro.quantum-medical.eu\/index.php\/programs-for-the-eductor1-and-nucleus-devices\/aphrodite\/\" \/>\n<meta property=\"og:site_name\" content=\"Quantum Medical\" \/>\n<meta property=\"article:publisher\" content=\"https:\/\/www.facebook.com\/QuantumMedEU\" \/>\n<meta property=\"article:modified_time\" content=\"2022-10-07T08:59:29+00:00\" \/>\n<meta property=\"og:image\" content=\"https:\/\/ro.quantum-medical.eu\/wp-content\/uploads\/2021\/03\/image-5-1024x604.png\" \/>\n\t<meta property=\"og:image:width\" content=\"1024\" \/>\n\t<meta property=\"og:image:height\" content=\"604\" \/>\n\t<meta property=\"og:image:type\" content=\"image\/png\" \/>\n<meta name=\"twitter:card\" content=\"summary_large_image\" \/>\n<meta name=\"twitter:site\" content=\"@QuantumMedEU\" \/>\n<meta name=\"twitter:label1\" content=\"Est. reading time\" \/>\n\t<meta name=\"twitter:data1\" content=\"1 minute\" \/>\n<script type=\"application\/ld+json\" class=\"yoast-schema-graph\">{\"@context\":\"https:\\\/\\\/schema.org\",\"@graph\":[{\"@type\":\"WebPage\",\"@id\":\"https:\\\/\\\/ro.quantum-medical.eu\\\/index.php\\\/programs-for-the-eductor1-and-nucleus-devices\\\/aphrodite\\\/\",\"url\":\"https:\\\/\\\/ro.quantum-medical.eu\\\/index.php\\\/programs-for-the-eductor1-and-nucleus-devices\\\/aphrodite\\\/\",\"name\":\"APHRODITE & APOLLON &#8212; programs for our devices Quantum Medical\",\"isPartOf\":{\"@id\":\"https:\\\/\\\/ro.quantum-medical.eu\\\/#website\"},\"primaryImageOfPage\":{\"@id\":\"https:\\\/\\\/ro.quantum-medical.eu\\\/index.php\\\/programs-for-the-eductor1-and-nucleus-devices\\\/aphrodite\\\/#primaryimage\"},\"image\":{\"@id\":\"https:\\\/\\\/ro.quantum-medical.eu\\\/index.php\\\/programs-for-the-eductor1-and-nucleus-devices\\\/aphrodite\\\/#primaryimage\"},\"thumbnailUrl\":\"https:\\\/\\\/ro.quantum-medical.eu\\\/wp-content\\\/uploads\\\/2021\\\/03\\\/image-5.png\",\"datePublished\":\"2021-03-22T11:54:07+00:00\",\"dateModified\":\"2022-10-07T08:59:29+00:00\",\"description\":\"The Aphrodite and the Apollon are automated and easy-to-use software application focused on the bio-chemistry of women and man.\",\"breadcrumb\":{\"@id\":\"https:\\\/\\\/ro.quantum-medical.eu\\\/index.php\\\/programs-for-the-eductor1-and-nucleus-devices\\\/aphrodite\\\/#breadcrumb\"},\"inLanguage\":\"en-US\",\"potentialAction\":[{\"@type\":\"ReadAction\",\"target\":[\"https:\\\/\\\/ro.quantum-medical.eu\\\/index.php\\\/programs-for-the-eductor1-and-nucleus-devices\\\/aphrodite\\\/\"]}]},{\"@type\":\"ImageObject\",\"inLanguage\":\"en-US\",\"@id\":\"https:\\\/\\\/ro.quantum-medical.eu\\\/index.php\\\/programs-for-the-eductor1-and-nucleus-devices\\\/aphrodite\\\/#primaryimage\",\"url\":\"https:\\\/\\\/ro.quantum-medical.eu\\\/wp-content\\\/uploads\\\/2021\\\/03\\\/image-5.png\",\"contentUrl\":\"https:\\\/\\\/ro.quantum-medical.eu\\\/wp-content\\\/uploads\\\/2021\\\/03\\\/image-5.png\",\"width\":1352,\"height\":798,\"caption\":\"Aphordite Apollon\"},{\"@type\":\"BreadcrumbList\",\"@id\":\"https:\\\/\\\/ro.quantum-medical.eu\\\/index.php\\\/programs-for-the-eductor1-and-nucleus-devices\\\/aphrodite\\\/#breadcrumb\",\"itemListElement\":[{\"@type\":\"ListItem\",\"position\":1,\"name\":\"Home\",\"item\":\"https:\\\/\\\/ro.quantum-medical.eu\\\/\"},{\"@type\":\"ListItem\",\"position\":2,\"name\":\"Programs\",\"item\":\"https:\\\/\\\/ro.quantum-medical.eu\\\/index.php\\\/programs-for-the-eductor1-and-nucleus-devices\\\/\"},{\"@type\":\"ListItem\",\"position\":3,\"name\":\"APHRODITE &#038; APOLLON\"}]},{\"@type\":\"WebSite\",\"@id\":\"https:\\\/\\\/ro.quantum-medical.eu\\\/#website\",\"url\":\"https:\\\/\\\/ro.quantum-medical.eu\\\/\",\"name\":\"Quantum Medical\",\"description\":\"\",\"publisher\":{\"@id\":\"https:\\\/\\\/ro.quantum-medical.eu\\\/#organization\"},\"potentialAction\":[{\"@type\":\"SearchAction\",\"target\":{\"@type\":\"EntryPoint\",\"urlTemplate\":\"https:\\\/\\\/ro.quantum-medical.eu\\\/?s={search_term_string}\"},\"query-input\":{\"@type\":\"PropertyValueSpecification\",\"valueRequired\":true,\"valueName\":\"search_term_string\"}}],\"inLanguage\":\"en-US\"},{\"@type\":\"Organization\",\"@id\":\"https:\\\/\\\/ro.quantum-medical.eu\\\/#organization\",\"name\":\"Quantum Medical SRL\",\"url\":\"https:\\\/\\\/ro.quantum-medical.eu\\\/\",\"logo\":{\"@type\":\"ImageObject\",\"inLanguage\":\"en-US\",\"@id\":\"https:\\\/\\\/ro.quantum-medical.eu\\\/#\\\/schema\\\/logo\\\/image\\\/\",\"url\":\"https:\\\/\\\/ro.quantum-medical.eu\\\/wp-content\\\/uploads\\\/2021\\\/05\\\/Quantum-Medical-logo-1.svg\",\"contentUrl\":\"https:\\\/\\\/ro.quantum-medical.eu\\\/wp-content\\\/uploads\\\/2021\\\/05\\\/Quantum-Medical-logo-1.svg\",\"width\":1,\"height\":1,\"caption\":\"Quantum Medical SRL\"},\"image\":{\"@id\":\"https:\\\/\\\/ro.quantum-medical.eu\\\/#\\\/schema\\\/logo\\\/image\\\/\"},\"sameAs\":[\"https:\\\/\\\/www.facebook.com\\\/QuantumMedEU\",\"https:\\\/\\\/x.com\\\/QuantumMedEU\",\"https:\\\/\\\/www.youtube.com\\\/channel\\\/UCZTJzN8-w3F6DHAt2jh67oA\",\"https:\\\/\\\/www.instagram.com\\\/quantum_medical\\\/\"]}]}<\/script>\n<!-- \/ Yoast SEO plugin. -->","yoast_head_json":{"title":"APHRODITE & APOLLON &#8212; programs for our devices Quantum Medical","description":"The Aphrodite and the Apollon are automated and easy-to-use software application focused on the bio-chemistry of women and man.","robots":{"index":"index","follow":"follow","max-snippet":"max-snippet:-1","max-image-preview":"max-image-preview:large","max-video-preview":"max-video-preview:-1"},"canonical":"https:\/\/ro.quantum-medical.eu\/index.php\/programs-for-the-eductor1-and-nucleus-devices\/aphrodite\/","og_locale":"en_US","og_type":"article","og_title":"APHRODITE & APOLLON &#8212; programs for our devices Quantum Medical","og_description":"The Aphrodite and the Apollon are automated and easy-to-use software application focused on the bio-chemistry of women and man.","og_url":"https:\/\/ro.quantum-medical.eu\/index.php\/programs-for-the-eductor1-and-nucleus-devices\/aphrodite\/","og_site_name":"Quantum Medical","article_publisher":"https:\/\/www.facebook.com\/QuantumMedEU","article_modified_time":"2022-10-07T08:59:29+00:00","og_image":[{"width":1024,"height":604,"url":"https:\/\/ro.quantum-medical.eu\/wp-content\/uploads\/2021\/03\/image-5-1024x604.png","type":"image\/png"}],"twitter_card":"summary_large_image","twitter_site":"@QuantumMedEU","twitter_misc":{"Est. reading time":"1 minute"},"schema":{"@context":"https:\/\/schema.org","@graph":[{"@type":"WebPage","@id":"https:\/\/ro.quantum-medical.eu\/index.php\/programs-for-the-eductor1-and-nucleus-devices\/aphrodite\/","url":"https:\/\/ro.quantum-medical.eu\/index.php\/programs-for-the-eductor1-and-nucleus-devices\/aphrodite\/","name":"APHRODITE & APOLLON &#8212; programs for our devices Quantum Medical","isPartOf":{"@id":"https:\/\/ro.quantum-medical.eu\/#website"},"primaryImageOfPage":{"@id":"https:\/\/ro.quantum-medical.eu\/index.php\/programs-for-the-eductor1-and-nucleus-devices\/aphrodite\/#primaryimage"},"image":{"@id":"https:\/\/ro.quantum-medical.eu\/index.php\/programs-for-the-eductor1-and-nucleus-devices\/aphrodite\/#primaryimage"},"thumbnailUrl":"https:\/\/ro.quantum-medical.eu\/wp-content\/uploads\/2021\/03\/image-5.png","datePublished":"2021-03-22T11:54:07+00:00","dateModified":"2022-10-07T08:59:29+00:00","description":"The Aphrodite and the Apollon are automated and easy-to-use software application focused on the bio-chemistry of women and man.","breadcrumb":{"@id":"https:\/\/ro.quantum-medical.eu\/index.php\/programs-for-the-eductor1-and-nucleus-devices\/aphrodite\/#breadcrumb"},"inLanguage":"en-US","potentialAction":[{"@type":"ReadAction","target":["https:\/\/ro.quantum-medical.eu\/index.php\/programs-for-the-eductor1-and-nucleus-devices\/aphrodite\/"]}]},{"@type":"ImageObject","inLanguage":"en-US","@id":"https:\/\/ro.quantum-medical.eu\/index.php\/programs-for-the-eductor1-and-nucleus-devices\/aphrodite\/#primaryimage","url":"https:\/\/ro.quantum-medical.eu\/wp-content\/uploads\/2021\/03\/image-5.png","contentUrl":"https:\/\/ro.quantum-medical.eu\/wp-content\/uploads\/2021\/03\/image-5.png","width":1352,"height":798,"caption":"Aphordite Apollon"},{"@type":"BreadcrumbList","@id":"https:\/\/ro.quantum-medical.eu\/index.php\/programs-for-the-eductor1-and-nucleus-devices\/aphrodite\/#breadcrumb","itemListElement":[{"@type":"ListItem","position":1,"name":"Home","item":"https:\/\/ro.quantum-medical.eu\/"},{"@type":"ListItem","position":2,"name":"Programs","item":"https:\/\/ro.quantum-medical.eu\/index.php\/programs-for-the-eductor1-and-nucleus-devices\/"},{"@type":"ListItem","position":3,"name":"APHRODITE &#038; APOLLON"}]},{"@type":"WebSite","@id":"https:\/\/ro.quantum-medical.eu\/#website","url":"https:\/\/ro.quantum-medical.eu\/","name":"Quantum Medical","description":"","publisher":{"@id":"https:\/\/ro.quantum-medical.eu\/#organization"},"potentialAction":[{"@type":"SearchAction","target":{"@type":"EntryPoint","urlTemplate":"https:\/\/ro.quantum-medical.eu\/?s={search_term_string}"},"query-input":{"@type":"PropertyValueSpecification","valueRequired":true,"valueName":"search_term_string"}}],"inLanguage":"en-US"},{"@type":"Organization","@id":"https:\/\/ro.quantum-medical.eu\/#organization","name":"Quantum Medical SRL","url":"https:\/\/ro.quantum-medical.eu\/","logo":{"@type":"ImageObject","inLanguage":"en-US","@id":"https:\/\/ro.quantum-medical.eu\/#\/schema\/logo\/image\/","url":"https:\/\/ro.quantum-medical.eu\/wp-content\/uploads\/2021\/05\/Quantum-Medical-logo-1.svg","contentUrl":"https:\/\/ro.quantum-medical.eu\/wp-content\/uploads\/2021\/05\/Quantum-Medical-logo-1.svg","width":1,"height":1,"caption":"Quantum Medical SRL"},"image":{"@id":"https:\/\/ro.quantum-medical.eu\/#\/schema\/logo\/image\/"},"sameAs":["https:\/\/www.facebook.com\/QuantumMedEU","https:\/\/x.com\/QuantumMedEU","https:\/\/www.youtube.com\/channel\/UCZTJzN8-w3F6DHAt2jh67oA","https:\/\/www.instagram.com\/quantum_medical\/"]}]}},"builder_content":"<a href=\"https:\/\/ro.quantum-medical.eu\/index.php\/contact\/\" > CUMP\u0102R\u0102 ACUM <\/a>","_links":{"self":[{"href":"https:\/\/ro.quantum-medical.eu\/index.php\/wp-json\/wp\/v2\/pages\/1043","targetHints":{"allow":["GET"]}}],"collection":[{"href":"https:\/\/ro.quantum-medical.eu\/index.php\/wp-json\/wp\/v2\/pages"}],"about":[{"href":"https:\/\/ro.quantum-medical.eu\/index.php\/wp-json\/wp\/v2\/types\/page"}],"author":[{"embeddable":true,"href":"https:\/\/ro.quantum-medical.eu\/index.php\/wp-json\/wp\/v2\/users\/1"}],"replies":[{"embeddable":true,"href":"https:\/\/ro.quantum-medical.eu\/index.php\/wp-json\/wp\/v2\/comments?post=1043"}],"version-history":[{"count":26,"href":"https:\/\/ro.quantum-medical.eu\/index.php\/wp-json\/wp\/v2\/pages\/1043\/revisions"}],"predecessor-version":[{"id":3288,"href":"https:\/\/ro.quantum-medical.eu\/index.php\/wp-json\/wp\/v2\/pages\/1043\/revisions\/3288"}],"up":[{"embeddable":true,"href":"https:\/\/ro.quantum-medical.eu\/index.php\/wp-json\/wp\/v2\/pages\/38"}],"wp:featuredmedia":[{"embeddable":true,"href":"https:\/\/ro.quantum-medical.eu\/index.php\/wp-json\/wp\/v2\/media\/1053"}],"wp:attachment":[{"href":"https:\/\/ro.quantum-medical.eu\/index.php\/wp-json\/wp\/v2\/media?parent=1043"}],"curies":[{"name":"wp","href":"https:\/\/api.w.org\/{rel}","templated":true}]}}