{"id":1386,"date":"2021-03-26T07:35:20","date_gmt":"2021-03-26T07:35:20","guid":{"rendered":"https:\/\/ro.quantum-medical.eu\/?page_id=1386"},"modified":"2022-10-07T09:29:28","modified_gmt":"2022-10-07T09:29:28","slug":"matrix-explorer","status":"publish","type":"page","link":"https:\/\/ro.quantum-medical.eu\/index.php\/programs-for-the-eductor1-and-nucleus-devices\/matrix-explorer\/","title":{"rendered":"EXPLORATOR MATRIX"},"content":{"rendered":"<p>Exploratorul nostru Matrix este u\u0219or de utilizat. Informa\u021biile furnizate \u00een matricea principal\u0103 sunt formate din peste 10.000 de articole, \u00eentr-o ierarhie unic\u0103 pentru fiecare client \u00een func\u021bie de reactivitatea lor dup\u0103 testare. Acordarea timpului \u00een sesiune pentru a citi \u00een matricea dvs. \u0219i \u00een\u021belegerea cauzei profunde a problemelor care trebuie abordate poate fi cople\u0219itoare, mai ales \u00een cazurile \u00een care timpul dvs. este limitat \u0219i este necesar\u0103 o terapie imediat\u0103 cu biofeedback.<\/p>\n\n\n\n<p>Gestionarea timpului pentru echilibrarea timpului \u0219i necesit\u0103\u021bii de timp \u00een \u00een\u021belegerea reactivit\u0103\u021bilor matricei \u00een timpul sesiunii dvs. este de cea mai mare importan\u021b\u0103 pentru succesul practicii \u0219i terapiei.<\/p>\n\n\n\n<p>Acum pute\u021bi s\u0103 v\u0103 acorda\u021bi prioritate terapiei \u0219i sarcinilor, pun\u00e2ndu-v\u0103 clien\u021bii \u00een largul lor \u0219i \u00eentr-o stare de relaxare de la \u00eenceputul sesiunii dvs., ob\u021bin\u00e2nd \u00een acela\u0219i timp informa\u021biile pentru cauzele problemelor lor pentru a prioritiza ceea ce este necesar \u00een continuare.<\/p>\n\n\n\n<p>Cu noua aplica\u021bie,<strong> Matrix Explorer<\/strong>, disponibil doar pe dispozivitele <strong><a href=\"https:\/\/ro.quantum-medical.eu\/index.php\/devices\/eductor1-quantum-biofeedback-system\/\">ED.X <\/a>\u0219i <a href=\"https:\/\/ro.quantum-medical.eu\/index.php\/devices\/nucleus-quantum-biofeedback-system\/\">NUCLEUS<\/a><\/strong>.<\/p>\n\n\n\n<p>Acum pute\u021bi profita la maximum de terapia dvs., cu mai mult\u0103 productivitate \u0219i eficien\u021b\u0103. Pute\u021bi c\u0103uta cu u\u0219urin\u021b\u0103, filtra, identifica \u0219i pune \u00een coad\u0103 elementele din matricea principal\u0103 \u00een acela\u0219i timp \u00een timp ce programul dvs. execut\u0103 o terapie. Aceast\u0103 nou\u0103 procedur\u0103 \u0219i posibilitate faciliteaz\u0103 \u0219i \u00eembun\u0103t\u0103\u021be\u0219te foarte mult timpul \u0219i valoarea terapiei dumneavoastr\u0103.<\/p>\n\n\n\n<p>Noul proces de lucru cu <a href=\"https:\/\/ro.quantum-medical.eu\/index.php\/devices\/eductor1-quantum-biofeedback-system\/\">ED.X<\/a>  \u0219i  <a href=\"https:\/\/ro.quantum-medical.eu\/index.php\/devices\/nucleus-quantum-biofeedback-system\/\">NUCLEUS<\/a> permite terapeutului s\u0103 dep\u0103\u0219easc\u0103 tendin\u021ba de a fi cople\u0219it de o supra\u00eenc\u0103rcare de informa\u021bii \u0219i sarcini de pus \u00een ordine. Ofer\u0103 timpul necesar pentru a \u00eencepe terapia, relax\u00e2ndu-v\u0103 imediat clientul \u0219i preg\u0103tindu-l pentru o terapie mai profund\u0103, permi\u021b\u00e2nd \u00een acela\u0219i timp timpul de c\u0103utare \u0219i filtrare a matricei pentru stabilirea sarcinilor \u0219i \u00een\u021belegerea problemelor clientului. <\/p>\n\n\n\n<p>Noua aplica\u021bie <strong>EXPLORATOR MATRIX<\/strong> v\u0103 ofer\u0103 posibilitatea de a profita la maximum de terapia dvs., f\u0103r\u0103 a neglija timpul de terapie \u00een timp ce c\u0103uta\u021bi prin matrice.<\/p>\n\n\n\n<p>Programul <strong>EXPLORATOR MATRIX<\/strong> este <strong>GRATUIT<\/strong> la achizi\u021bionarea unui dispozitiv <strong>NUCLEUS<\/strong> \u0219i poate fi achizi\u021bionat cu <strong>1800 euro<\/strong> pentru <strong>ED.X<\/strong>. Pentru achizi\u021bionarea acestui modul <a href=\"https:\/\/ro.quantum-medical.eu\/index.php\/contact\/\">contacta\u021bi-ne<\/a>.<\/p>\n\n<!--themify_builder_content-->\n<div id=\"themify_builder_content-1386\" data-postid=\"1386\" class=\"themify_builder_content themify_builder_content-1386 themify_builder tf_clear\">\n                    <div  data-lazy=\"1\" class=\"module_row themify_builder_row tb_xq0x647 tb_first tf_w\">\n                        <div class=\"row_inner col_align_top tb_col_count_1 tf_box tf_rel\">\n                        <div  data-lazy=\"1\" class=\"module_column tb-column col-full tb_6v20649 first\">\n                    <!-- module buttons -->\n<div  class=\"module module-buttons tb_gbqx650 buttons-horizontal solid  circle buttons-fullwidth hover-wow wow\" data-tf-animation_hover=\"pulse\" data-tf-animation=\"bounce\" data-tf-animation_delay=\"1\" data-lazy=\"1\">\n        <div class=\"module-buttons-item tf_in_flx\">\n                        <a href=\"https:\/\/ro.quantum-medical.eu\/index.php\/contact\/\" class=\"ui builder_button tf_in_flx black\" >\n                                                CUMP\u0102R\u0102 ACUM                                        <\/a>\n                <\/div>\n            <\/div>\n<!-- \/module buttons -->\n        <\/div>\n                        <\/div>\n        <\/div>\n        <\/div>\n<!--\/themify_builder_content-->\n\n\n<p><\/p><!-- AddThis Advanced Settings generic via filter on the_content --><!-- AddThis Share Buttons generic via filter on the_content -->","protected":false},"excerpt":{"rendered":"<p>Exploratorul nostru Matrix este u\u0219or de utilizat. Informa\u021biile furnizate \u00een matricea principal\u0103 sunt formate din peste 10.000 de articole, \u00eentr-o ierarhie unic\u0103 pentru fiecare client \u00een func\u021bie de reactivitatea lor dup\u0103 testare. Acordarea timpului \u00een sesiune pentru a citi \u00een matricea dvs. \u0219i \u00een\u021belegerea cauzei profunde a problemelor care trebuie abordate poate fi cople\u0219itoare, mai [&hellip;]<!-- AddThis Advanced Settings generic via filter on get_the_excerpt --><!-- AddThis Share Buttons generic via filter on get_the_excerpt --><\/p>\n","protected":false},"author":1,"featured_media":1387,"parent":38,"menu_order":120,"comment_status":"closed","ping_status":"closed","template":"","meta":{"inline_featured_image":false,"footnotes":""},"class_list":["post-1386","page","type-page","status-publish","has-post-thumbnail","hentry","has-post-title","has-post-date","has-post-category","has-post-tag","has-post-comment","has-post-author",""],"yoast_head":"<!-- This site is optimized with the Yoast SEO plugin v27.4 - https:\/\/yoast.com\/product\/yoast-seo-wordpress\/ -->\n<title>EXPLORATOR MATRIX &#8212; programs for our devices Quantum Medical<\/title>\n<meta name=\"description\" content=\"Matrix explorer makes it easy. The information provided in the main matrix has over 10.000 items, in a unique hierarchy for each client\" \/>\n<meta name=\"robots\" content=\"index, follow, max-snippet:-1, max-image-preview:large, max-video-preview:-1\" \/>\n<link rel=\"canonical\" href=\"https:\/\/ro.quantum-medical.eu\/index.php\/programs-for-the-eductor1-and-nucleus-devices\/matrix-explorer\/\" \/>\n<meta property=\"og:locale\" content=\"en_US\" \/>\n<meta property=\"og:type\" content=\"article\" \/>\n<meta property=\"og:title\" content=\"EXPLORATOR MATRIX &#8212; programs for our devices Quantum Medical\" \/>\n<meta property=\"og:description\" content=\"Matrix explorer makes it easy. The information provided in the main matrix has over 10.000 items, in a unique hierarchy for each client\" \/>\n<meta property=\"og:url\" content=\"https:\/\/ro.quantum-medical.eu\/index.php\/programs-for-the-eductor1-and-nucleus-devices\/matrix-explorer\/\" \/>\n<meta property=\"og:site_name\" content=\"Quantum Medical\" \/>\n<meta property=\"article:publisher\" content=\"https:\/\/www.facebook.com\/QuantumMedEU\" \/>\n<meta property=\"article:modified_time\" content=\"2022-10-07T09:29:28+00:00\" \/>\n<meta property=\"og:image\" content=\"https:\/\/ro.quantum-medical.eu\/wp-content\/uploads\/2021\/03\/image-15.png\" \/>\n\t<meta property=\"og:image:width\" content=\"1266\" \/>\n\t<meta property=\"og:image:height\" content=\"753\" \/>\n\t<meta property=\"og:image:type\" content=\"image\/png\" \/>\n<meta name=\"twitter:card\" content=\"summary_large_image\" \/>\n<meta name=\"twitter:site\" content=\"@QuantumMedEU\" \/>\n<meta name=\"twitter:label1\" content=\"Est. reading time\" \/>\n\t<meta name=\"twitter:data1\" content=\"2 minutes\" \/>\n<script type=\"application\/ld+json\" class=\"yoast-schema-graph\">{\"@context\":\"https:\\\/\\\/schema.org\",\"@graph\":[{\"@type\":\"WebPage\",\"@id\":\"https:\\\/\\\/ro.quantum-medical.eu\\\/index.php\\\/programs-for-the-eductor1-and-nucleus-devices\\\/matrix-explorer\\\/\",\"url\":\"https:\\\/\\\/ro.quantum-medical.eu\\\/index.php\\\/programs-for-the-eductor1-and-nucleus-devices\\\/matrix-explorer\\\/\",\"name\":\"EXPLORATOR MATRIX &#8212; programs for our devices Quantum Medical\",\"isPartOf\":{\"@id\":\"https:\\\/\\\/ro.quantum-medical.eu\\\/#website\"},\"primaryImageOfPage\":{\"@id\":\"https:\\\/\\\/ro.quantum-medical.eu\\\/index.php\\\/programs-for-the-eductor1-and-nucleus-devices\\\/matrix-explorer\\\/#primaryimage\"},\"image\":{\"@id\":\"https:\\\/\\\/ro.quantum-medical.eu\\\/index.php\\\/programs-for-the-eductor1-and-nucleus-devices\\\/matrix-explorer\\\/#primaryimage\"},\"thumbnailUrl\":\"https:\\\/\\\/ro.quantum-medical.eu\\\/wp-content\\\/uploads\\\/2021\\\/03\\\/image-15.png\",\"datePublished\":\"2021-03-26T07:35:20+00:00\",\"dateModified\":\"2022-10-07T09:29:28+00:00\",\"description\":\"Matrix explorer makes it easy. The information provided in the main matrix has over 10.000 items, in a unique hierarchy for each client\",\"breadcrumb\":{\"@id\":\"https:\\\/\\\/ro.quantum-medical.eu\\\/index.php\\\/programs-for-the-eductor1-and-nucleus-devices\\\/matrix-explorer\\\/#breadcrumb\"},\"inLanguage\":\"en-US\",\"potentialAction\":[{\"@type\":\"ReadAction\",\"target\":[\"https:\\\/\\\/ro.quantum-medical.eu\\\/index.php\\\/programs-for-the-eductor1-and-nucleus-devices\\\/matrix-explorer\\\/\"]}]},{\"@type\":\"ImageObject\",\"inLanguage\":\"en-US\",\"@id\":\"https:\\\/\\\/ro.quantum-medical.eu\\\/index.php\\\/programs-for-the-eductor1-and-nucleus-devices\\\/matrix-explorer\\\/#primaryimage\",\"url\":\"https:\\\/\\\/ro.quantum-medical.eu\\\/wp-content\\\/uploads\\\/2021\\\/03\\\/image-15.png\",\"contentUrl\":\"https:\\\/\\\/ro.quantum-medical.eu\\\/wp-content\\\/uploads\\\/2021\\\/03\\\/image-15.png\",\"width\":1266,\"height\":753,\"caption\":\"Matrix Explorer\"},{\"@type\":\"BreadcrumbList\",\"@id\":\"https:\\\/\\\/ro.quantum-medical.eu\\\/index.php\\\/programs-for-the-eductor1-and-nucleus-devices\\\/matrix-explorer\\\/#breadcrumb\",\"itemListElement\":[{\"@type\":\"ListItem\",\"position\":1,\"name\":\"Home\",\"item\":\"https:\\\/\\\/ro.quantum-medical.eu\\\/\"},{\"@type\":\"ListItem\",\"position\":2,\"name\":\"Programs\",\"item\":\"https:\\\/\\\/ro.quantum-medical.eu\\\/index.php\\\/programs-for-the-eductor1-and-nucleus-devices\\\/\"},{\"@type\":\"ListItem\",\"position\":3,\"name\":\"EXPLORATOR MATRIX\"}]},{\"@type\":\"WebSite\",\"@id\":\"https:\\\/\\\/ro.quantum-medical.eu\\\/#website\",\"url\":\"https:\\\/\\\/ro.quantum-medical.eu\\\/\",\"name\":\"Quantum Medical\",\"description\":\"\",\"publisher\":{\"@id\":\"https:\\\/\\\/ro.quantum-medical.eu\\\/#organization\"},\"potentialAction\":[{\"@type\":\"SearchAction\",\"target\":{\"@type\":\"EntryPoint\",\"urlTemplate\":\"https:\\\/\\\/ro.quantum-medical.eu\\\/?s={search_term_string}\"},\"query-input\":{\"@type\":\"PropertyValueSpecification\",\"valueRequired\":true,\"valueName\":\"search_term_string\"}}],\"inLanguage\":\"en-US\"},{\"@type\":\"Organization\",\"@id\":\"https:\\\/\\\/ro.quantum-medical.eu\\\/#organization\",\"name\":\"Quantum Medical SRL\",\"url\":\"https:\\\/\\\/ro.quantum-medical.eu\\\/\",\"logo\":{\"@type\":\"ImageObject\",\"inLanguage\":\"en-US\",\"@id\":\"https:\\\/\\\/ro.quantum-medical.eu\\\/#\\\/schema\\\/logo\\\/image\\\/\",\"url\":\"https:\\\/\\\/ro.quantum-medical.eu\\\/wp-content\\\/uploads\\\/2021\\\/05\\\/Quantum-Medical-logo-1.svg\",\"contentUrl\":\"https:\\\/\\\/ro.quantum-medical.eu\\\/wp-content\\\/uploads\\\/2021\\\/05\\\/Quantum-Medical-logo-1.svg\",\"width\":1,\"height\":1,\"caption\":\"Quantum Medical SRL\"},\"image\":{\"@id\":\"https:\\\/\\\/ro.quantum-medical.eu\\\/#\\\/schema\\\/logo\\\/image\\\/\"},\"sameAs\":[\"https:\\\/\\\/www.facebook.com\\\/QuantumMedEU\",\"https:\\\/\\\/x.com\\\/QuantumMedEU\",\"https:\\\/\\\/www.youtube.com\\\/channel\\\/UCZTJzN8-w3F6DHAt2jh67oA\",\"https:\\\/\\\/www.instagram.com\\\/quantum_medical\\\/\"]}]}<\/script>\n<!-- \/ Yoast SEO plugin. -->","yoast_head_json":{"title":"EXPLORATOR MATRIX &#8212; programs for our devices Quantum Medical","description":"Matrix explorer makes it easy. The information provided in the main matrix has over 10.000 items, in a unique hierarchy for each client","robots":{"index":"index","follow":"follow","max-snippet":"max-snippet:-1","max-image-preview":"max-image-preview:large","max-video-preview":"max-video-preview:-1"},"canonical":"https:\/\/ro.quantum-medical.eu\/index.php\/programs-for-the-eductor1-and-nucleus-devices\/matrix-explorer\/","og_locale":"en_US","og_type":"article","og_title":"EXPLORATOR MATRIX &#8212; programs for our devices Quantum Medical","og_description":"Matrix explorer makes it easy. The information provided in the main matrix has over 10.000 items, in a unique hierarchy for each client","og_url":"https:\/\/ro.quantum-medical.eu\/index.php\/programs-for-the-eductor1-and-nucleus-devices\/matrix-explorer\/","og_site_name":"Quantum Medical","article_publisher":"https:\/\/www.facebook.com\/QuantumMedEU","article_modified_time":"2022-10-07T09:29:28+00:00","og_image":[{"width":1266,"height":753,"url":"https:\/\/ro.quantum-medical.eu\/wp-content\/uploads\/2021\/03\/image-15.png","type":"image\/png"}],"twitter_card":"summary_large_image","twitter_site":"@QuantumMedEU","twitter_misc":{"Est. reading time":"2 minutes"},"schema":{"@context":"https:\/\/schema.org","@graph":[{"@type":"WebPage","@id":"https:\/\/ro.quantum-medical.eu\/index.php\/programs-for-the-eductor1-and-nucleus-devices\/matrix-explorer\/","url":"https:\/\/ro.quantum-medical.eu\/index.php\/programs-for-the-eductor1-and-nucleus-devices\/matrix-explorer\/","name":"EXPLORATOR MATRIX &#8212; programs for our devices Quantum Medical","isPartOf":{"@id":"https:\/\/ro.quantum-medical.eu\/#website"},"primaryImageOfPage":{"@id":"https:\/\/ro.quantum-medical.eu\/index.php\/programs-for-the-eductor1-and-nucleus-devices\/matrix-explorer\/#primaryimage"},"image":{"@id":"https:\/\/ro.quantum-medical.eu\/index.php\/programs-for-the-eductor1-and-nucleus-devices\/matrix-explorer\/#primaryimage"},"thumbnailUrl":"https:\/\/ro.quantum-medical.eu\/wp-content\/uploads\/2021\/03\/image-15.png","datePublished":"2021-03-26T07:35:20+00:00","dateModified":"2022-10-07T09:29:28+00:00","description":"Matrix explorer makes it easy. The information provided in the main matrix has over 10.000 items, in a unique hierarchy for each client","breadcrumb":{"@id":"https:\/\/ro.quantum-medical.eu\/index.php\/programs-for-the-eductor1-and-nucleus-devices\/matrix-explorer\/#breadcrumb"},"inLanguage":"en-US","potentialAction":[{"@type":"ReadAction","target":["https:\/\/ro.quantum-medical.eu\/index.php\/programs-for-the-eductor1-and-nucleus-devices\/matrix-explorer\/"]}]},{"@type":"ImageObject","inLanguage":"en-US","@id":"https:\/\/ro.quantum-medical.eu\/index.php\/programs-for-the-eductor1-and-nucleus-devices\/matrix-explorer\/#primaryimage","url":"https:\/\/ro.quantum-medical.eu\/wp-content\/uploads\/2021\/03\/image-15.png","contentUrl":"https:\/\/ro.quantum-medical.eu\/wp-content\/uploads\/2021\/03\/image-15.png","width":1266,"height":753,"caption":"Matrix Explorer"},{"@type":"BreadcrumbList","@id":"https:\/\/ro.quantum-medical.eu\/index.php\/programs-for-the-eductor1-and-nucleus-devices\/matrix-explorer\/#breadcrumb","itemListElement":[{"@type":"ListItem","position":1,"name":"Home","item":"https:\/\/ro.quantum-medical.eu\/"},{"@type":"ListItem","position":2,"name":"Programs","item":"https:\/\/ro.quantum-medical.eu\/index.php\/programs-for-the-eductor1-and-nucleus-devices\/"},{"@type":"ListItem","position":3,"name":"EXPLORATOR MATRIX"}]},{"@type":"WebSite","@id":"https:\/\/ro.quantum-medical.eu\/#website","url":"https:\/\/ro.quantum-medical.eu\/","name":"Quantum Medical","description":"","publisher":{"@id":"https:\/\/ro.quantum-medical.eu\/#organization"},"potentialAction":[{"@type":"SearchAction","target":{"@type":"EntryPoint","urlTemplate":"https:\/\/ro.quantum-medical.eu\/?s={search_term_string}"},"query-input":{"@type":"PropertyValueSpecification","valueRequired":true,"valueName":"search_term_string"}}],"inLanguage":"en-US"},{"@type":"Organization","@id":"https:\/\/ro.quantum-medical.eu\/#organization","name":"Quantum Medical SRL","url":"https:\/\/ro.quantum-medical.eu\/","logo":{"@type":"ImageObject","inLanguage":"en-US","@id":"https:\/\/ro.quantum-medical.eu\/#\/schema\/logo\/image\/","url":"https:\/\/ro.quantum-medical.eu\/wp-content\/uploads\/2021\/05\/Quantum-Medical-logo-1.svg","contentUrl":"https:\/\/ro.quantum-medical.eu\/wp-content\/uploads\/2021\/05\/Quantum-Medical-logo-1.svg","width":1,"height":1,"caption":"Quantum Medical SRL"},"image":{"@id":"https:\/\/ro.quantum-medical.eu\/#\/schema\/logo\/image\/"},"sameAs":["https:\/\/www.facebook.com\/QuantumMedEU","https:\/\/x.com\/QuantumMedEU","https:\/\/www.youtube.com\/channel\/UCZTJzN8-w3F6DHAt2jh67oA","https:\/\/www.instagram.com\/quantum_medical\/"]}]}},"builder_content":"<a href=\"https:\/\/ro.quantum-medical.eu\/index.php\/contact\/\" > CUMP\u0102R\u0102 ACUM <\/a>","_links":{"self":[{"href":"https:\/\/ro.quantum-medical.eu\/index.php\/wp-json\/wp\/v2\/pages\/1386","targetHints":{"allow":["GET"]}}],"collection":[{"href":"https:\/\/ro.quantum-medical.eu\/index.php\/wp-json\/wp\/v2\/pages"}],"about":[{"href":"https:\/\/ro.quantum-medical.eu\/index.php\/wp-json\/wp\/v2\/types\/page"}],"author":[{"embeddable":true,"href":"https:\/\/ro.quantum-medical.eu\/index.php\/wp-json\/wp\/v2\/users\/1"}],"replies":[{"embeddable":true,"href":"https:\/\/ro.quantum-medical.eu\/index.php\/wp-json\/wp\/v2\/comments?post=1386"}],"version-history":[{"count":19,"href":"https:\/\/ro.quantum-medical.eu\/index.php\/wp-json\/wp\/v2\/pages\/1386\/revisions"}],"predecessor-version":[{"id":3302,"href":"https:\/\/ro.quantum-medical.eu\/index.php\/wp-json\/wp\/v2\/pages\/1386\/revisions\/3302"}],"up":[{"embeddable":true,"href":"https:\/\/ro.quantum-medical.eu\/index.php\/wp-json\/wp\/v2\/pages\/38"}],"wp:featuredmedia":[{"embeddable":true,"href":"https:\/\/ro.quantum-medical.eu\/index.php\/wp-json\/wp\/v2\/media\/1387"}],"wp:attachment":[{"href":"https:\/\/ro.quantum-medical.eu\/index.php\/wp-json\/wp\/v2\/media?parent=1386"}],"curies":[{"name":"wp","href":"https:\/\/api.w.org\/{rel}","templated":true}]}}