{"id":1512,"date":"2021-04-07T09:26:06","date_gmt":"2021-04-07T09:26:06","guid":{"rendered":"https:\/\/ro.quantum-medical.eu\/?page_id=1512"},"modified":"2022-09-26T10:28:05","modified_gmt":"2022-09-26T10:28:05","slug":"chain-reaction","status":"publish","type":"page","link":"https:\/\/ro.quantum-medical.eu\/index.php\/programs-for-the-eductor1-and-nucleus-devices\/chain-reaction\/","title":{"rendered":"REAC\u021aIE \u00ceN LAN\u021a"},"content":{"rendered":"<p>Ce este instrumentul <strong>REAC\u021aIE \u00ceN LAN\u021a<\/strong>? Pentru a \u00een\u021belege, trebuie s\u0103 \u0219ti\u021bi elementele matrice ale software-ului sunt peste 10.000 de elemente de semn\u0103turi voltammetrice ale nosodelor, alersodelor, sarcodelor, izodelor, articolelor nutri\u021bionale \u0219i imponderabilelor, toate acestea fiind termeni folosi\u021bi din domeniul homeopatiei.<\/p>\n\n\n\n<p>Pentru o mai bun\u0103 \u00een\u021belegere, mai jos ave\u021bi ace\u0219ti termeni explica\u021bi:<\/p>\n\n\n\n<p><a href=\"https:\/\/en.wikipedia.org\/wiki\/Homeopathy\"><strong>Nosodele<\/strong> <\/a>sunt remedii homeopate pentru o anumit\u0103 boal\u0103 compus\u0103 din desc\u0103rc\u0103ri infectate ale bolii sau agentului patogen infectat.<\/p>\n\n\n\n<p><strong>Izodele <\/strong>\u00een homeopatie sunt preparate foarte diluate \u0219i cu succes de substan\u021be organice sau sintetice despre care se crede c\u0103 sunt cauza tulbur\u0103rilor sau bolilor. Dat fiind un remediu bazat pe principiu, \u201ecauza este vindecarea\u201d. Acestea sunt \u201enormalizatoare\u201d, ceea ce \u00eenseamn\u0103 c\u0103 ajut\u0103 la normalizarea reac\u021biei organismului la un alergen sau la fabricarea \u0219i utilizarea substan\u021belor chimice pentru corp.<\/p>\n\n\n\n<p><strong>Allersodele<\/strong> sunt pic\u0103turi homeopate care stimuleaz\u0103 minu\u021bios sistemul imunitar s\u0103 recunoasc\u0103, s\u0103 glomoreze \u0219i s\u0103 expulzeze organismul care cauzeaz\u0103 alergii din corp, de obicei prin rinichi sau intestin, glanda suprarenal\u0103 \u0219i ficat. <strong>Sunt remedii<\/strong> care con\u021bin o serie de poten\u021biale ale alergenului ofensator. Pentru a ajuta alergiile, putem folosi cantit\u0103\u021bi mici de materiale care cauzeaz\u0103 alergii pentru a ajuta la inversarea cascadei de anticorpi \u0219i a altor factori alergici din organism pentru desensibilizare.<\/p>\n\n\n\n<p><strong>Sarcodele<\/strong>&nbsp;sunt preparate homeopate ob\u021binute din \u021besuturi \u0219i secre\u021bii s\u0103n\u0103toase care con\u021bin molecule biologice care au func\u021bii fiziologice specifice la om. Ele sunt folosite de homeopati pentru a sus\u021bine bun\u0103starea \u021besuturilor \u00een timpul procesului de reparare sau regenerare al organismului.<\/p>\n\n\n\n<p><strong>Articolele nutri\u021bionale<\/strong> se refer\u0103 la suplimente precum vitamine, minerale ierburi \u0219i aminoacizi \u0219i o combina\u021bie vast\u0103 \u0219i scopuri descrise pe fiecare linie de matrix.<\/p>\n\n\n\n<p><strong>Imponderabilele<\/strong> sunt remedii puternice pentru for\u021be imuabile care sunt energii nev\u0103zute, necunoscute \u0219i intangibile care ne pot influen\u021ba profund bun\u0103starea. Imponderabilele sunt for\u021be nev\u0103zute irezistibile \u0219i cople\u0219itoare. Acestea pot fi for\u021be geopatice, radia\u021bii de la telefoanele mobile cu raze X, computere, microunde, televizoare, dispozitive GPS, RMN, ultrasunete, cabluri de transmisie electric\u0103 de \u00eenalt\u0103 tensiune \u0219i vehicule gestionate de computer \u0219i lumina soarelui. Lista este aproape nesf\u00e2r\u0219it\u0103. Nenum\u0103rate straturi \u00eenconjur\u0103toare de energie direc\u021bionat\u0103, invizibil\u0103, aceste dispozitive colecteaz\u0103 \u0219i radiaz\u0103. Ad\u0103uga\u021bi la aceasta energia neorientat\u0103 emanat\u0103 de efectele crescute ale erup\u021biilor solare \u0219i ale petelor solare datorit\u0103 sub\u021bierii ozonului nostru, precum \u0219i a luminii de pe lun\u0103 \u0219i de pe planetele \u00eendep\u0103rtate \u0219i ve\u021bi \u00een\u021belege c\u0103 suntem cu to\u021bii \u00eencurca\u021bi \u00eentr-o re\u021bea dens\u0103 de \u201eenergie imponderabil\u0103\u201d. \u201d. Emo\u021biile stresante la un r\u0103spuns stresant sunt, de asemenea, considerate ca fiind imponderabile.<\/p>\n\n\n\n<p>Astfel, reac\u021biile \u00een semn\u0103turi voltametrice prezentate pe matrice sunt unice \u0219i individuale pentru fiecare client. Pentru a \u00een\u021belege matricea, trebuie s\u0103 vedem repet\u0103ri care apar \u00een compara\u021bie cu num\u0103rul lor puternic reactiv pentru a accesa situa\u021bia. Pot fi necesare proceduri suplimentare de c\u0103utare \u0219i investiga\u021bie \u00een cadrul software-ului \u0219i al matrixului pentru o \u00een\u021belegere mai profund\u0103.<\/p>\n\n\n\n<p>\u00cen\u021belegerea \u00een profunzime a matricei vine cu cuno\u0219tin\u021be profunde \u0219i experien\u021b\u0103 de lung\u0103 durat\u0103 \u00een utilizarea dispozitivului. Acest lucru de multe ori poate fi cople\u0219itor, cu at\u00e2tea informa\u021bii care ne vin de la reactivit\u0103\u021bile clientului pe matrice \u0219i presiunea de timp pe care o avem pentru a-l ajuta pe client s\u0103 se simt\u0103 mai bine.<\/p>\n\n\n\n<p>Cu toate acestea, exist\u0103 mai multe instrumente pe care ED.X le are pentru a le ajuta. Unul dintre aceste <strong>instrumente unice<\/strong> \u0219i <strong>cele mai importante<\/strong> este <strong>aplica\u021bia<\/strong> <strong>REAC\u021aIE \u00ceN LAN\u021a<\/strong>, creat\u0103 \u0219i oferit\u0103 <strong>NUMAI de PULSAR<\/strong>.<\/p>\n\n\n\n<p>Introduc\u00e2nd problema principal\u0103 a articolului pe care dori\u021bi s\u0103 \u00eel aborda\u021bi, aceast\u0103 aplica\u021bie analizeaz\u0103 instantaneu \u00eentreaga reactivitate a matricei clientului, oferindu-v\u0103 v\u00e2rsta la care ceva din via\u021ba clien\u021bilor a declan\u0219at aceast\u0103 reac\u021bie provoc\u00e2nd reac\u021bia \u00een lan\u021b a evenimentelor. O list\u0103 de articole din matrice este desc\u0103rcat\u0103 \u0219i poate fi \u00eenc\u0103rcat\u0103 astfel \u00eenc\u00e2t s\u0103 poat\u0103 fi abordat\u0103 \u00een timpul sesiunii, ajut\u00e2ndu-v\u0103 astfel s\u0103 rupe\u021bi leg\u0103tura ini\u021bial\u0103 care a cauzat problema.<\/p>\n\n\n\n<p>Acesta este unul dintre <strong>cei mai importan\u021bi pa\u0219i \u0219i descoperiri<\/strong> atunci c\u00e2nd abord\u0103m cauza principal\u0103 a problemelor \u0219i \u00een\u021belegem matricea. Se face u\u0219or \u0219i automat, oferind terapiei dumneavoastr\u0103 impulsul necesar pentru un rezultat mai bun.<\/p>\n\n\n\n<p>Programul <strong>REAC\u021aIE \u00ceN LAN\u021a<\/strong> este <strong>GRATUIT<\/strong> la achizi\u021bionarea unui dispozitiv<strong> NUCLEUS<\/strong> \u0219i poate fi achizi\u021bionat cu<strong> 1500 euro<\/strong> pentru <strong>ED.X<\/strong>. Pentru achizi\u021bionarea acestui modul <a href=\"https:\/\/ro.quantum-medical.eu\/index.php\/contact\/\">contacta\u021bi-ne<\/a>.<\/p>\n\n<!--themify_builder_content-->\n<div id=\"themify_builder_content-1512\" data-postid=\"1512\" class=\"themify_builder_content themify_builder_content-1512 themify_builder tf_clear\">\n                    <div  data-lazy=\"1\" class=\"module_row themify_builder_row tb_3abu955 tb_first tf_w\">\n                        <div class=\"row_inner col_align_top tb_col_count_1 tf_box tf_rel\">\n                        <div  data-lazy=\"1\" class=\"module_column tb-column col-full tb_oyoq957 first\">\n                    <!-- module buttons -->\n<div  class=\"module module-buttons tb_pu0d957 buttons-horizontal solid  circle buttons-fullwidth hover-wow wow\" data-tf-animation_hover=\"pulse\" data-tf-animation=\"bounce\" data-tf-animation_delay=\"1\" data-lazy=\"1\">\n        <div class=\"module-buttons-item tf_in_flx\">\n                        <a href=\"https:\/\/ro.quantum-medical.eu\/index.php\/contact\/\" class=\"ui builder_button tf_in_flx black\" >\n                                                CUMP\u0102R\u0102 ACUM                                        <\/a>\n                <\/div>\n            <\/div>\n<!-- \/module buttons -->\n        <\/div>\n                        <\/div>\n        <\/div>\n        <\/div>\n<!--\/themify_builder_content-->\n\n\n<p><\/p><!-- AddThis Advanced Settings generic via filter on the_content --><!-- AddThis Share Buttons generic via filter on the_content -->","protected":false},"excerpt":{"rendered":"<p>Ce este instrumentul REAC\u021aIE \u00ceN LAN\u021a? Pentru a \u00een\u021belege, trebuie s\u0103 \u0219ti\u021bi elementele matrice ale software-ului sunt peste 10.000 de elemente de semn\u0103turi voltammetrice ale nosodelor, alersodelor, sarcodelor, izodelor, articolelor nutri\u021bionale \u0219i imponderabilelor, toate acestea fiind termeni folosi\u021bi din domeniul homeopatiei. Pentru o mai bun\u0103 \u00een\u021belegere, mai jos ave\u021bi ace\u0219ti termeni explica\u021bi: Nosodele sunt remedii [&hellip;]<!-- AddThis Advanced Settings generic via filter on get_the_excerpt --><!-- AddThis Share Buttons generic via filter on get_the_excerpt --><\/p>\n","protected":false},"author":1,"featured_media":1513,"parent":38,"menu_order":120,"comment_status":"closed","ping_status":"closed","template":"","meta":{"inline_featured_image":false,"footnotes":""},"class_list":["post-1512","page","type-page","status-publish","has-post-thumbnail","hentry","has-post-title","has-post-date","has-post-category","has-post-tag","has-post-comment","has-post-author",""],"yoast_head":"<!-- This site is optimized with the Yoast SEO plugin v27.4 - https:\/\/yoast.com\/product\/yoast-seo-wordpress\/ -->\n<title>REAC\u021aIE \u00ceN LAN\u021a &#8212; programs for our devices Quantum Medical<\/title>\n<meta name=\"description\" content=\"One of the tools unique and important tools, the application CHAIN REACTION created and offered ONLY by the ED.X.\" \/>\n<meta name=\"robots\" content=\"index, follow, max-snippet:-1, max-image-preview:large, max-video-preview:-1\" \/>\n<link rel=\"canonical\" href=\"https:\/\/ro.quantum-medical.eu\/index.php\/programs-for-the-eductor1-and-nucleus-devices\/chain-reaction\/\" \/>\n<meta property=\"og:locale\" content=\"en_US\" \/>\n<meta property=\"og:type\" content=\"article\" \/>\n<meta property=\"og:title\" content=\"REAC\u021aIE \u00ceN LAN\u021a &#8212; programs for our devices Quantum Medical\" \/>\n<meta property=\"og:description\" content=\"One of the tools unique and important tools, the application CHAIN REACTION created and offered ONLY by the ED.X.\" \/>\n<meta property=\"og:url\" content=\"https:\/\/ro.quantum-medical.eu\/index.php\/programs-for-the-eductor1-and-nucleus-devices\/chain-reaction\/\" \/>\n<meta property=\"og:site_name\" content=\"Quantum Medical\" \/>\n<meta property=\"article:publisher\" content=\"https:\/\/www.facebook.com\/QuantumMedEU\" \/>\n<meta property=\"article:modified_time\" content=\"2022-09-26T10:28:05+00:00\" \/>\n<meta property=\"og:image\" content=\"https:\/\/ro.quantum-medical.eu\/wp-content\/uploads\/2021\/04\/chain.jpg\" \/>\n\t<meta property=\"og:image:width\" content=\"820\" \/>\n\t<meta property=\"og:image:height\" content=\"540\" \/>\n\t<meta property=\"og:image:type\" content=\"image\/jpeg\" \/>\n<meta name=\"twitter:card\" content=\"summary_large_image\" \/>\n<meta name=\"twitter:site\" content=\"@QuantumMedEU\" \/>\n<meta name=\"twitter:label1\" content=\"Est. reading time\" \/>\n\t<meta name=\"twitter:data1\" content=\"3 minutes\" \/>\n<script type=\"application\/ld+json\" class=\"yoast-schema-graph\">{\"@context\":\"https:\\\/\\\/schema.org\",\"@graph\":[{\"@type\":\"WebPage\",\"@id\":\"https:\\\/\\\/ro.quantum-medical.eu\\\/index.php\\\/programs-for-the-eductor1-and-nucleus-devices\\\/chain-reaction\\\/\",\"url\":\"https:\\\/\\\/ro.quantum-medical.eu\\\/index.php\\\/programs-for-the-eductor1-and-nucleus-devices\\\/chain-reaction\\\/\",\"name\":\"REAC\u021aIE \u00ceN LAN\u021a &#8212; programs for our devices Quantum Medical\",\"isPartOf\":{\"@id\":\"https:\\\/\\\/ro.quantum-medical.eu\\\/#website\"},\"primaryImageOfPage\":{\"@id\":\"https:\\\/\\\/ro.quantum-medical.eu\\\/index.php\\\/programs-for-the-eductor1-and-nucleus-devices\\\/chain-reaction\\\/#primaryimage\"},\"image\":{\"@id\":\"https:\\\/\\\/ro.quantum-medical.eu\\\/index.php\\\/programs-for-the-eductor1-and-nucleus-devices\\\/chain-reaction\\\/#primaryimage\"},\"thumbnailUrl\":\"https:\\\/\\\/ro.quantum-medical.eu\\\/wp-content\\\/uploads\\\/2021\\\/04\\\/chain.jpg\",\"datePublished\":\"2021-04-07T09:26:06+00:00\",\"dateModified\":\"2022-09-26T10:28:05+00:00\",\"description\":\"One of the tools unique and important tools, the application CHAIN REACTION created and offered ONLY by the ED.X.\",\"breadcrumb\":{\"@id\":\"https:\\\/\\\/ro.quantum-medical.eu\\\/index.php\\\/programs-for-the-eductor1-and-nucleus-devices\\\/chain-reaction\\\/#breadcrumb\"},\"inLanguage\":\"en-US\",\"potentialAction\":[{\"@type\":\"ReadAction\",\"target\":[\"https:\\\/\\\/ro.quantum-medical.eu\\\/index.php\\\/programs-for-the-eductor1-and-nucleus-devices\\\/chain-reaction\\\/\"]}]},{\"@type\":\"ImageObject\",\"inLanguage\":\"en-US\",\"@id\":\"https:\\\/\\\/ro.quantum-medical.eu\\\/index.php\\\/programs-for-the-eductor1-and-nucleus-devices\\\/chain-reaction\\\/#primaryimage\",\"url\":\"https:\\\/\\\/ro.quantum-medical.eu\\\/wp-content\\\/uploads\\\/2021\\\/04\\\/chain.jpg\",\"contentUrl\":\"https:\\\/\\\/ro.quantum-medical.eu\\\/wp-content\\\/uploads\\\/2021\\\/04\\\/chain.jpg\",\"width\":820,\"height\":540,\"caption\":\"Chain Reaction Program\"},{\"@type\":\"BreadcrumbList\",\"@id\":\"https:\\\/\\\/ro.quantum-medical.eu\\\/index.php\\\/programs-for-the-eductor1-and-nucleus-devices\\\/chain-reaction\\\/#breadcrumb\",\"itemListElement\":[{\"@type\":\"ListItem\",\"position\":1,\"name\":\"Home\",\"item\":\"https:\\\/\\\/ro.quantum-medical.eu\\\/\"},{\"@type\":\"ListItem\",\"position\":2,\"name\":\"Programs\",\"item\":\"https:\\\/\\\/ro.quantum-medical.eu\\\/index.php\\\/programs-for-the-eductor1-and-nucleus-devices\\\/\"},{\"@type\":\"ListItem\",\"position\":3,\"name\":\"REAC\u021aIE \u00ceN LAN\u021a\"}]},{\"@type\":\"WebSite\",\"@id\":\"https:\\\/\\\/ro.quantum-medical.eu\\\/#website\",\"url\":\"https:\\\/\\\/ro.quantum-medical.eu\\\/\",\"name\":\"Quantum Medical\",\"description\":\"\",\"publisher\":{\"@id\":\"https:\\\/\\\/ro.quantum-medical.eu\\\/#organization\"},\"potentialAction\":[{\"@type\":\"SearchAction\",\"target\":{\"@type\":\"EntryPoint\",\"urlTemplate\":\"https:\\\/\\\/ro.quantum-medical.eu\\\/?s={search_term_string}\"},\"query-input\":{\"@type\":\"PropertyValueSpecification\",\"valueRequired\":true,\"valueName\":\"search_term_string\"}}],\"inLanguage\":\"en-US\"},{\"@type\":\"Organization\",\"@id\":\"https:\\\/\\\/ro.quantum-medical.eu\\\/#organization\",\"name\":\"Quantum Medical SRL\",\"url\":\"https:\\\/\\\/ro.quantum-medical.eu\\\/\",\"logo\":{\"@type\":\"ImageObject\",\"inLanguage\":\"en-US\",\"@id\":\"https:\\\/\\\/ro.quantum-medical.eu\\\/#\\\/schema\\\/logo\\\/image\\\/\",\"url\":\"https:\\\/\\\/ro.quantum-medical.eu\\\/wp-content\\\/uploads\\\/2021\\\/05\\\/Quantum-Medical-logo-1.svg\",\"contentUrl\":\"https:\\\/\\\/ro.quantum-medical.eu\\\/wp-content\\\/uploads\\\/2021\\\/05\\\/Quantum-Medical-logo-1.svg\",\"width\":1,\"height\":1,\"caption\":\"Quantum Medical SRL\"},\"image\":{\"@id\":\"https:\\\/\\\/ro.quantum-medical.eu\\\/#\\\/schema\\\/logo\\\/image\\\/\"},\"sameAs\":[\"https:\\\/\\\/www.facebook.com\\\/QuantumMedEU\",\"https:\\\/\\\/x.com\\\/QuantumMedEU\",\"https:\\\/\\\/www.youtube.com\\\/channel\\\/UCZTJzN8-w3F6DHAt2jh67oA\",\"https:\\\/\\\/www.instagram.com\\\/quantum_medical\\\/\"]}]}<\/script>\n<!-- \/ Yoast SEO plugin. -->","yoast_head_json":{"title":"REAC\u021aIE \u00ceN LAN\u021a &#8212; programs for our devices Quantum Medical","description":"One of the tools unique and important tools, the application CHAIN REACTION created and offered ONLY by the ED.X.","robots":{"index":"index","follow":"follow","max-snippet":"max-snippet:-1","max-image-preview":"max-image-preview:large","max-video-preview":"max-video-preview:-1"},"canonical":"https:\/\/ro.quantum-medical.eu\/index.php\/programs-for-the-eductor1-and-nucleus-devices\/chain-reaction\/","og_locale":"en_US","og_type":"article","og_title":"REAC\u021aIE \u00ceN LAN\u021a &#8212; programs for our devices Quantum Medical","og_description":"One of the tools unique and important tools, the application CHAIN REACTION created and offered ONLY by the ED.X.","og_url":"https:\/\/ro.quantum-medical.eu\/index.php\/programs-for-the-eductor1-and-nucleus-devices\/chain-reaction\/","og_site_name":"Quantum Medical","article_publisher":"https:\/\/www.facebook.com\/QuantumMedEU","article_modified_time":"2022-09-26T10:28:05+00:00","og_image":[{"width":820,"height":540,"url":"https:\/\/ro.quantum-medical.eu\/wp-content\/uploads\/2021\/04\/chain.jpg","type":"image\/jpeg"}],"twitter_card":"summary_large_image","twitter_site":"@QuantumMedEU","twitter_misc":{"Est. reading time":"3 minutes"},"schema":{"@context":"https:\/\/schema.org","@graph":[{"@type":"WebPage","@id":"https:\/\/ro.quantum-medical.eu\/index.php\/programs-for-the-eductor1-and-nucleus-devices\/chain-reaction\/","url":"https:\/\/ro.quantum-medical.eu\/index.php\/programs-for-the-eductor1-and-nucleus-devices\/chain-reaction\/","name":"REAC\u021aIE \u00ceN LAN\u021a &#8212; programs for our devices Quantum Medical","isPartOf":{"@id":"https:\/\/ro.quantum-medical.eu\/#website"},"primaryImageOfPage":{"@id":"https:\/\/ro.quantum-medical.eu\/index.php\/programs-for-the-eductor1-and-nucleus-devices\/chain-reaction\/#primaryimage"},"image":{"@id":"https:\/\/ro.quantum-medical.eu\/index.php\/programs-for-the-eductor1-and-nucleus-devices\/chain-reaction\/#primaryimage"},"thumbnailUrl":"https:\/\/ro.quantum-medical.eu\/wp-content\/uploads\/2021\/04\/chain.jpg","datePublished":"2021-04-07T09:26:06+00:00","dateModified":"2022-09-26T10:28:05+00:00","description":"One of the tools unique and important tools, the application CHAIN REACTION created and offered ONLY by the ED.X.","breadcrumb":{"@id":"https:\/\/ro.quantum-medical.eu\/index.php\/programs-for-the-eductor1-and-nucleus-devices\/chain-reaction\/#breadcrumb"},"inLanguage":"en-US","potentialAction":[{"@type":"ReadAction","target":["https:\/\/ro.quantum-medical.eu\/index.php\/programs-for-the-eductor1-and-nucleus-devices\/chain-reaction\/"]}]},{"@type":"ImageObject","inLanguage":"en-US","@id":"https:\/\/ro.quantum-medical.eu\/index.php\/programs-for-the-eductor1-and-nucleus-devices\/chain-reaction\/#primaryimage","url":"https:\/\/ro.quantum-medical.eu\/wp-content\/uploads\/2021\/04\/chain.jpg","contentUrl":"https:\/\/ro.quantum-medical.eu\/wp-content\/uploads\/2021\/04\/chain.jpg","width":820,"height":540,"caption":"Chain Reaction Program"},{"@type":"BreadcrumbList","@id":"https:\/\/ro.quantum-medical.eu\/index.php\/programs-for-the-eductor1-and-nucleus-devices\/chain-reaction\/#breadcrumb","itemListElement":[{"@type":"ListItem","position":1,"name":"Home","item":"https:\/\/ro.quantum-medical.eu\/"},{"@type":"ListItem","position":2,"name":"Programs","item":"https:\/\/ro.quantum-medical.eu\/index.php\/programs-for-the-eductor1-and-nucleus-devices\/"},{"@type":"ListItem","position":3,"name":"REAC\u021aIE \u00ceN LAN\u021a"}]},{"@type":"WebSite","@id":"https:\/\/ro.quantum-medical.eu\/#website","url":"https:\/\/ro.quantum-medical.eu\/","name":"Quantum Medical","description":"","publisher":{"@id":"https:\/\/ro.quantum-medical.eu\/#organization"},"potentialAction":[{"@type":"SearchAction","target":{"@type":"EntryPoint","urlTemplate":"https:\/\/ro.quantum-medical.eu\/?s={search_term_string}"},"query-input":{"@type":"PropertyValueSpecification","valueRequired":true,"valueName":"search_term_string"}}],"inLanguage":"en-US"},{"@type":"Organization","@id":"https:\/\/ro.quantum-medical.eu\/#organization","name":"Quantum Medical SRL","url":"https:\/\/ro.quantum-medical.eu\/","logo":{"@type":"ImageObject","inLanguage":"en-US","@id":"https:\/\/ro.quantum-medical.eu\/#\/schema\/logo\/image\/","url":"https:\/\/ro.quantum-medical.eu\/wp-content\/uploads\/2021\/05\/Quantum-Medical-logo-1.svg","contentUrl":"https:\/\/ro.quantum-medical.eu\/wp-content\/uploads\/2021\/05\/Quantum-Medical-logo-1.svg","width":1,"height":1,"caption":"Quantum Medical SRL"},"image":{"@id":"https:\/\/ro.quantum-medical.eu\/#\/schema\/logo\/image\/"},"sameAs":["https:\/\/www.facebook.com\/QuantumMedEU","https:\/\/x.com\/QuantumMedEU","https:\/\/www.youtube.com\/channel\/UCZTJzN8-w3F6DHAt2jh67oA","https:\/\/www.instagram.com\/quantum_medical\/"]}]}},"builder_content":"<a href=\"https:\/\/ro.quantum-medical.eu\/index.php\/contact\/\" > CUMP\u0102R\u0102 ACUM <\/a>","_links":{"self":[{"href":"https:\/\/ro.quantum-medical.eu\/index.php\/wp-json\/wp\/v2\/pages\/1512","targetHints":{"allow":["GET"]}}],"collection":[{"href":"https:\/\/ro.quantum-medical.eu\/index.php\/wp-json\/wp\/v2\/pages"}],"about":[{"href":"https:\/\/ro.quantum-medical.eu\/index.php\/wp-json\/wp\/v2\/types\/page"}],"author":[{"embeddable":true,"href":"https:\/\/ro.quantum-medical.eu\/index.php\/wp-json\/wp\/v2\/users\/1"}],"replies":[{"embeddable":true,"href":"https:\/\/ro.quantum-medical.eu\/index.php\/wp-json\/wp\/v2\/comments?post=1512"}],"version-history":[{"count":25,"href":"https:\/\/ro.quantum-medical.eu\/index.php\/wp-json\/wp\/v2\/pages\/1512\/revisions"}],"predecessor-version":[{"id":3178,"href":"https:\/\/ro.quantum-medical.eu\/index.php\/wp-json\/wp\/v2\/pages\/1512\/revisions\/3178"}],"up":[{"embeddable":true,"href":"https:\/\/ro.quantum-medical.eu\/index.php\/wp-json\/wp\/v2\/pages\/38"}],"wp:featuredmedia":[{"embeddable":true,"href":"https:\/\/ro.quantum-medical.eu\/index.php\/wp-json\/wp\/v2\/media\/1513"}],"wp:attachment":[{"href":"https:\/\/ro.quantum-medical.eu\/index.php\/wp-json\/wp\/v2\/media?parent=1512"}],"curies":[{"name":"wp","href":"https:\/\/api.w.org\/{rel}","templated":true}]}}