{"id":1518,"date":"2021-04-09T07:06:07","date_gmt":"2021-04-09T07:06:07","guid":{"rendered":"https:\/\/ro.quantum-medical.eu\/?page_id=1518"},"modified":"2022-09-28T09:11:01","modified_gmt":"2022-09-28T09:11:01","slug":"targeted-muscle-therapy","status":"publish","type":"page","link":"https:\/\/ro.quantum-medical.eu\/index.php\/programs-for-the-eductor1-and-nucleus-devices\/targeted-muscle-therapy\/","title":{"rendered":"TERAPIE MUSCULAR\u0102 \u021aINTIT\u0102"},"content":{"rendered":"<p>Noua aplica\u021bie uimitoare, TERAPIE MUSCULAR\u0102 \u021aINTIT\u0102 , scaneaz\u0103 incon\u0219tient corpul oferind informa\u021bii vizuale specifice despre care mu\u0219chii au nevoie de reeducare \u0219i antrenament. Sarcinile electrice subtile declan\u0219eaz\u0103 fibrele musculare specifice pentru performan\u021be maxime.<\/p>\n\n\n\n<p>S\u0103 analiz\u0103m de ce mu\u0219chii sunt at\u00e2t de importan\u021bi pentru noi.<\/p>\n\n\n\n<p>Cinci fapte amuzante despre sistemul muscular:<\/p>\n\n\n\n<ol class=\"wp-block-list\"><li>Mu\u0219chii reprezint\u0103 aproximativ 40% din greutatea total\u0103.<\/li><li>Inima este cel mai greu muncitor din corp. Pompeaz\u0103 aproape 5 litri de s\u00e2nge pe minut \u0219i 7.750 de litri pe zi.<\/li><li>Gluteus maximus este cel mai mare mu\u0219chi al corpului. Se afl\u0103 \u00een fese \u0219i ajut\u0103 oamenii s\u0103 men\u021bin\u0103 o postur\u0103 vertical\u0103.<\/li><li>Urechea con\u021bine cei mai mici mu\u0219chi din corp al\u0103turi de cele mai mici oase. Ace\u0219ti mu\u0219chi \u021bin urechea intern\u0103 \u00eempreun\u0103 \u0219i sunt conecta\u021bi la timpan.<\/li><li>Un mu\u0219chi numit maseter \u00een maxilar este cel mai puternic mu\u0219chi din greutate. Permite \u00eenchiderea din\u021bilor cu o for\u021b\u0103 de p\u00e2n\u0103 la 25 de kilograme pe incisivi sau 90 de kilograme pe molari.<\/li><\/ol>\n\n\n\n<p>Rolul mu\u0219chilor \u00eei permite unei persoane s\u0103 se mi\u0219te, s\u0103 vorbeasc\u0103 \u0219i s\u0103 mestece. Controleaz\u0103 b\u0103t\u0103ile inimii, respira\u021bia \u0219i digestia. Alte <strong>func\u021bii<\/strong> aparent f\u0103r\u0103 leg\u0103tur\u0103, inclusiv reglarea temperaturii \u0219i vederea, se bazeaz\u0103, de asemenea, pe <strong>sistemul muscular.<\/strong><\/p>\n\n\n\n<p><strong>Sistemul muscular<\/strong> este compus din celule specializate numite fibre musculare. Func\u021bia lor predominant\u0103 este contractibilitatea. Mu\u0219chii, ata\u0219a\u021bi de oase sau organe interne \u0219i vase de s\u00e2nge, sunt responsabili de mi\u0219care. Aproape toat\u0103 mi\u0219carea din corp este rezultatul contrac\u021biei musculare. Cu terapia muscular\u0103 vizat\u0103 \u00cenc\u0103rcarea electric\u0103 local\u0103 declan\u0219eaz\u0103 un val de excita\u021bie care se deplaseaz\u0103 de-a lungul fibrei musculare.<\/p>\n\n\n\n<p><strong>Mu\u0219chii <\/strong>ne permit s\u0103 fim activi \u0219i s\u0103 exercit\u0103m. Puterea noastr\u0103 vine pentru <strong>mu\u0219chii<\/strong> no\u0219tri \u0219i c\u00e2t de mult sunt folosi\u021bi. Modalit\u0103\u021bile prin care ne putem \u00eent\u0103ri <strong>mu\u0219chii<\/strong> sunt exercitarea aerob\u0103. Exerci\u021biul aerob este locul \u00een care activitatea repetitiv\u0103 \u0219i mi\u0219carea <strong>muscular\u0103<\/strong> mare ajut\u0103 mu\u0219chii s\u0103 utilizeze oxigen.<\/p>\n\n\n\n<p>Care sunt func\u021biile mu\u0219chilor?<\/p>\n\n\n\n<p><strong><u>Mi\u0219care \u0219i mobilitate<\/u><\/strong><\/p>\n\n\n\n<p>Mi\u0219carea poate fi fie mi\u0219care grosolan\u0103, mi\u0219c\u0103ri de coordonare, cum ar fi mersul \u00een fug\u0103, \u00eenot, etc., fie mi\u0219care fin\u0103, cum ar fi scrierea, vorbirea \u0219i expresiile faciale. Mi\u0219carea poate fi fie controlat\u0103 \u00een mod con\u0219tient, fie reflexiv\u0103.<\/p>\n\n\n\n<p><strong><u>Stabilitate<\/u><\/strong><\/p>\n\n\n\n<p>Tendoanele musculare se \u00eentind peste articula\u021bii \u0219i contribuie la stabilitatea articula\u021biilor. Tendoanele musculare ale articula\u021biei genunchiului \u0219i ale um\u0103rului sunt cruciale \u00een stabilizare. Mu\u0219chii de baz\u0103 sunt cei din abdomen, spate \u0219i pelvis \u0219i, de asemenea, stabilizeaz\u0103 corpul \u0219i ajut\u0103 la sarcini, cum ar fi ridicarea greut\u0103\u021bilor.<\/p>\n\n\n\n<p><strong><u>Men\u021binerea posturii<\/u><\/strong><\/p>\n\n\n\n<p>Mu\u0219chii scheletici ajut\u0103 la men\u021binerea corpului \u00een pozi\u021bia corect\u0103 atunci c\u00e2nd cineva st\u0103 sau st\u0103 \u00een picioare. Aceasta este cunoscut\u0103 sub numele de postur\u0103. O postur\u0103 bun\u0103 se bazeaz\u0103 pe mu\u0219chi puternici \u0219i flexibili. Mu\u0219chii rigizi, slabi sau str\u00e2n\u0219i contribuie la o postur\u0103 slab\u0103 \u0219i la nealiniere a corpului. Postura nepotrivit\u0103 pe termen lung duce la dureri articulare \u0219i musculare la umeri, spate, g\u00e2t \u0219i \u00een alte p\u0103r\u021bi.<\/p>\n\n\n\n<p><strong><u>Circula\u0163ie<\/u><\/strong><\/p>\n\n\n\n<p>Inima este un mu\u0219chi care pompeaz\u0103 s\u00e2ngele \u00een tot corpul. Mi\u0219carea inimii este \u00een afara controlului con\u0219tient \u0219i se contract\u0103 automat atunci c\u00e2nd este stimulat\u0103 de semnale electrice. Mu\u0219chiul neted din artere \u0219i vene joac\u0103 un rol suplimentar \u00een circula\u021bia s\u00e2ngelui \u00een jurul corpului. Ace\u0219ti mu\u0219chi men\u021bin tensiunea arterial\u0103 \u0219i circula\u021bia \u00een caz de pierdere sau deshidratare a s\u00e2ngelui. Se extind pentru a cre\u0219te fluxul de s\u00e2nge \u00een perioadele de exerci\u021bii intense c\u00e2nd corpul necesit\u0103 mai mult oxigen.<\/p>\n\n\n\n<p><strong><u>Respira\u0163ie<\/u><\/strong><\/p>\n\n\n\n<p>Respira\u021bia implic\u0103 utilizarea mu\u0219chiului diafragmului. Diafragma este un mu\u0219chi \u00een form\u0103 de cupol\u0103 situat sub pl\u0103m\u00e2ni. C\u00e2nd diafragma se contract\u0103, aceasta \u00eempinge \u00een jos, determin\u00e2nd cre\u0219terea cavit\u0103\u021bii toracice. Pl\u0103m\u00e2nii se umple apoi cu aer. C\u00e2nd mu\u0219chiul diafragmei se relaxeaz\u0103, \u00eempinge aerul din pl\u0103m\u00e2ni. C\u00e2nd cineva dore\u0219te s\u0103 respire mai ad\u00e2nc, necesit\u0103 ajutor din partea altor mu\u0219chi, inclusiv a celor din abdomen, spate \u0219i g\u00e2t.<\/p>\n\n\n\n<p><strong><u>Digestie<\/u><\/strong><\/p>\n\n\n\n<p>Sistemul muscular permite mi\u0219carea \u00een corp, de exemplu, \u00een timpul digestiei sau urin\u0103rii. Mu\u0219chii netezi \u00een tractul gastro-intestinal sau tractul gastrointestinal controleaz\u0103 digestia. Tractul GI se \u00eentinde de la gur\u0103 la anus. Alimentele se mi\u0219c\u0103 prin sistemul digestiv cu o mi\u0219care asem\u0103n\u0103toare undelor numit\u0103 peristaltism. Mu\u0219chii din pere\u021bii organelor goale se contract\u0103 \u0219i se relaxeaz\u0103 pentru a provoca aceast\u0103 mi\u0219care, care \u00eempinge alimentele prin esofag \u00een stomac. Mu\u0219chiul superior al stomacului se relaxeaz\u0103 pentru a permite p\u0103trunderea alimentelor, \u00een timp ce mu\u0219chii inferiori amestec\u0103 particulele alimentare cu acidul \u0219i enzimele stomacului. M\u00e2ncarea digerat\u0103 se deplaseaz\u0103 de la stomac la intestine prin peristaltism. De aici, mai mul\u021bi mu\u0219chi se contract\u0103 pentru a transmite alimentele din corp ca fecale.<\/p>\n\n\n\n<p><strong><u>Urinarea<\/u><\/strong><\/p>\n\n\n\n<p>Sistemul urinar cuprinde at\u00e2t mu\u0219chi netezi, c\u00e2t \u0219i mu\u0219chii scheletici, inclusiv cei din:<\/p>\n\n\n\n<ul class=\"wp-block-list\"><li>vezic\u0103<\/li><li>rinichi<\/li><li>penis sau vagin<\/li><li>prostat\u0103<\/li><li>uretere<\/li><li>uretra<\/li><\/ul>\n\n\n\n<p>Problemele urinare, cum ar fi un control slab al vezicii urinare sau re\u021binerea urinei, sunt cauzate de deteriorarea nervilor care transport\u0103 semnale c\u0103tre mu\u0219chi. Mu\u0219chii \u0219i nervii trebuie s\u0103 lucreze \u00eempreun\u0103 pentru a \u021bine \u0219i a elibera urina din vezic\u0103. Acest lucru se realizeaz\u0103 cu utilizarea programului TERAPIE MUSCULAR\u0102 \u021aINTIT\u0102.<\/p>\n\n\n\n<p><\/p>\n\n\n\n<p><strong><u>Na\u015ftere<\/u><\/strong><\/p>\n\n\n\n<p>Mu\u0219chii netezi din uter se extind \u0219i se contract\u0103 \u00een timpul na\u0219terii. Aceste mi\u0219c\u0103ri \u00eemping copilul prin vagin. De asemenea, mu\u0219chii pelvisului ajut\u0103 la ghidarea capului bebelu\u0219ului pe canalul de na\u0219tere.<\/p>\n\n\n\n<p><strong><u>Vedere<\/u><\/strong><\/p>\n\n\n\n<p>\u0218ase mu\u0219chi scheletici din jurul ochiului \u00eei controleaz\u0103 mi\u0219c\u0103rile. Ace\u0219ti mu\u0219chi func\u021bioneaz\u0103 rapid \u0219i precis \u0219i permit e<\/p>\n\n\n\n<ul class=\"wp-block-list\"><li>men\u021bine\u021bi o imagine stabil\u0103<\/li><li>scaneaz\u0103 zona \u00eenconjur\u0103toare<\/li><li>urm\u0103ri\u021bi obiecte \u00een mi\u0219care<\/li><\/ul>\n\n\n\n<p>Dac\u0103 cineva sufer\u0103 leziuni ale mu\u0219chilor oculari, aceasta \u00eei poate afecta vederea.<\/p>\n\n\n\n<p><strong><u>Protec\u021bia organelor<\/u><\/strong><\/p>\n\n\n\n<p>Mu\u0219chii din trunchi protejeaz\u0103 organele interne din fa\u021b\u0103, p\u0103r\u021bi \u0219i spate ale corpului. Oasele coloanei vertebrale \u0219i coastele ofer\u0103 o protec\u021bie suplimentar\u0103. De asemenea, mu\u0219chii protejeaz\u0103 oasele \u0219i organele absorbind \u0219ocurile \u0219i reduc\u00e2nd frecarea articula\u021biilor.<\/p>\n\n\n\n<p><strong><u>Reglarea temperaturii<\/u><\/strong><\/p>\n\n\n\n<p>Men\u021binerea temperaturii normale a corpului este o func\u021bie important\u0103 a sistemului muscular. Aproape 85% din c\u0103ldura pe care o persoan\u0103 o genereaz\u0103 \u00een corpul s\u0103u provine din contrac\u021bia mu\u0219chilor. C\u00e2nd c\u0103ldura corpului scade sub nivelurile optime, mu\u0219chii scheletici \u00ee\u0219i cresc activitatea pentru a produce c\u0103ldur\u0103. Tremurul este un exemplu al acestui mecanism. De asemenea, mu\u0219chii din vasele de s\u00e2nge se contract\u0103 pentru a men\u021bine c\u0103ldura corpului. Temperatura corpului poate fi readus\u0103 \u00een intervalul normal prin relaxarea mu\u0219chiului neted din vasele de s\u00e2nge. Aceast\u0103 ac\u021biune m\u0103re\u0219te fluxul sanguin \u0219i elibereaz\u0103 excesul de c\u0103ldur\u0103 prin piele.<\/p>\n\n\n\n<p>Programul <strong>TERAPIE MUSCULAR\u0102 \u021aINTIT\u0102<\/strong> este <strong>GRATUIT<\/strong> la achizi\u021bionarea unui dispozitiv <strong>NUCLEUS<\/strong> \u0219i poate fi achizi\u021bionat cu <strong> 1300 euro<\/strong> pentru <strong>ED.X<\/strong>. Pentru achizi\u021bionarea acestui modul <a href=\"https:\/\/ro.quantum-medical.eu\/index.php\/contact\/\">contacta\u021bi-ne<\/a>.<\/p>\n\n<!--themify_builder_content-->\n<div id=\"themify_builder_content-1518\" data-postid=\"1518\" class=\"themify_builder_content themify_builder_content-1518 themify_builder tf_clear\">\n                    <div  data-lazy=\"1\" class=\"module_row themify_builder_row tb_wlhc358 tb_first tf_w\">\n                        <div class=\"row_inner col_align_top tb_col_count_1 tf_box tf_rel\">\n                        <div  data-lazy=\"1\" class=\"module_column tb-column col-full tb_i2s0359 first\">\n                    <!-- module buttons -->\n<div  class=\"module module-buttons tb_q7e98 buttons-horizontal solid  circle buttons-fullwidth hover-wow wow\" data-tf-animation_hover=\"pulse\" data-tf-animation=\"bounce\" data-tf-animation_delay=\"1\" data-lazy=\"1\">\n        <div class=\"module-buttons-item tf_in_flx\">\n                        <a href=\"https:\/\/ro.quantum-medical.eu\/index.php\/contact\/\" class=\"ui builder_button tf_in_flx black\" >\n                                                CUMP\u0102R\u0102 ACUM                                        <\/a>\n                <\/div>\n            <\/div>\n<!-- \/module buttons -->\n        <\/div>\n                        <\/div>\n        <\/div>\n        <\/div>\n<!--\/themify_builder_content-->\n\n\n<p><\/p><!-- AddThis Advanced Settings generic via filter on the_content --><!-- AddThis Share Buttons generic via filter on the_content -->","protected":false},"excerpt":{"rendered":"<p>Noua aplica\u021bie uimitoare, TERAPIE MUSCULAR\u0102 \u021aINTIT\u0102 , scaneaz\u0103 incon\u0219tient corpul oferind informa\u021bii vizuale specifice despre care mu\u0219chii au nevoie de reeducare \u0219i antrenament. Sarcinile electrice subtile declan\u0219eaz\u0103 fibrele musculare specifice pentru performan\u021be maxime. S\u0103 analiz\u0103m de ce mu\u0219chii sunt at\u00e2t de importan\u021bi pentru noi. Cinci fapte amuzante despre sistemul muscular: Mu\u0219chii reprezint\u0103 aproximativ 40% din [&hellip;]<!-- AddThis Advanced Settings generic via filter on get_the_excerpt --><!-- AddThis Share Buttons generic via filter on get_the_excerpt --><\/p>\n","protected":false},"author":1,"featured_media":1519,"parent":38,"menu_order":120,"comment_status":"closed","ping_status":"closed","template":"","meta":{"inline_featured_image":false,"footnotes":""},"class_list":["post-1518","page","type-page","status-publish","has-post-thumbnail","hentry","has-post-title","has-post-date","has-post-category","has-post-tag","has-post-comment","has-post-author",""],"yoast_head":"<!-- This site is optimized with the Yoast SEO plugin v27.4 - https:\/\/yoast.com\/product\/yoast-seo-wordpress\/ -->\n<title>TERAPIE MUSCULAR\u0102 \u021aINTIT\u0102 &#8212; -subprograms- Quantum Medical<\/title>\n<meta name=\"description\" content=\"The new application, Targeted Muscle Therapy, scans the body providing specific visual information of which muscles need re-education\" \/>\n<meta name=\"robots\" content=\"index, follow, max-snippet:-1, max-image-preview:large, max-video-preview:-1\" \/>\n<link rel=\"canonical\" href=\"https:\/\/ro.quantum-medical.eu\/index.php\/programs-for-the-eductor1-and-nucleus-devices\/targeted-muscle-therapy\/\" \/>\n<meta property=\"og:locale\" content=\"en_US\" \/>\n<meta property=\"og:type\" content=\"article\" \/>\n<meta property=\"og:title\" content=\"TERAPIE MUSCULAR\u0102 \u021aINTIT\u0102 &#8212; -subprograms- Quantum Medical\" \/>\n<meta property=\"og:description\" content=\"The new application, Targeted Muscle Therapy, scans the body providing specific visual information of which muscles need re-education\" \/>\n<meta property=\"og:url\" content=\"https:\/\/ro.quantum-medical.eu\/index.php\/programs-for-the-eductor1-and-nucleus-devices\/targeted-muscle-therapy\/\" \/>\n<meta property=\"og:site_name\" content=\"Quantum Medical\" \/>\n<meta property=\"article:publisher\" content=\"https:\/\/www.facebook.com\/QuantumMedEU\" \/>\n<meta property=\"article:modified_time\" content=\"2022-09-28T09:11:01+00:00\" \/>\n<meta property=\"og:image\" content=\"https:\/\/ro.quantum-medical.eu\/wp-content\/uploads\/2021\/04\/muscle.jpg\" \/>\n\t<meta property=\"og:image:width\" content=\"2000\" \/>\n\t<meta property=\"og:image:height\" content=\"845\" \/>\n\t<meta property=\"og:image:type\" content=\"image\/jpeg\" \/>\n<meta name=\"twitter:card\" content=\"summary_large_image\" \/>\n<meta name=\"twitter:site\" content=\"@QuantumMedEU\" \/>\n<meta name=\"twitter:label1\" content=\"Est. reading time\" \/>\n\t<meta name=\"twitter:data1\" content=\"5 minutes\" \/>\n<script type=\"application\/ld+json\" class=\"yoast-schema-graph\">{\"@context\":\"https:\\\/\\\/schema.org\",\"@graph\":[{\"@type\":\"WebPage\",\"@id\":\"https:\\\/\\\/ro.quantum-medical.eu\\\/index.php\\\/programs-for-the-eductor1-and-nucleus-devices\\\/targeted-muscle-therapy\\\/\",\"url\":\"https:\\\/\\\/ro.quantum-medical.eu\\\/index.php\\\/programs-for-the-eductor1-and-nucleus-devices\\\/targeted-muscle-therapy\\\/\",\"name\":\"TERAPIE MUSCULAR\u0102 \u021aINTIT\u0102 &#8212; -subprograms- Quantum Medical\",\"isPartOf\":{\"@id\":\"https:\\\/\\\/ro.quantum-medical.eu\\\/#website\"},\"primaryImageOfPage\":{\"@id\":\"https:\\\/\\\/ro.quantum-medical.eu\\\/index.php\\\/programs-for-the-eductor1-and-nucleus-devices\\\/targeted-muscle-therapy\\\/#primaryimage\"},\"image\":{\"@id\":\"https:\\\/\\\/ro.quantum-medical.eu\\\/index.php\\\/programs-for-the-eductor1-and-nucleus-devices\\\/targeted-muscle-therapy\\\/#primaryimage\"},\"thumbnailUrl\":\"https:\\\/\\\/ro.quantum-medical.eu\\\/wp-content\\\/uploads\\\/2021\\\/04\\\/muscle.jpg\",\"datePublished\":\"2021-04-09T07:06:07+00:00\",\"dateModified\":\"2022-09-28T09:11:01+00:00\",\"description\":\"The new application, Targeted Muscle Therapy, scans the body providing specific visual information of which muscles need re-education\",\"breadcrumb\":{\"@id\":\"https:\\\/\\\/ro.quantum-medical.eu\\\/index.php\\\/programs-for-the-eductor1-and-nucleus-devices\\\/targeted-muscle-therapy\\\/#breadcrumb\"},\"inLanguage\":\"en-US\",\"potentialAction\":[{\"@type\":\"ReadAction\",\"target\":[\"https:\\\/\\\/ro.quantum-medical.eu\\\/index.php\\\/programs-for-the-eductor1-and-nucleus-devices\\\/targeted-muscle-therapy\\\/\"]}]},{\"@type\":\"ImageObject\",\"inLanguage\":\"en-US\",\"@id\":\"https:\\\/\\\/ro.quantum-medical.eu\\\/index.php\\\/programs-for-the-eductor1-and-nucleus-devices\\\/targeted-muscle-therapy\\\/#primaryimage\",\"url\":\"https:\\\/\\\/ro.quantum-medical.eu\\\/wp-content\\\/uploads\\\/2021\\\/04\\\/muscle.jpg\",\"contentUrl\":\"https:\\\/\\\/ro.quantum-medical.eu\\\/wp-content\\\/uploads\\\/2021\\\/04\\\/muscle.jpg\",\"width\":2000,\"height\":845,\"caption\":\"Targeted Muscle Theraoy\"},{\"@type\":\"BreadcrumbList\",\"@id\":\"https:\\\/\\\/ro.quantum-medical.eu\\\/index.php\\\/programs-for-the-eductor1-and-nucleus-devices\\\/targeted-muscle-therapy\\\/#breadcrumb\",\"itemListElement\":[{\"@type\":\"ListItem\",\"position\":1,\"name\":\"Home\",\"item\":\"https:\\\/\\\/ro.quantum-medical.eu\\\/\"},{\"@type\":\"ListItem\",\"position\":2,\"name\":\"Programs\",\"item\":\"https:\\\/\\\/ro.quantum-medical.eu\\\/index.php\\\/programs-for-the-eductor1-and-nucleus-devices\\\/\"},{\"@type\":\"ListItem\",\"position\":3,\"name\":\"TERAPIE MUSCULAR\u0102 \u021aINTIT\u0102\"}]},{\"@type\":\"WebSite\",\"@id\":\"https:\\\/\\\/ro.quantum-medical.eu\\\/#website\",\"url\":\"https:\\\/\\\/ro.quantum-medical.eu\\\/\",\"name\":\"Quantum Medical\",\"description\":\"\",\"publisher\":{\"@id\":\"https:\\\/\\\/ro.quantum-medical.eu\\\/#organization\"},\"potentialAction\":[{\"@type\":\"SearchAction\",\"target\":{\"@type\":\"EntryPoint\",\"urlTemplate\":\"https:\\\/\\\/ro.quantum-medical.eu\\\/?s={search_term_string}\"},\"query-input\":{\"@type\":\"PropertyValueSpecification\",\"valueRequired\":true,\"valueName\":\"search_term_string\"}}],\"inLanguage\":\"en-US\"},{\"@type\":\"Organization\",\"@id\":\"https:\\\/\\\/ro.quantum-medical.eu\\\/#organization\",\"name\":\"Quantum Medical SRL\",\"url\":\"https:\\\/\\\/ro.quantum-medical.eu\\\/\",\"logo\":{\"@type\":\"ImageObject\",\"inLanguage\":\"en-US\",\"@id\":\"https:\\\/\\\/ro.quantum-medical.eu\\\/#\\\/schema\\\/logo\\\/image\\\/\",\"url\":\"https:\\\/\\\/ro.quantum-medical.eu\\\/wp-content\\\/uploads\\\/2021\\\/05\\\/Quantum-Medical-logo-1.svg\",\"contentUrl\":\"https:\\\/\\\/ro.quantum-medical.eu\\\/wp-content\\\/uploads\\\/2021\\\/05\\\/Quantum-Medical-logo-1.svg\",\"width\":1,\"height\":1,\"caption\":\"Quantum Medical SRL\"},\"image\":{\"@id\":\"https:\\\/\\\/ro.quantum-medical.eu\\\/#\\\/schema\\\/logo\\\/image\\\/\"},\"sameAs\":[\"https:\\\/\\\/www.facebook.com\\\/QuantumMedEU\",\"https:\\\/\\\/x.com\\\/QuantumMedEU\",\"https:\\\/\\\/www.youtube.com\\\/channel\\\/UCZTJzN8-w3F6DHAt2jh67oA\",\"https:\\\/\\\/www.instagram.com\\\/quantum_medical\\\/\"]}]}<\/script>\n<!-- \/ Yoast SEO plugin. -->","yoast_head_json":{"title":"TERAPIE MUSCULAR\u0102 \u021aINTIT\u0102 &#8212; -subprograms- Quantum Medical","description":"The new application, Targeted Muscle Therapy, scans the body providing specific visual information of which muscles need re-education","robots":{"index":"index","follow":"follow","max-snippet":"max-snippet:-1","max-image-preview":"max-image-preview:large","max-video-preview":"max-video-preview:-1"},"canonical":"https:\/\/ro.quantum-medical.eu\/index.php\/programs-for-the-eductor1-and-nucleus-devices\/targeted-muscle-therapy\/","og_locale":"en_US","og_type":"article","og_title":"TERAPIE MUSCULAR\u0102 \u021aINTIT\u0102 &#8212; -subprograms- Quantum Medical","og_description":"The new application, Targeted Muscle Therapy, scans the body providing specific visual information of which muscles need re-education","og_url":"https:\/\/ro.quantum-medical.eu\/index.php\/programs-for-the-eductor1-and-nucleus-devices\/targeted-muscle-therapy\/","og_site_name":"Quantum Medical","article_publisher":"https:\/\/www.facebook.com\/QuantumMedEU","article_modified_time":"2022-09-28T09:11:01+00:00","og_image":[{"width":2000,"height":845,"url":"https:\/\/ro.quantum-medical.eu\/wp-content\/uploads\/2021\/04\/muscle.jpg","type":"image\/jpeg"}],"twitter_card":"summary_large_image","twitter_site":"@QuantumMedEU","twitter_misc":{"Est. reading time":"5 minutes"},"schema":{"@context":"https:\/\/schema.org","@graph":[{"@type":"WebPage","@id":"https:\/\/ro.quantum-medical.eu\/index.php\/programs-for-the-eductor1-and-nucleus-devices\/targeted-muscle-therapy\/","url":"https:\/\/ro.quantum-medical.eu\/index.php\/programs-for-the-eductor1-and-nucleus-devices\/targeted-muscle-therapy\/","name":"TERAPIE MUSCULAR\u0102 \u021aINTIT\u0102 &#8212; -subprograms- Quantum Medical","isPartOf":{"@id":"https:\/\/ro.quantum-medical.eu\/#website"},"primaryImageOfPage":{"@id":"https:\/\/ro.quantum-medical.eu\/index.php\/programs-for-the-eductor1-and-nucleus-devices\/targeted-muscle-therapy\/#primaryimage"},"image":{"@id":"https:\/\/ro.quantum-medical.eu\/index.php\/programs-for-the-eductor1-and-nucleus-devices\/targeted-muscle-therapy\/#primaryimage"},"thumbnailUrl":"https:\/\/ro.quantum-medical.eu\/wp-content\/uploads\/2021\/04\/muscle.jpg","datePublished":"2021-04-09T07:06:07+00:00","dateModified":"2022-09-28T09:11:01+00:00","description":"The new application, Targeted Muscle Therapy, scans the body providing specific visual information of which muscles need re-education","breadcrumb":{"@id":"https:\/\/ro.quantum-medical.eu\/index.php\/programs-for-the-eductor1-and-nucleus-devices\/targeted-muscle-therapy\/#breadcrumb"},"inLanguage":"en-US","potentialAction":[{"@type":"ReadAction","target":["https:\/\/ro.quantum-medical.eu\/index.php\/programs-for-the-eductor1-and-nucleus-devices\/targeted-muscle-therapy\/"]}]},{"@type":"ImageObject","inLanguage":"en-US","@id":"https:\/\/ro.quantum-medical.eu\/index.php\/programs-for-the-eductor1-and-nucleus-devices\/targeted-muscle-therapy\/#primaryimage","url":"https:\/\/ro.quantum-medical.eu\/wp-content\/uploads\/2021\/04\/muscle.jpg","contentUrl":"https:\/\/ro.quantum-medical.eu\/wp-content\/uploads\/2021\/04\/muscle.jpg","width":2000,"height":845,"caption":"Targeted Muscle Theraoy"},{"@type":"BreadcrumbList","@id":"https:\/\/ro.quantum-medical.eu\/index.php\/programs-for-the-eductor1-and-nucleus-devices\/targeted-muscle-therapy\/#breadcrumb","itemListElement":[{"@type":"ListItem","position":1,"name":"Home","item":"https:\/\/ro.quantum-medical.eu\/"},{"@type":"ListItem","position":2,"name":"Programs","item":"https:\/\/ro.quantum-medical.eu\/index.php\/programs-for-the-eductor1-and-nucleus-devices\/"},{"@type":"ListItem","position":3,"name":"TERAPIE MUSCULAR\u0102 \u021aINTIT\u0102"}]},{"@type":"WebSite","@id":"https:\/\/ro.quantum-medical.eu\/#website","url":"https:\/\/ro.quantum-medical.eu\/","name":"Quantum Medical","description":"","publisher":{"@id":"https:\/\/ro.quantum-medical.eu\/#organization"},"potentialAction":[{"@type":"SearchAction","target":{"@type":"EntryPoint","urlTemplate":"https:\/\/ro.quantum-medical.eu\/?s={search_term_string}"},"query-input":{"@type":"PropertyValueSpecification","valueRequired":true,"valueName":"search_term_string"}}],"inLanguage":"en-US"},{"@type":"Organization","@id":"https:\/\/ro.quantum-medical.eu\/#organization","name":"Quantum Medical SRL","url":"https:\/\/ro.quantum-medical.eu\/","logo":{"@type":"ImageObject","inLanguage":"en-US","@id":"https:\/\/ro.quantum-medical.eu\/#\/schema\/logo\/image\/","url":"https:\/\/ro.quantum-medical.eu\/wp-content\/uploads\/2021\/05\/Quantum-Medical-logo-1.svg","contentUrl":"https:\/\/ro.quantum-medical.eu\/wp-content\/uploads\/2021\/05\/Quantum-Medical-logo-1.svg","width":1,"height":1,"caption":"Quantum Medical SRL"},"image":{"@id":"https:\/\/ro.quantum-medical.eu\/#\/schema\/logo\/image\/"},"sameAs":["https:\/\/www.facebook.com\/QuantumMedEU","https:\/\/x.com\/QuantumMedEU","https:\/\/www.youtube.com\/channel\/UCZTJzN8-w3F6DHAt2jh67oA","https:\/\/www.instagram.com\/quantum_medical\/"]}]}},"builder_content":"<a href=\"https:\/\/ro.quantum-medical.eu\/index.php\/contact\/\" > CUMP\u0102R\u0102 ACUM <\/a>","_links":{"self":[{"href":"https:\/\/ro.quantum-medical.eu\/index.php\/wp-json\/wp\/v2\/pages\/1518","targetHints":{"allow":["GET"]}}],"collection":[{"href":"https:\/\/ro.quantum-medical.eu\/index.php\/wp-json\/wp\/v2\/pages"}],"about":[{"href":"https:\/\/ro.quantum-medical.eu\/index.php\/wp-json\/wp\/v2\/types\/page"}],"author":[{"embeddable":true,"href":"https:\/\/ro.quantum-medical.eu\/index.php\/wp-json\/wp\/v2\/users\/1"}],"replies":[{"embeddable":true,"href":"https:\/\/ro.quantum-medical.eu\/index.php\/wp-json\/wp\/v2\/comments?post=1518"}],"version-history":[{"count":17,"href":"https:\/\/ro.quantum-medical.eu\/index.php\/wp-json\/wp\/v2\/pages\/1518\/revisions"}],"predecessor-version":[{"id":3207,"href":"https:\/\/ro.quantum-medical.eu\/index.php\/wp-json\/wp\/v2\/pages\/1518\/revisions\/3207"}],"up":[{"embeddable":true,"href":"https:\/\/ro.quantum-medical.eu\/index.php\/wp-json\/wp\/v2\/pages\/38"}],"wp:featuredmedia":[{"embeddable":true,"href":"https:\/\/ro.quantum-medical.eu\/index.php\/wp-json\/wp\/v2\/media\/1519"}],"wp:attachment":[{"href":"https:\/\/ro.quantum-medical.eu\/index.php\/wp-json\/wp\/v2\/media?parent=1518"}],"curies":[{"name":"wp","href":"https:\/\/api.w.org\/{rel}","templated":true}]}}