{"id":1609,"date":"2021-04-12T08:29:19","date_gmt":"2021-04-12T08:29:19","guid":{"rendered":"https:\/\/ro.quantum-medical.eu\/?page_id=1609"},"modified":"2022-09-27T09:05:43","modified_gmt":"2022-09-27T09:05:43","slug":"disease-dictionary","status":"publish","type":"page","link":"https:\/\/ro.quantum-medical.eu\/index.php\/programs-for-the-eductor1-and-nucleus-devices\/disease-dictionary\/","title":{"rendered":"DIC\u021aIONAR DE BOLI"},"content":{"rendered":"<p>DIC\u021aIONAR DE BOLI este \u00eenc\u0103 o alt\u0103 aplica\u021bie adjuvant\u0103 special\u0103 care \u00eembun\u0103t\u0103\u021be\u0219te \u0219i completeaz\u0103 terapia cu dispozitivele <a href=\"https:\/\/ro.quantum-medical.eu\/index.php\/devices\/eductor1-quantum-biofeedback-system\/\">ED.X <\/a>\u0219i <a href=\"https:\/\/ro.quantum-medical.eu\/index.php\/devices\/nucleus-quantum-biofeedback-system\/\">NUCLEUS<\/a>.<\/p>\n\n\n\n<p>DIC\u021aIONAR DE BOLI con\u021bine o bibliotec\u0103 de boli care pot fi abordate \u0219i sunt foarte utile pentru ad\u0103ugarea unui accent specific asupra terapiei dumneavoastr\u0103, cu op\u021biunea de alegere incon\u0219tient\u0103.<\/p>\n\n\n\n<p>\u00cen plus, ave\u021bi de ales \u00eentre diferite panouri terapeutice \u0219i informative, cum ar fi <a href=\"https:\/\/en.wikipedia.org\/wiki\/Traditional_Chinese_medicine\">Acupunctur\u0103 Oriental\u0103 Chinez\u0103<\/a>, afirma\u021bii pentru corectarea mental\u0103, factori de cauz\u0103 mental\u0103 posibili, defini\u021bii medicale, ajust\u0103ri chiropractice \u0219i osteopatice, coduri ICD 9, electro-acupunctur\u0103, program chinezesc Dr. Barefoot, homeopatie, medicin\u0103 comportamental\u0103 \u0219i naturopatie pentru a aborda fiecare alegere a bolii oferindu-v\u0103, de asemenea, posibilitatea de a aplica tipul de terapie care se potrive\u0219te cel mai bine clientului dumneavoastr\u0103.<\/p>\n\n\n\n<p>Terapiile adjuvante precum aceasta sunt vitale \u00een timpul terapiei, cre\u00e2nd un efect mai puternic, mai precis \u0219i mai concentrat pentru terapia dumneavoastr\u0103.<\/p>\n\n\n\n<p>Programul <strong>DIC\u021aIONAR DE BOLI<\/strong> este <strong>GRATUIT<\/strong> la achizi\u021bionarea unui dispozitiv <strong>NUCLEUS<\/strong> \u0219i poate fi achizi\u021bionat cu <strong>1000 euro<\/strong> pentru <strong>ED.X<\/strong>. Pentru achizi\u021bionarea acestui modul <a href=\"https:\/\/ro.quantum-medical.eu\/index.php\/contact\/\">contacta\u021bi-ne<\/a>.<\/p>\n\n<!--themify_builder_content-->\n<div id=\"themify_builder_content-1609\" data-postid=\"1609\" class=\"themify_builder_content themify_builder_content-1609 themify_builder tf_clear\">\n                    <div  data-lazy=\"1\" class=\"module_row themify_builder_row tb_4vgm804 tb_first tf_w\">\n                        <div class=\"row_inner col_align_top tb_col_count_1 tf_box tf_rel\">\n                        <div  data-lazy=\"1\" class=\"module_column tb-column col-full tb_3c1f806 first\">\n                    <!-- module buttons -->\n<div  class=\"module module-buttons tb_p05m806 buttons-horizontal solid  circle buttons-fullwidth hover-wow wow\" data-tf-animation_hover=\"pulse\" data-tf-animation=\"bounce\" data-tf-animation_delay=\"1\" data-lazy=\"1\">\n        <div class=\"module-buttons-item tf_in_flx\">\n                        <a href=\"https:\/\/ro.quantum-medical.eu\/index.php\/contact\/\" class=\"ui builder_button tf_in_flx black\" >\n                                                CUMP\u0102R\u0102 ACUM                                        <\/a>\n                <\/div>\n            <\/div>\n<!-- \/module buttons -->\n        <\/div>\n                        <\/div>\n        <\/div>\n        <\/div>\n<!--\/themify_builder_content-->\n\n\n<p><\/p><!-- AddThis Advanced Settings generic via filter on the_content --><!-- AddThis Share Buttons generic via filter on the_content -->","protected":false},"excerpt":{"rendered":"<p>DIC\u021aIONAR DE BOLI este \u00eenc\u0103 o alt\u0103 aplica\u021bie adjuvant\u0103 special\u0103 care \u00eembun\u0103t\u0103\u021be\u0219te \u0219i completeaz\u0103 terapia cu dispozitivele ED.X \u0219i NUCLEUS. DIC\u021aIONAR DE BOLI con\u021bine o bibliotec\u0103 de boli care pot fi abordate \u0219i sunt foarte utile pentru ad\u0103ugarea unui accent specific asupra terapiei dumneavoastr\u0103, cu op\u021biunea de alegere incon\u0219tient\u0103. \u00cen plus, ave\u021bi de ales \u00eentre [&hellip;]<!-- AddThis Advanced Settings generic via filter on get_the_excerpt --><!-- AddThis Share Buttons generic via filter on get_the_excerpt --><\/p>\n","protected":false},"author":2,"featured_media":1610,"parent":38,"menu_order":120,"comment_status":"closed","ping_status":"closed","template":"","meta":{"inline_featured_image":false,"footnotes":""},"class_list":["post-1609","page","type-page","status-publish","has-post-thumbnail","hentry","has-post-title","has-post-date","has-post-category","has-post-tag","has-post-comment","has-post-author",""],"yoast_head":"<!-- This site is optimized with the Yoast SEO plugin v27.4 - https:\/\/yoast.com\/product\/yoast-seo-wordpress\/ -->\n<title>DIC\u021aIONAR DE BOLI &#8212; programs for our devices Quantum Medical<\/title>\n<meta name=\"description\" content=\"The Disease Dictionary is yet another special adjunct application enhancing and complimenting therapy with the ED.X and NUCLEUS devices.\" \/>\n<meta name=\"robots\" content=\"index, follow, max-snippet:-1, max-image-preview:large, max-video-preview:-1\" \/>\n<link rel=\"canonical\" href=\"https:\/\/ro.quantum-medical.eu\/index.php\/programs-for-the-eductor1-and-nucleus-devices\/disease-dictionary\/\" \/>\n<meta property=\"og:locale\" content=\"en_US\" \/>\n<meta property=\"og:type\" content=\"article\" \/>\n<meta property=\"og:title\" content=\"DIC\u021aIONAR DE BOLI &#8212; programs for our devices Quantum Medical\" \/>\n<meta property=\"og:description\" content=\"The Disease Dictionary is yet another special adjunct application enhancing and complimenting therapy with the ED.X and NUCLEUS devices.\" \/>\n<meta property=\"og:url\" content=\"https:\/\/ro.quantum-medical.eu\/index.php\/programs-for-the-eductor1-and-nucleus-devices\/disease-dictionary\/\" \/>\n<meta property=\"og:site_name\" content=\"Quantum Medical\" \/>\n<meta property=\"article:publisher\" content=\"https:\/\/www.facebook.com\/QuantumMedEU\" \/>\n<meta property=\"article:modified_time\" content=\"2022-09-27T09:05:43+00:00\" \/>\n<meta property=\"og:image\" content=\"https:\/\/ro.quantum-medical.eu\/wp-content\/uploads\/2021\/04\/dd.jpg\" \/>\n\t<meta property=\"og:image:width\" content=\"2000\" \/>\n\t<meta property=\"og:image:height\" content=\"1265\" \/>\n\t<meta property=\"og:image:type\" content=\"image\/jpeg\" \/>\n<meta name=\"twitter:card\" content=\"summary_large_image\" \/>\n<meta name=\"twitter:site\" content=\"@QuantumMedEU\" \/>\n<meta name=\"twitter:label1\" content=\"Est. reading time\" \/>\n\t<meta name=\"twitter:data1\" content=\"1 minute\" \/>\n<script type=\"application\/ld+json\" class=\"yoast-schema-graph\">{\"@context\":\"https:\\\/\\\/schema.org\",\"@graph\":[{\"@type\":\"WebPage\",\"@id\":\"https:\\\/\\\/ro.quantum-medical.eu\\\/index.php\\\/programs-for-the-eductor1-and-nucleus-devices\\\/disease-dictionary\\\/\",\"url\":\"https:\\\/\\\/ro.quantum-medical.eu\\\/index.php\\\/programs-for-the-eductor1-and-nucleus-devices\\\/disease-dictionary\\\/\",\"name\":\"DIC\u021aIONAR DE BOLI &#8212; programs for our devices Quantum Medical\",\"isPartOf\":{\"@id\":\"https:\\\/\\\/ro.quantum-medical.eu\\\/#website\"},\"primaryImageOfPage\":{\"@id\":\"https:\\\/\\\/ro.quantum-medical.eu\\\/index.php\\\/programs-for-the-eductor1-and-nucleus-devices\\\/disease-dictionary\\\/#primaryimage\"},\"image\":{\"@id\":\"https:\\\/\\\/ro.quantum-medical.eu\\\/index.php\\\/programs-for-the-eductor1-and-nucleus-devices\\\/disease-dictionary\\\/#primaryimage\"},\"thumbnailUrl\":\"https:\\\/\\\/ro.quantum-medical.eu\\\/wp-content\\\/uploads\\\/2021\\\/04\\\/dd.jpg\",\"datePublished\":\"2021-04-12T08:29:19+00:00\",\"dateModified\":\"2022-09-27T09:05:43+00:00\",\"description\":\"The Disease Dictionary is yet another special adjunct application enhancing and complimenting therapy with the ED.X and NUCLEUS devices.\",\"breadcrumb\":{\"@id\":\"https:\\\/\\\/ro.quantum-medical.eu\\\/index.php\\\/programs-for-the-eductor1-and-nucleus-devices\\\/disease-dictionary\\\/#breadcrumb\"},\"inLanguage\":\"en-US\",\"potentialAction\":[{\"@type\":\"ReadAction\",\"target\":[\"https:\\\/\\\/ro.quantum-medical.eu\\\/index.php\\\/programs-for-the-eductor1-and-nucleus-devices\\\/disease-dictionary\\\/\"]}]},{\"@type\":\"ImageObject\",\"inLanguage\":\"en-US\",\"@id\":\"https:\\\/\\\/ro.quantum-medical.eu\\\/index.php\\\/programs-for-the-eductor1-and-nucleus-devices\\\/disease-dictionary\\\/#primaryimage\",\"url\":\"https:\\\/\\\/ro.quantum-medical.eu\\\/wp-content\\\/uploads\\\/2021\\\/04\\\/dd.jpg\",\"contentUrl\":\"https:\\\/\\\/ro.quantum-medical.eu\\\/wp-content\\\/uploads\\\/2021\\\/04\\\/dd.jpg\",\"width\":2000,\"height\":1265,\"caption\":\"Disease Dictionary\"},{\"@type\":\"BreadcrumbList\",\"@id\":\"https:\\\/\\\/ro.quantum-medical.eu\\\/index.php\\\/programs-for-the-eductor1-and-nucleus-devices\\\/disease-dictionary\\\/#breadcrumb\",\"itemListElement\":[{\"@type\":\"ListItem\",\"position\":1,\"name\":\"Home\",\"item\":\"https:\\\/\\\/ro.quantum-medical.eu\\\/\"},{\"@type\":\"ListItem\",\"position\":2,\"name\":\"Programs\",\"item\":\"https:\\\/\\\/ro.quantum-medical.eu\\\/index.php\\\/programs-for-the-eductor1-and-nucleus-devices\\\/\"},{\"@type\":\"ListItem\",\"position\":3,\"name\":\"DIC\u021aIONAR DE BOLI\"}]},{\"@type\":\"WebSite\",\"@id\":\"https:\\\/\\\/ro.quantum-medical.eu\\\/#website\",\"url\":\"https:\\\/\\\/ro.quantum-medical.eu\\\/\",\"name\":\"Quantum Medical\",\"description\":\"\",\"publisher\":{\"@id\":\"https:\\\/\\\/ro.quantum-medical.eu\\\/#organization\"},\"potentialAction\":[{\"@type\":\"SearchAction\",\"target\":{\"@type\":\"EntryPoint\",\"urlTemplate\":\"https:\\\/\\\/ro.quantum-medical.eu\\\/?s={search_term_string}\"},\"query-input\":{\"@type\":\"PropertyValueSpecification\",\"valueRequired\":true,\"valueName\":\"search_term_string\"}}],\"inLanguage\":\"en-US\"},{\"@type\":\"Organization\",\"@id\":\"https:\\\/\\\/ro.quantum-medical.eu\\\/#organization\",\"name\":\"Quantum Medical SRL\",\"url\":\"https:\\\/\\\/ro.quantum-medical.eu\\\/\",\"logo\":{\"@type\":\"ImageObject\",\"inLanguage\":\"en-US\",\"@id\":\"https:\\\/\\\/ro.quantum-medical.eu\\\/#\\\/schema\\\/logo\\\/image\\\/\",\"url\":\"https:\\\/\\\/ro.quantum-medical.eu\\\/wp-content\\\/uploads\\\/2021\\\/05\\\/Quantum-Medical-logo-1.svg\",\"contentUrl\":\"https:\\\/\\\/ro.quantum-medical.eu\\\/wp-content\\\/uploads\\\/2021\\\/05\\\/Quantum-Medical-logo-1.svg\",\"width\":1,\"height\":1,\"caption\":\"Quantum Medical SRL\"},\"image\":{\"@id\":\"https:\\\/\\\/ro.quantum-medical.eu\\\/#\\\/schema\\\/logo\\\/image\\\/\"},\"sameAs\":[\"https:\\\/\\\/www.facebook.com\\\/QuantumMedEU\",\"https:\\\/\\\/x.com\\\/QuantumMedEU\",\"https:\\\/\\\/www.youtube.com\\\/channel\\\/UCZTJzN8-w3F6DHAt2jh67oA\",\"https:\\\/\\\/www.instagram.com\\\/quantum_medical\\\/\"]}]}<\/script>\n<!-- \/ Yoast SEO plugin. -->","yoast_head_json":{"title":"DIC\u021aIONAR DE BOLI &#8212; programs for our devices Quantum Medical","description":"The Disease Dictionary is yet another special adjunct application enhancing and complimenting therapy with the ED.X and NUCLEUS devices.","robots":{"index":"index","follow":"follow","max-snippet":"max-snippet:-1","max-image-preview":"max-image-preview:large","max-video-preview":"max-video-preview:-1"},"canonical":"https:\/\/ro.quantum-medical.eu\/index.php\/programs-for-the-eductor1-and-nucleus-devices\/disease-dictionary\/","og_locale":"en_US","og_type":"article","og_title":"DIC\u021aIONAR DE BOLI &#8212; programs for our devices Quantum Medical","og_description":"The Disease Dictionary is yet another special adjunct application enhancing and complimenting therapy with the ED.X and NUCLEUS devices.","og_url":"https:\/\/ro.quantum-medical.eu\/index.php\/programs-for-the-eductor1-and-nucleus-devices\/disease-dictionary\/","og_site_name":"Quantum Medical","article_publisher":"https:\/\/www.facebook.com\/QuantumMedEU","article_modified_time":"2022-09-27T09:05:43+00:00","og_image":[{"width":2000,"height":1265,"url":"https:\/\/ro.quantum-medical.eu\/wp-content\/uploads\/2021\/04\/dd.jpg","type":"image\/jpeg"}],"twitter_card":"summary_large_image","twitter_site":"@QuantumMedEU","twitter_misc":{"Est. reading time":"1 minute"},"schema":{"@context":"https:\/\/schema.org","@graph":[{"@type":"WebPage","@id":"https:\/\/ro.quantum-medical.eu\/index.php\/programs-for-the-eductor1-and-nucleus-devices\/disease-dictionary\/","url":"https:\/\/ro.quantum-medical.eu\/index.php\/programs-for-the-eductor1-and-nucleus-devices\/disease-dictionary\/","name":"DIC\u021aIONAR DE BOLI &#8212; programs for our devices Quantum Medical","isPartOf":{"@id":"https:\/\/ro.quantum-medical.eu\/#website"},"primaryImageOfPage":{"@id":"https:\/\/ro.quantum-medical.eu\/index.php\/programs-for-the-eductor1-and-nucleus-devices\/disease-dictionary\/#primaryimage"},"image":{"@id":"https:\/\/ro.quantum-medical.eu\/index.php\/programs-for-the-eductor1-and-nucleus-devices\/disease-dictionary\/#primaryimage"},"thumbnailUrl":"https:\/\/ro.quantum-medical.eu\/wp-content\/uploads\/2021\/04\/dd.jpg","datePublished":"2021-04-12T08:29:19+00:00","dateModified":"2022-09-27T09:05:43+00:00","description":"The Disease Dictionary is yet another special adjunct application enhancing and complimenting therapy with the ED.X and NUCLEUS devices.","breadcrumb":{"@id":"https:\/\/ro.quantum-medical.eu\/index.php\/programs-for-the-eductor1-and-nucleus-devices\/disease-dictionary\/#breadcrumb"},"inLanguage":"en-US","potentialAction":[{"@type":"ReadAction","target":["https:\/\/ro.quantum-medical.eu\/index.php\/programs-for-the-eductor1-and-nucleus-devices\/disease-dictionary\/"]}]},{"@type":"ImageObject","inLanguage":"en-US","@id":"https:\/\/ro.quantum-medical.eu\/index.php\/programs-for-the-eductor1-and-nucleus-devices\/disease-dictionary\/#primaryimage","url":"https:\/\/ro.quantum-medical.eu\/wp-content\/uploads\/2021\/04\/dd.jpg","contentUrl":"https:\/\/ro.quantum-medical.eu\/wp-content\/uploads\/2021\/04\/dd.jpg","width":2000,"height":1265,"caption":"Disease Dictionary"},{"@type":"BreadcrumbList","@id":"https:\/\/ro.quantum-medical.eu\/index.php\/programs-for-the-eductor1-and-nucleus-devices\/disease-dictionary\/#breadcrumb","itemListElement":[{"@type":"ListItem","position":1,"name":"Home","item":"https:\/\/ro.quantum-medical.eu\/"},{"@type":"ListItem","position":2,"name":"Programs","item":"https:\/\/ro.quantum-medical.eu\/index.php\/programs-for-the-eductor1-and-nucleus-devices\/"},{"@type":"ListItem","position":3,"name":"DIC\u021aIONAR DE BOLI"}]},{"@type":"WebSite","@id":"https:\/\/ro.quantum-medical.eu\/#website","url":"https:\/\/ro.quantum-medical.eu\/","name":"Quantum Medical","description":"","publisher":{"@id":"https:\/\/ro.quantum-medical.eu\/#organization"},"potentialAction":[{"@type":"SearchAction","target":{"@type":"EntryPoint","urlTemplate":"https:\/\/ro.quantum-medical.eu\/?s={search_term_string}"},"query-input":{"@type":"PropertyValueSpecification","valueRequired":true,"valueName":"search_term_string"}}],"inLanguage":"en-US"},{"@type":"Organization","@id":"https:\/\/ro.quantum-medical.eu\/#organization","name":"Quantum Medical SRL","url":"https:\/\/ro.quantum-medical.eu\/","logo":{"@type":"ImageObject","inLanguage":"en-US","@id":"https:\/\/ro.quantum-medical.eu\/#\/schema\/logo\/image\/","url":"https:\/\/ro.quantum-medical.eu\/wp-content\/uploads\/2021\/05\/Quantum-Medical-logo-1.svg","contentUrl":"https:\/\/ro.quantum-medical.eu\/wp-content\/uploads\/2021\/05\/Quantum-Medical-logo-1.svg","width":1,"height":1,"caption":"Quantum Medical SRL"},"image":{"@id":"https:\/\/ro.quantum-medical.eu\/#\/schema\/logo\/image\/"},"sameAs":["https:\/\/www.facebook.com\/QuantumMedEU","https:\/\/x.com\/QuantumMedEU","https:\/\/www.youtube.com\/channel\/UCZTJzN8-w3F6DHAt2jh67oA","https:\/\/www.instagram.com\/quantum_medical\/"]}]}},"builder_content":"<a href=\"https:\/\/ro.quantum-medical.eu\/index.php\/contact\/\" > CUMP\u0102R\u0102 ACUM <\/a>","_links":{"self":[{"href":"https:\/\/ro.quantum-medical.eu\/index.php\/wp-json\/wp\/v2\/pages\/1609","targetHints":{"allow":["GET"]}}],"collection":[{"href":"https:\/\/ro.quantum-medical.eu\/index.php\/wp-json\/wp\/v2\/pages"}],"about":[{"href":"https:\/\/ro.quantum-medical.eu\/index.php\/wp-json\/wp\/v2\/types\/page"}],"author":[{"embeddable":true,"href":"https:\/\/ro.quantum-medical.eu\/index.php\/wp-json\/wp\/v2\/users\/2"}],"replies":[{"embeddable":true,"href":"https:\/\/ro.quantum-medical.eu\/index.php\/wp-json\/wp\/v2\/comments?post=1609"}],"version-history":[{"count":18,"href":"https:\/\/ro.quantum-medical.eu\/index.php\/wp-json\/wp\/v2\/pages\/1609\/revisions"}],"predecessor-version":[{"id":3185,"href":"https:\/\/ro.quantum-medical.eu\/index.php\/wp-json\/wp\/v2\/pages\/1609\/revisions\/3185"}],"up":[{"embeddable":true,"href":"https:\/\/ro.quantum-medical.eu\/index.php\/wp-json\/wp\/v2\/pages\/38"}],"wp:featuredmedia":[{"embeddable":true,"href":"https:\/\/ro.quantum-medical.eu\/index.php\/wp-json\/wp\/v2\/media\/1610"}],"wp:attachment":[{"href":"https:\/\/ro.quantum-medical.eu\/index.php\/wp-json\/wp\/v2\/media?parent=1609"}],"curies":[{"name":"wp","href":"https:\/\/api.w.org\/{rel}","templated":true}]}}