{"id":2983,"date":"2021-12-08T12:18:02","date_gmt":"2021-12-08T12:18:02","guid":{"rendered":"https:\/\/ro.quantum-medical.eu\/?page_id=2983"},"modified":"2023-04-26T09:54:35","modified_gmt":"2023-04-26T09:54:35","slug":"pulsar","status":"publish","type":"page","link":"https:\/\/ro.quantum-medical.eu\/index.php\/devices-clone\/pulsar\/","title":{"rendered":"PULSAR"},"content":{"rendered":"<!--themify_builder_content-->\n<div id=\"themify_builder_content-2983\" data-postid=\"2983\" class=\"themify_builder_content themify_builder_content-2983 themify_builder tf_clear\">\n                    <div  data-anchor=\"NUCLEUS\" data-css_id=\"wudj719\" data-lazy=\"1\" class=\"module_row themify_builder_row NUCLEUS fullwidth_row_container tb_has_section tb_section-NUCLEUS tb_wudj719 tb_first tf_w hide-mobile\">\n                        <div class=\"row_inner gutter-none col_align_top tb_col_count_2 tf_box tf_rel\">\n                        <div  data-lazy=\"1\" class=\"module_column tb-column col4-2 tb_x1ra793 first\">\n                    <!-- module text -->\n<div  class=\"module module-text tb_iri9937   \" data-lazy=\"1\">\n        <div  class=\"tb_text_wrap\">\n        <h2>Deveni\u021bi cel mai ager \u0219i cel mai s\u0103n\u0103tos din punct de vedere energetic cu PULSAR.<\/h2>\n<p>Quantum Medical face un salt \u00een urm\u0103toarea genera\u021bie tehnologic\u0103. Biofeedback 2004 Ltd este acum Quantum Medical, trec\u00e2nd \u00eentr-o nou\u0103 er\u0103 cu noi tehnologii, noi dezvolt\u0103ri \u0219i noi produse pentru vitez\u0103 \u0219i precizie, cre\u00e2nd un v\u00e2rf \u00een impulsul cuantic pentru o s\u0103n\u0103tate mai bun\u0103 \u0219i bun\u0103stare.<\/p>    <\/div>\n<\/div>\n<!-- \/module text -->        <\/div>\n                    <div  data-lazy=\"1\" class=\"module_column tb-column col4-2 tb_aqnq810 last\">\n                    <!-- module image -->\n<div  class=\"module module-image tb_uauj230 image-top   tf_mw\" data-lazy=\"1\">\n        <div class=\"image-wrap tf_rel tf_mw\">\n            <img decoding=\"async\" src=\"https:\/\/ro.quantum-medical.eu\/wp-content\/uploads\/2021\/12\/PULSAr-CENTRAL.svg\" width=\"600\" title=\"PULSAR\" alt=\"PULSAR\">    \n        <\/div>\n    <!-- \/image-wrap -->\n    \n        <\/div>\n<!-- \/module image -->        <\/div>\n                        <\/div>\n        <\/div>\n                        <div  data-anchor=\"NUCLEUS_Mobile\" data-lazy=\"1\" class=\"module_row themify_builder_row tb_has_section tb_section-NUCLEUS_Mobile tb_qxxs556 tf_w hide-desktop hide-tablet hide-tablet_landscape\">\n                        <div class=\"row_inner col_align_top tb_col_count_1 tf_box tf_rel\">\n                        <div  data-lazy=\"1\" class=\"module_column tb-column col-full tb_khc8556 first\">\n                    <!-- module text -->\n<div  class=\"module module-text tb_ihm7657   \" data-lazy=\"1\">\n        <div  class=\"tb_text_wrap\">\n        <h2>Deveni\u021bi cel mai ager \u0219i cel mai s\u0103n\u0103tos din punct de vedere energetic cu PULSAR.<\/h2>\n<p>Quantum Medical face un salt \u00een urm\u0103toarea genera\u021bie tehnologic\u0103. Biofeedback 2004 Ltd este acum Quantum Medical, trec\u00e2nd \u00eentr-o nou\u0103 er\u0103 cu noi tehnologii, noi dezvolt\u0103ri \u0219i noi produse pentru vitez\u0103 \u0219i precizie, cre\u00e2nd un v\u00e2rf \u00een impulsul cuantic pentru o s\u0103n\u0103tate mai bun\u0103 \u0219i bun\u0103stare.<\/p>    <\/div>\n<\/div>\n<!-- \/module text --><!-- module image -->\n<div  class=\"module module-image tb_jt6x154 image-top   tf_mw\" data-lazy=\"1\">\n        <div class=\"image-wrap tf_rel tf_mw\">\n            <img decoding=\"async\" src=\"https:\/\/ro.quantum-medical.eu\/wp-content\/uploads\/2021\/12\/PULSAr-CENTRAL.svg\" width=\"600\" title=\"PULSAR\" alt=\"PULSAR\">    \n        <\/div>\n    <!-- \/image-wrap -->\n    \n        <\/div>\n<!-- \/module image -->        <\/div>\n                        <\/div>\n        <\/div>\n                        <div  data-anchor=\"SCAN\" data-css_id=\"1xlq020\" data-lazy=\"1\" class=\"module_row themify_builder_row fullwidth_row_container tb_has_section tb_section-SCAN tb_1xlq020 tf_w hide-mobile\">\n                        <div class=\"row_inner gutter-none col_align_top tb_col_count_2 tf_box tf_rel\">\n                        <div  data-lazy=\"1\" class=\"module_column tb-column col4-2 tb_uawi390 first\">\n                    <!-- module text -->\n<div  class=\"module module-text tb_ve92997   \" data-lazy=\"1\">\n        <div  class=\"tb_text_wrap\">\n        <h2>Potential maxim<\/h2>    <\/div>\n<\/div>\n<!-- \/module text -->        <\/div>\n                    <div  data-lazy=\"1\" class=\"module_column tb-column col4-2 tb_ozlr970 last\">\n                    <!-- module text -->\n<div  class=\"module module-text tb_ot95872   \" data-lazy=\"1\">\n        <div  class=\"tb_text_wrap\">\n        <p>Odat\u0103 cu lansarea celor mai noi dispozitive, NUCLEUS \u0219i ED-X, \u0219i a noului dezvoltat software <strong>PULSAR<\/strong>, Quantum Medical a atins o sensibilitate \u0219i o emisie rafinate la frecven\u021b\u0103 pentru cel mai mare poten\u021bial de rezultate.<\/p>\n<p>\u00cen cadrul <strong>PULSAR<\/strong> au fost create aplica\u021bii mai noi \u0219i mai avansate, \u00eembun\u0103t\u0103\u021bind \u00een acela\u0219i timp aplica\u021biile existente din software-ul anterior, pentru a oferi un mediu mai u\u0219or de utilizat la un nivel tehnologic mai avansat pentru rezultate excep\u021bionale.<\/p>    <\/div>\n<\/div>\n<!-- \/module text -->        <\/div>\n                        <\/div>\n        <\/div>\n                        <div  data-anchor=\"SCAN_MOBILE\" data-lazy=\"1\" class=\"module_row themify_builder_row tb_has_section tb_section-SCAN_MOBILE tb_50dt288 tf_w hide-desktop hide-tablet hide-tablet_landscape\">\n                        <div class=\"row_inner col_align_top tb_col_count_1 tf_box tf_rel\">\n                        <div  data-lazy=\"1\" class=\"module_column tb-column col-full tb_3sms289 first\">\n                    <!-- module text -->\n<div  class=\"module module-text tb_t3qi976   \" data-lazy=\"1\">\n        <div  class=\"tb_text_wrap\">\n        <h2>PULSAR<\/h2>\n<p>Odat\u0103 cu lansarea celor mai noi dispozitive, NUCLEUS \u0219i ED-X, \u0219i a noului soft dezvoltat\u00a0 <strong>PULSAR<\/strong>, Quantum Medical a atins o sensibilitate \u0219i o emisie rafinate la frecven\u021b\u0103 pentru cel mai mare poten\u021bial de rezultate.<\/p>\n<p>\u00cen cadrul <strong>PULSAR<\/strong> au fost create aplica\u021bii mai noi \u0219i mai avansate, \u00eembun\u0103t\u0103\u021bind \u00een acela\u0219i timp aplica\u021biile existente din software-ul anterior, pentru a oferi un mediu mai u\u0219or de utilizat la un nivel tehnologic mai avansat pentru rezultate excep\u021bionale.<\/p>    <\/div>\n<\/div>\n<!-- \/module text -->        <\/div>\n                        <\/div>\n        <\/div>\n                        <div  data-anchor=\"Applications\" data-css_id=\"4qpa344\" data-lazy=\"1\" class=\"module_row themify_builder_row fullwidth_row_container tb_has_section tb_section-Applications tb_4qpa344 tf_w hide-desktop hide-tablet hide-tablet_landscape hide-mobile\">\n                        <div class=\"row_inner gutter-none col_align_top tb_col_count_2 tf_box tf_rel\">\n                        <div  data-lazy=\"1\" class=\"module_column tb-column col4-2 tb_x5id345 first\">\n                    <!-- module text -->\n<div  class=\"module module-text tb_tn3n346   \" data-lazy=\"1\">\n        <div  class=\"tb_text_wrap\">\n        <h2>Performan\u021b\u0103 de v\u00e2rf<\/h2>    <\/div>\n<\/div>\n<!-- \/module text -->        <\/div>\n                    <div  data-lazy=\"1\" class=\"module_column tb-column col4-2 tb_3lja346 last\">\n                    <!-- module text -->\n<div  class=\"module module-text tb_2p16346   \" data-lazy=\"1\">\n        <div  class=\"tb_text_wrap\">\n        <p>Dup\u0103 cum sugereaz\u0103 \u0219i numele s\u0103u, Software-ul PULSAR func\u021bioneaz\u0103 cu o asemenea vitez\u0103 \u00eenc\u00e2t ob\u021bine instantaneu informa\u021biile necesare despre reac\u021bii \u0219i deleg\u0103 dispozitivelor NUCLEUS \u0219i ED-X informa\u021biile necesare pentru o precizie sporit\u0103 \u0219i emisie de frecven\u021be.<\/p>\n<p>Pe baza celor mai recente progrese tehnologice \u0219i aplica\u021bii \u00eencorporate \u00een dispozitive \u0219i software-ul PULSAR, cele mai subtile frecven\u021be cuantice sunt capturate, cre\u00e2nd o \u00een\u021belegere mai profund\u0103 cu detalii de \u00eenalt\u0103 precizie f\u0103r\u0103 precedent. Cu software-ul PULSAR pe cele mai noi dispozitive, se creeaz\u0103 un c\u00e2mp cuantic multidimensional cu un impuls cresc\u00e2nd \u0219i revitaliz\u00e2nd corpul s\u0103 vibreze la niveluri mai \u00eenalte pentru o mai bun\u0103 s\u0103n\u0103tate \u0219i bun\u0103stare.<\/p>    <\/div>\n<\/div>\n<!-- \/module text -->        <\/div>\n                        <\/div>\n        <\/div>\n                        <div  data-anchor=\"Applications_Mobile\" data-lazy=\"1\" class=\"module_row themify_builder_row tb_has_section tb_section-Applications_Mobile tb_3in6799 tf_w hide-desktop hide-tablet hide-tablet_landscape hide-mobile\">\n                        <div class=\"row_inner col_align_top tb_col_count_1 tf_box tf_rel\">\n                        <div  data-lazy=\"1\" class=\"module_column tb-column col-full tb_woma799 first\">\n                    <!-- module text -->\n<div  class=\"module module-text tb_6qws906   \" data-lazy=\"1\">\n        <div  class=\"tb_text_wrap\">\n        <h2>Performan\u021b\u0103 de v\u00e2rf<\/h2>\n<p>Dup\u0103 cum sugereaz\u0103 \u0219i numele s\u0103u, Software-ul PULSAR func\u021bioneaz\u0103 cu o asemenea vitez\u0103 \u00eenc\u00e2t ob\u021bine instantaneu informa\u021biile necesare despre reac\u021bii \u0219i deleg\u0103 dispozitivelor NUCLEUS \u0219i ED-X informa\u021biile necesare pentru o precizie sporit\u0103 \u0219i emisie de frecven\u021be.<\/p>\n<p>Pe baza celor mai recente progrese tehnologice \u0219i aplica\u021bii \u00eencorporate \u00een dispozitive \u0219i software-ul PULSAR, cele mai subtile frecven\u021be cuantice sunt capturate, cre\u00e2nd o \u00een\u021belegere mai profund\u0103 cu detalii de \u00eenalt\u0103 precizie f\u0103r\u0103 precedent. Cu software-ul PULSAR pe cele mai noi dispozitive, se creeaz\u0103 un c\u00e2mp cuantic multidimensional cu un impuls cresc\u00e2nd \u0219i revitaliz\u00e2nd corpul s\u0103 vibreze la niveluri mai \u00eenalte pentru o mai bun\u0103 s\u0103n\u0103tate \u0219i bun\u0103stare.<\/p>    <\/div>\n<\/div>\n<!-- \/module text -->        <\/div>\n                        <\/div>\n        <\/div>\n        <\/div>\n<!--\/themify_builder_content--><!-- AddThis Advanced Settings generic via filter on the_content --><!-- AddThis Share Buttons generic via filter on the_content -->","protected":false},"excerpt":{"rendered":"<p>Deveni\u021bi cel mai ager \u0219i cel mai s\u0103n\u0103tos din punct de vedere energetic cu PULSAR. Quantum Medical face un salt \u00een urm\u0103toarea genera\u021bie tehnologic\u0103. Biofeedback 2004 Ltd este acum Quantum Medical, trec\u00e2nd \u00eentr-o nou\u0103 er\u0103 cu noi tehnologii, noi dezvolt\u0103ri \u0219i noi produse pentru vitez\u0103 \u0219i precizie, cre\u00e2nd un v\u00e2rf \u00een impulsul cuantic pentru o [&hellip;]<!-- AddThis Advanced Settings generic via filter on get_the_excerpt --><!-- AddThis Share Buttons generic via filter on get_the_excerpt --><\/p>\n","protected":false},"author":2,"featured_media":0,"parent":2333,"menu_order":20,"comment_status":"closed","ping_status":"closed","template":"","meta":{"inline_featured_image":false,"footnotes":""},"class_list":["post-2983","page","type-page","status-publish","hentry","has-post-title","has-post-date","has-post-category","has-post-tag","has-post-comment","has-post-author",""],"yoast_head":"<!-- This site is optimized with the Yoast SEO plugin v27.4 - https:\/\/yoast.com\/product\/yoast-seo-wordpress\/ -->\n<title>PULSAR quantum biofeedback system &#8212; Quantum Medical<\/title>\n<meta name=\"description\" content=\"Introduction to the NUCLEUS quantum biofeedback system. This device is very similar to the ED.X, but it comes with some restrictions.\" \/>\n<meta name=\"robots\" content=\"index, follow, max-snippet:-1, max-image-preview:large, max-video-preview:-1\" \/>\n<link rel=\"canonical\" href=\"https:\/\/ro.quantum-medical.eu\/index.php\/devices-clone\/pulsar\/\" \/>\n<meta property=\"og:locale\" content=\"en_US\" \/>\n<meta property=\"og:type\" content=\"article\" \/>\n<meta property=\"og:title\" content=\"PULSAR quantum biofeedback system &#8212; Quantum Medical\" \/>\n<meta property=\"og:description\" content=\"Introduction to the NUCLEUS quantum biofeedback system. This device is very similar to the ED.X, but it comes with some restrictions.\" \/>\n<meta property=\"og:url\" content=\"https:\/\/ro.quantum-medical.eu\/index.php\/devices-clone\/pulsar\/\" \/>\n<meta property=\"og:site_name\" content=\"Quantum Medical\" \/>\n<meta property=\"article:publisher\" content=\"https:\/\/www.facebook.com\/QuantumMedEU\" \/>\n<meta property=\"article:modified_time\" content=\"2023-04-26T09:54:35+00:00\" \/>\n<meta property=\"og:image\" content=\"https:\/\/ro.quantum-medical.eu\/wp-content\/uploads\/2021\/12\/PULSAr-CENTRAL.svg\" \/>\n<meta name=\"twitter:card\" content=\"summary_large_image\" \/>\n<meta name=\"twitter:site\" content=\"@QuantumMedEU\" \/>\n<script type=\"application\/ld+json\" class=\"yoast-schema-graph\">{\"@context\":\"https:\\\/\\\/schema.org\",\"@graph\":[{\"@type\":\"WebPage\",\"@id\":\"https:\\\/\\\/ro.quantum-medical.eu\\\/index.php\\\/devices-clone\\\/pulsar\\\/\",\"url\":\"https:\\\/\\\/ro.quantum-medical.eu\\\/index.php\\\/devices-clone\\\/pulsar\\\/\",\"name\":\"PULSAR quantum biofeedback system &#8212; Quantum Medical\",\"isPartOf\":{\"@id\":\"https:\\\/\\\/ro.quantum-medical.eu\\\/#website\"},\"primaryImageOfPage\":{\"@id\":\"https:\\\/\\\/ro.quantum-medical.eu\\\/index.php\\\/devices-clone\\\/pulsar\\\/#primaryimage\"},\"image\":{\"@id\":\"https:\\\/\\\/ro.quantum-medical.eu\\\/index.php\\\/devices-clone\\\/pulsar\\\/#primaryimage\"},\"thumbnailUrl\":\"https:\\\/\\\/ro.quantum-medical.eu\\\/wp-content\\\/uploads\\\/2021\\\/12\\\/PULSAr-CENTRAL.svg\",\"datePublished\":\"2021-12-08T12:18:02+00:00\",\"dateModified\":\"2023-04-26T09:54:35+00:00\",\"description\":\"Introduction to the NUCLEUS quantum biofeedback system. This device is very similar to the ED.X, but it comes with some restrictions.\",\"breadcrumb\":{\"@id\":\"https:\\\/\\\/ro.quantum-medical.eu\\\/index.php\\\/devices-clone\\\/pulsar\\\/#breadcrumb\"},\"inLanguage\":\"en-US\",\"potentialAction\":[{\"@type\":\"ReadAction\",\"target\":[\"https:\\\/\\\/ro.quantum-medical.eu\\\/index.php\\\/devices-clone\\\/pulsar\\\/\"]}]},{\"@type\":\"ImageObject\",\"inLanguage\":\"en-US\",\"@id\":\"https:\\\/\\\/ro.quantum-medical.eu\\\/index.php\\\/devices-clone\\\/pulsar\\\/#primaryimage\",\"url\":\"https:\\\/\\\/ro.quantum-medical.eu\\\/wp-content\\\/uploads\\\/2021\\\/12\\\/PULSAr-CENTRAL.svg\",\"contentUrl\":\"https:\\\/\\\/ro.quantum-medical.eu\\\/wp-content\\\/uploads\\\/2021\\\/12\\\/PULSAr-CENTRAL.svg\"},{\"@type\":\"BreadcrumbList\",\"@id\":\"https:\\\/\\\/ro.quantum-medical.eu\\\/index.php\\\/devices-clone\\\/pulsar\\\/#breadcrumb\",\"itemListElement\":[{\"@type\":\"ListItem\",\"position\":1,\"name\":\"Home\",\"item\":\"https:\\\/\\\/ro.quantum-medical.eu\\\/\"},{\"@type\":\"ListItem\",\"position\":2,\"name\":\"Dispozitive\",\"item\":\"https:\\\/\\\/ro.quantum-medical.eu\\\/index.php\\\/devices-clone\\\/\"},{\"@type\":\"ListItem\",\"position\":3,\"name\":\"PULSAR\"}]},{\"@type\":\"WebSite\",\"@id\":\"https:\\\/\\\/ro.quantum-medical.eu\\\/#website\",\"url\":\"https:\\\/\\\/ro.quantum-medical.eu\\\/\",\"name\":\"Quantum Medical\",\"description\":\"\",\"publisher\":{\"@id\":\"https:\\\/\\\/ro.quantum-medical.eu\\\/#organization\"},\"potentialAction\":[{\"@type\":\"SearchAction\",\"target\":{\"@type\":\"EntryPoint\",\"urlTemplate\":\"https:\\\/\\\/ro.quantum-medical.eu\\\/?s={search_term_string}\"},\"query-input\":{\"@type\":\"PropertyValueSpecification\",\"valueRequired\":true,\"valueName\":\"search_term_string\"}}],\"inLanguage\":\"en-US\"},{\"@type\":\"Organization\",\"@id\":\"https:\\\/\\\/ro.quantum-medical.eu\\\/#organization\",\"name\":\"Quantum Medical SRL\",\"url\":\"https:\\\/\\\/ro.quantum-medical.eu\\\/\",\"logo\":{\"@type\":\"ImageObject\",\"inLanguage\":\"en-US\",\"@id\":\"https:\\\/\\\/ro.quantum-medical.eu\\\/#\\\/schema\\\/logo\\\/image\\\/\",\"url\":\"https:\\\/\\\/ro.quantum-medical.eu\\\/wp-content\\\/uploads\\\/2021\\\/05\\\/Quantum-Medical-logo-1.svg\",\"contentUrl\":\"https:\\\/\\\/ro.quantum-medical.eu\\\/wp-content\\\/uploads\\\/2021\\\/05\\\/Quantum-Medical-logo-1.svg\",\"width\":1,\"height\":1,\"caption\":\"Quantum Medical SRL\"},\"image\":{\"@id\":\"https:\\\/\\\/ro.quantum-medical.eu\\\/#\\\/schema\\\/logo\\\/image\\\/\"},\"sameAs\":[\"https:\\\/\\\/www.facebook.com\\\/QuantumMedEU\",\"https:\\\/\\\/x.com\\\/QuantumMedEU\",\"https:\\\/\\\/www.youtube.com\\\/channel\\\/UCZTJzN8-w3F6DHAt2jh67oA\",\"https:\\\/\\\/www.instagram.com\\\/quantum_medical\\\/\"]}]}<\/script>\n<!-- \/ Yoast SEO plugin. -->","yoast_head_json":{"title":"PULSAR quantum biofeedback system &#8212; Quantum Medical","description":"Introduction to the NUCLEUS quantum biofeedback system. This device is very similar to the ED.X, but it comes with some restrictions.","robots":{"index":"index","follow":"follow","max-snippet":"max-snippet:-1","max-image-preview":"max-image-preview:large","max-video-preview":"max-video-preview:-1"},"canonical":"https:\/\/ro.quantum-medical.eu\/index.php\/devices-clone\/pulsar\/","og_locale":"en_US","og_type":"article","og_title":"PULSAR quantum biofeedback system &#8212; Quantum Medical","og_description":"Introduction to the NUCLEUS quantum biofeedback system. This device is very similar to the ED.X, but it comes with some restrictions.","og_url":"https:\/\/ro.quantum-medical.eu\/index.php\/devices-clone\/pulsar\/","og_site_name":"Quantum Medical","article_publisher":"https:\/\/www.facebook.com\/QuantumMedEU","article_modified_time":"2023-04-26T09:54:35+00:00","og_image":[{"url":"https:\/\/ro.quantum-medical.eu\/wp-content\/uploads\/2021\/12\/PULSAr-CENTRAL.svg","type":"","width":"","height":""}],"twitter_card":"summary_large_image","twitter_site":"@QuantumMedEU","schema":{"@context":"https:\/\/schema.org","@graph":[{"@type":"WebPage","@id":"https:\/\/ro.quantum-medical.eu\/index.php\/devices-clone\/pulsar\/","url":"https:\/\/ro.quantum-medical.eu\/index.php\/devices-clone\/pulsar\/","name":"PULSAR quantum biofeedback system &#8212; Quantum Medical","isPartOf":{"@id":"https:\/\/ro.quantum-medical.eu\/#website"},"primaryImageOfPage":{"@id":"https:\/\/ro.quantum-medical.eu\/index.php\/devices-clone\/pulsar\/#primaryimage"},"image":{"@id":"https:\/\/ro.quantum-medical.eu\/index.php\/devices-clone\/pulsar\/#primaryimage"},"thumbnailUrl":"https:\/\/ro.quantum-medical.eu\/wp-content\/uploads\/2021\/12\/PULSAr-CENTRAL.svg","datePublished":"2021-12-08T12:18:02+00:00","dateModified":"2023-04-26T09:54:35+00:00","description":"Introduction to the NUCLEUS quantum biofeedback system. This device is very similar to the ED.X, but it comes with some restrictions.","breadcrumb":{"@id":"https:\/\/ro.quantum-medical.eu\/index.php\/devices-clone\/pulsar\/#breadcrumb"},"inLanguage":"en-US","potentialAction":[{"@type":"ReadAction","target":["https:\/\/ro.quantum-medical.eu\/index.php\/devices-clone\/pulsar\/"]}]},{"@type":"ImageObject","inLanguage":"en-US","@id":"https:\/\/ro.quantum-medical.eu\/index.php\/devices-clone\/pulsar\/#primaryimage","url":"https:\/\/ro.quantum-medical.eu\/wp-content\/uploads\/2021\/12\/PULSAr-CENTRAL.svg","contentUrl":"https:\/\/ro.quantum-medical.eu\/wp-content\/uploads\/2021\/12\/PULSAr-CENTRAL.svg"},{"@type":"BreadcrumbList","@id":"https:\/\/ro.quantum-medical.eu\/index.php\/devices-clone\/pulsar\/#breadcrumb","itemListElement":[{"@type":"ListItem","position":1,"name":"Home","item":"https:\/\/ro.quantum-medical.eu\/"},{"@type":"ListItem","position":2,"name":"Dispozitive","item":"https:\/\/ro.quantum-medical.eu\/index.php\/devices-clone\/"},{"@type":"ListItem","position":3,"name":"PULSAR"}]},{"@type":"WebSite","@id":"https:\/\/ro.quantum-medical.eu\/#website","url":"https:\/\/ro.quantum-medical.eu\/","name":"Quantum Medical","description":"","publisher":{"@id":"https:\/\/ro.quantum-medical.eu\/#organization"},"potentialAction":[{"@type":"SearchAction","target":{"@type":"EntryPoint","urlTemplate":"https:\/\/ro.quantum-medical.eu\/?s={search_term_string}"},"query-input":{"@type":"PropertyValueSpecification","valueRequired":true,"valueName":"search_term_string"}}],"inLanguage":"en-US"},{"@type":"Organization","@id":"https:\/\/ro.quantum-medical.eu\/#organization","name":"Quantum Medical SRL","url":"https:\/\/ro.quantum-medical.eu\/","logo":{"@type":"ImageObject","inLanguage":"en-US","@id":"https:\/\/ro.quantum-medical.eu\/#\/schema\/logo\/image\/","url":"https:\/\/ro.quantum-medical.eu\/wp-content\/uploads\/2021\/05\/Quantum-Medical-logo-1.svg","contentUrl":"https:\/\/ro.quantum-medical.eu\/wp-content\/uploads\/2021\/05\/Quantum-Medical-logo-1.svg","width":1,"height":1,"caption":"Quantum Medical SRL"},"image":{"@id":"https:\/\/ro.quantum-medical.eu\/#\/schema\/logo\/image\/"},"sameAs":["https:\/\/www.facebook.com\/QuantumMedEU","https:\/\/x.com\/QuantumMedEU","https:\/\/www.youtube.com\/channel\/UCZTJzN8-w3F6DHAt2jh67oA","https:\/\/www.instagram.com\/quantum_medical\/"]}]}},"builder_content":"<h2>Deveni\u021bi cel mai ager \u0219i cel mai s\u0103n\u0103tos din punct de vedere energetic cu PULSAR.<\/h2> <p>Quantum Medical face un salt \u00een urm\u0103toarea genera\u021bie tehnologic\u0103. Biofeedback 2004 Ltd este acum Quantum Medical, trec\u00e2nd \u00eentr-o nou\u0103 er\u0103 cu noi tehnologii, noi dezvolt\u0103ri \u0219i noi produse pentru vitez\u0103 \u0219i precizie, cre\u00e2nd un v\u00e2rf \u00een impulsul cuantic pentru o s\u0103n\u0103tate mai bun\u0103 \u0219i bun\u0103stare.<\/p>\n<img src=\"https:\/\/ro.quantum-medical.eu\/wp-content\/uploads\/2021\/12\/PULSAr-CENTRAL.svg\" width=\"600\" title=\"PULSAR\" alt=\"PULSAR\">\n<h2>Deveni\u021bi cel mai ager \u0219i cel mai s\u0103n\u0103tos din punct de vedere energetic cu PULSAR.<\/h2> <p>Quantum Medical face un salt \u00een urm\u0103toarea genera\u021bie tehnologic\u0103. Biofeedback 2004 Ltd este acum Quantum Medical, trec\u00e2nd \u00eentr-o nou\u0103 er\u0103 cu noi tehnologii, noi dezvolt\u0103ri \u0219i noi produse pentru vitez\u0103 \u0219i precizie, cre\u00e2nd un v\u00e2rf \u00een impulsul cuantic pentru o s\u0103n\u0103tate mai bun\u0103 \u0219i bun\u0103stare.<\/p>\n<img src=\"https:\/\/ro.quantum-medical.eu\/wp-content\/uploads\/2021\/12\/PULSAr-CENTRAL.svg\" width=\"600\" title=\"PULSAR\" alt=\"PULSAR\">\n<h2>Potential maxim<\/h2>\n<p>Odat\u0103 cu lansarea celor mai noi dispozitive, NUCLEUS \u0219i ED-X, \u0219i a noului dezvoltat software <strong>PULSAR<\/strong>, Quantum Medical a atins o sensibilitate \u0219i o emisie rafinate la frecven\u021b\u0103 pentru cel mai mare poten\u021bial de rezultate.<\/p> <p>\u00cen cadrul <strong>PULSAR<\/strong> au fost create aplica\u021bii mai noi \u0219i mai avansate, \u00eembun\u0103t\u0103\u021bind \u00een acela\u0219i timp aplica\u021biile existente din software-ul anterior, pentru a oferi un mediu mai u\u0219or de utilizat la un nivel tehnologic mai avansat pentru rezultate excep\u021bionale.<\/p>\n<h2>PULSAR<\/h2> <p>Odat\u0103 cu lansarea celor mai noi dispozitive, NUCLEUS \u0219i ED-X, \u0219i a noului soft dezvoltat\u00a0 <strong>PULSAR<\/strong>, Quantum Medical a atins o sensibilitate \u0219i o emisie rafinate la frecven\u021b\u0103 pentru cel mai mare poten\u021bial de rezultate.<\/p> <p>\u00cen cadrul <strong>PULSAR<\/strong> au fost create aplica\u021bii mai noi \u0219i mai avansate, \u00eembun\u0103t\u0103\u021bind \u00een acela\u0219i timp aplica\u021biile existente din software-ul anterior, pentru a oferi un mediu mai u\u0219or de utilizat la un nivel tehnologic mai avansat pentru rezultate excep\u021bionale.<\/p>\n<h2>Performan\u021b\u0103 de v\u00e2rf<\/h2>\n<p>Dup\u0103 cum sugereaz\u0103 \u0219i numele s\u0103u, Software-ul PULSAR func\u021bioneaz\u0103 cu o asemenea vitez\u0103 \u00eenc\u00e2t ob\u021bine instantaneu informa\u021biile necesare despre reac\u021bii \u0219i deleg\u0103 dispozitivelor NUCLEUS \u0219i ED-X informa\u021biile necesare pentru o precizie sporit\u0103 \u0219i emisie de frecven\u021be.<\/p> <p>Pe baza celor mai recente progrese tehnologice \u0219i aplica\u021bii \u00eencorporate \u00een dispozitive \u0219i software-ul PULSAR, cele mai subtile frecven\u021be cuantice sunt capturate, cre\u00e2nd o \u00een\u021belegere mai profund\u0103 cu detalii de \u00eenalt\u0103 precizie f\u0103r\u0103 precedent. Cu software-ul PULSAR pe cele mai noi dispozitive, se creeaz\u0103 un c\u00e2mp cuantic multidimensional cu un impuls cresc\u00e2nd \u0219i revitaliz\u00e2nd corpul s\u0103 vibreze la niveluri mai \u00eenalte pentru o mai bun\u0103 s\u0103n\u0103tate \u0219i bun\u0103stare.<\/p>\n<h2>Performan\u021b\u0103 de v\u00e2rf<\/h2> <p>Dup\u0103 cum sugereaz\u0103 \u0219i numele s\u0103u, Software-ul PULSAR func\u021bioneaz\u0103 cu o asemenea vitez\u0103 \u00eenc\u00e2t ob\u021bine instantaneu informa\u021biile necesare despre reac\u021bii \u0219i deleg\u0103 dispozitivelor NUCLEUS \u0219i ED-X informa\u021biile necesare pentru o precizie sporit\u0103 \u0219i emisie de frecven\u021be.<\/p> <p>Pe baza celor mai recente progrese tehnologice \u0219i aplica\u021bii \u00eencorporate \u00een dispozitive \u0219i software-ul PULSAR, cele mai subtile frecven\u021be cuantice sunt capturate, cre\u00e2nd o \u00een\u021belegere mai profund\u0103 cu detalii de \u00eenalt\u0103 precizie f\u0103r\u0103 precedent. Cu software-ul PULSAR pe cele mai noi dispozitive, se creeaz\u0103 un c\u00e2mp cuantic multidimensional cu un impuls cresc\u00e2nd \u0219i revitaliz\u00e2nd corpul s\u0103 vibreze la niveluri mai \u00eenalte pentru o mai bun\u0103 s\u0103n\u0103tate \u0219i bun\u0103stare.<\/p>","_links":{"self":[{"href":"https:\/\/ro.quantum-medical.eu\/index.php\/wp-json\/wp\/v2\/pages\/2983","targetHints":{"allow":["GET"]}}],"collection":[{"href":"https:\/\/ro.quantum-medical.eu\/index.php\/wp-json\/wp\/v2\/pages"}],"about":[{"href":"https:\/\/ro.quantum-medical.eu\/index.php\/wp-json\/wp\/v2\/types\/page"}],"author":[{"embeddable":true,"href":"https:\/\/ro.quantum-medical.eu\/index.php\/wp-json\/wp\/v2\/users\/2"}],"replies":[{"embeddable":true,"href":"https:\/\/ro.quantum-medical.eu\/index.php\/wp-json\/wp\/v2\/comments?post=2983"}],"version-history":[{"count":8,"href":"https:\/\/ro.quantum-medical.eu\/index.php\/wp-json\/wp\/v2\/pages\/2983\/revisions"}],"predecessor-version":[{"id":3405,"href":"https:\/\/ro.quantum-medical.eu\/index.php\/wp-json\/wp\/v2\/pages\/2983\/revisions\/3405"}],"up":[{"embeddable":true,"href":"https:\/\/ro.quantum-medical.eu\/index.php\/wp-json\/wp\/v2\/pages\/2333"}],"wp:attachment":[{"href":"https:\/\/ro.quantum-medical.eu\/index.php\/wp-json\/wp\/v2\/media?parent=2983"}],"curies":[{"name":"wp","href":"https:\/\/api.w.org\/{rel}","templated":true}]}}