{"id":3056,"date":"2022-06-08T10:05:04","date_gmt":"2022-06-08T10:05:04","guid":{"rendered":"https:\/\/ro.quantum-medical.eu\/?page_id=3056"},"modified":"2026-03-24T11:48:12","modified_gmt":"2026-03-24T11:48:12","slug":"descarcari","status":"publish","type":"page","link":"https:\/\/ro.quantum-medical.eu\/index.php\/descarcari\/","title":{"rendered":"DESC\u0102RC\u0102RI"},"content":{"rendered":"<!--themify_builder_content-->\n<div id=\"themify_builder_content-3056\" data-postid=\"3056\" class=\"themify_builder_content themify_builder_content-3056 themify_builder tf_clear\">\n                    <div  data-lazy=\"1\" class=\"module_row themify_builder_row tb_zep1492 tb_first tf_w\">\n                        <div class=\"row_inner col_align_top tb_col_count_1 tf_box tf_rel\">\n                        <div  data-lazy=\"1\" class=\"module_column tb-column col-full tb_95yy492 first\">\n                            <div  data-lazy=\"1\" class=\"module_subrow themify_builder_sub_row tf_w col_align_top tb_col_count_1 tb_lqg5493\">\n                <div  data-lazy=\"1\" class=\"module_column sub_column col-full tb_h3nq494 first\">\n                    <!-- module text -->\n<div  class=\"module module-text tb_grp6494   \" data-lazy=\"1\">\n        <div  class=\"tb_text_wrap\">\n        <p style=\"text-align: center;\"><a href=\"https:\/\/qm-latest.nyc3.cdn.digitaloceanspaces.com\/INSTALLERS\/PulsarInstaller.exe\"><img loading=\"lazy\" decoding=\"async\" class=\"alignnone wp-image-3067\" src=\"https:\/\/ro.quantum-medical.eu\/wp-content\/uploads\/2022\/06\/PULSAR-2.svg\" alt=\"\" width=\"270\" height=\"82\" \/><\/a><\/p>\n<p style=\"text-align: center;\">Pentru a desc\u0103rca PULSAR\u00ae face\u021bi clic pe urm\u0103torul link care va desc\u0103rca programul de instalare pentru program. Dup\u0103 ce a\u021bi terminat de instalat, rula\u021bi programul, care va desc\u0103rca \u0219i instala PULSAR\u00ae pe computer.<\/p>\n<p style=\"text-align: center;\">Dac\u0103 ave\u021bi nevoie de ajutor la instalare, iat\u0103 un ghid rapid cu instruc\u021biuni pas cu pas: <a href=\"http:\/\/ro.quantum-medical.eu\/wp-content\/uploads\/2026\/03\/PULSAR_instalre-si-activare.pdf\" target=\"_blank\" rel=\"noopener\">PULSAR Instruc\u021biuni de instalare \u0219i activare<\/a><\/p>\n<p>\n<div class=\"post-video\"><iframe loading=\"lazy\" title=\"Pulsar Installation and activartion Install\" width=\"1165\" height=\"655\" src=\"https:\/\/www.youtube.com\/embed\/bBX1sUtjSW8?feature=oembed\" frameborder=\"0\" allow=\"accelerometer; autoplay; clipboard-write; encrypted-media; gyroscope; picture-in-picture; web-share\" referrerpolicy=\"strict-origin-when-cross-origin\" allowfullscreen><\/iframe><\/div>\n<\/p>\n<p style=\"text-align: center;\">F\u0103c\u00e2nd clic pe butonul \u201eDESCARCARE PULSAR\u201d sau pe pictograma PULSAR de mai sus, confirma\u021bi c\u0103 a\u021bi citit \u0219i \u00een\u021beles <a href=\"https:\/\/ro.quantum-medical.eu\/index.php\/termene-si-conditii\/\" target=\"_blank\" rel=\"noopener\">Acordul de licen\u021b\u0103 pentru utilizatorul final (EULA)<\/a> \u0219i sunte\u021bi de acord s\u0103 respecta\u021bi to\u021bi termenii \u0219i condi\u021biile acestuia. Dac\u0103 nu sunte\u021bi de acord cu ace\u0219ti termeni, nu continua\u021bi cu desc\u0103rcarea.<\/p>\n<p style=\"text-align: center;\"><strong><a href=\"https:\/\/qm-latest.nyc3.cdn.digitaloceanspaces.com\/INSTALLERS\/PulsarInstaller.exe\">DESCARCARE PULSAR<\/a><\/strong><\/p>    <\/div>\n<\/div>\n<!-- \/module text --><!-- module text -->\n<div  class=\"module module-text tb_hq0e313   \" data-lazy=\"1\">\n        <div  class=\"tb_text_wrap\">\n        <p style=\"text-align: center;\"><a href=\"https:\/\/pulsar.fra1.digitaloceanspaces.com\/Pulsar_Installer_RSC\/Pulsar-Installer-demo%201.0.6.exe\"><img loading=\"lazy\" decoding=\"async\" class=\"alignnone wp-image-3067\" src=\"https:\/\/ro.quantum-medical.eu\/wp-content\/uploads\/2022\/06\/PULSAR-2.svg\" alt=\"\" width=\"270\" height=\"82\" \/><\/a><\/p>\n<p>\u00a0<\/p>\n<p style=\"text-align: center;\">VERSIUNEA DEMO<\/p>\n<p style=\"text-align: center;\">Dac\u0103 nu sunte\u021bi sigur \u0219i dori\u021bi s\u0103 \u00ceNCERCA\u021aI PULSAR\u00ae, face\u021bi clic pe linkul de mai jos pentru a desc\u0103rca versiunea DEMO a programului. Nu uita\u021bi, toate datele din aceast\u0103 versiune sunt generate aleatoriu.<\/p>\n<p style=\"text-align: center;\">Dac\u0103 ave\u021bi nevoie de ajutor la instalare, iat\u0103 un ghid rapid cu instruc\u021biuni pas cu pas:<a href=\"http:\/\/ro.quantum-medical.eu\/wp-content\/uploads\/2026\/03\/PULSAR_instalre-si-activare.pdf\" target=\"_blank\" rel=\"noopener\">PULSAR Instruc\u021biuni de instalare \u0219i activare<\/a><\/p>\n<p>\n<div class=\"post-video\"><iframe loading=\"lazy\" title=\"Pulsar Installation and activartion Install\" width=\"1165\" height=\"655\" src=\"https:\/\/www.youtube.com\/embed\/bBX1sUtjSW8?feature=oembed\" frameborder=\"0\" allow=\"accelerometer; autoplay; clipboard-write; encrypted-media; gyroscope; picture-in-picture; web-share\" referrerpolicy=\"strict-origin-when-cross-origin\" allowfullscreen><\/iframe><\/div>\n<\/p>\n<p style=\"text-align: center;\">F\u0103c\u00e2nd clic pe butonul \u201eDESCARCARE PULSAR DEMO\u201d sau pe pictograma PULSAR, confirma\u021bi c\u0103 a\u021bi citit \u0219i \u00een\u021beles <a href=\"https:\/\/ro.quantum-medical.eu\/index.php\/termene-si-conditii\/\" target=\"_blank\" rel=\"noopener\">Acordul de licen\u021b\u0103 pentru utilizatorul final (EULA)<\/a> \u0219i sunte\u021bi de acord s\u0103 respecta\u021bi to\u021bi termenii \u0219i condi\u021biile acestuia. Dac\u0103 nu sunte\u021bi de acord cu ace\u0219ti termeni, nu continua\u021bi cu desc\u0103rcarea.<\/p>\n<p style=\"text-align: center;\"><strong><a href=\"https:\/\/pulsar.fra1.digitaloceanspaces.com\/Pulsar_Installer_RSC\/Pulsar-Installer-demo%201.0.6.exe\">DESCARCARE PULSAR DEMO<\/a><\/strong><\/p>    <\/div>\n<\/div>\n<!-- \/module text --><!-- module text -->\n<div  class=\"module module-text tb_uk8u833    hide-desktop hide-tablet hide-tablet_landscape hide-mobile\" data-lazy=\"1\">\n        <div  class=\"tb_text_wrap\">\n        <p style=\"text-align: center;\">\u00a0<\/p>\n<p style=\"text-align: center;\"><a href=\"https:\/\/pulsar.fra1.digitaloceanspaces.com\/PULSAR-LC-Installer%201.0.0.exe\"><img loading=\"lazy\" decoding=\"async\" class=\"alignnone  wp-image-3876\" src=\"https:\/\/quantum-medical.eu\/wp-content\/uploads\/2022\/09\/Life-VISION-_-Logo-279x300.png\" alt=\"\" width=\"173\" height=\"186\" \/><\/a><\/p>\n<p style=\"text-align: center;\">Life Vision este \u201dcopilul\u201d ultimei noastre cooper\u0103ri cu compania<a href=\"https:\/\/life-care.com\/\"> Life Care<\/a>. F\u0103c\u00e2nd clic pe pictograma sau pe linkul de mai jos, ve\u021bi desc\u0103rca o demonstra\u021bie a software-ului dumneavoastr\u0103 Life Vision.<\/p>\n<p style=\"text-align: center;\"><strong><a href=\"https:\/\/pulsar.fra1.digitaloceanspaces.com\/PULSAR-LC-Installer%201.0.0.exe\">DESCARCA LIFE VISION DEMO AICI<\/a><\/strong><\/p>    <\/div>\n<\/div>\n<!-- \/module text -->        <\/div>\n                    <\/div>\n                <\/div>\n                        <\/div>\n        <\/div>\n        <\/div>\n<!--\/themify_builder_content--><!-- AddThis Advanced Settings generic via filter on the_content --><!-- AddThis Share Buttons generic via filter on the_content -->","protected":false},"excerpt":{"rendered":"<p>Pentru a desc\u0103rca PULSAR\u00ae face\u021bi clic pe urm\u0103torul link care va desc\u0103rca programul de instalare pentru program. Dup\u0103 ce a\u021bi terminat de instalat, rula\u021bi programul, care va desc\u0103rca \u0219i instala PULSAR\u00ae pe computer. Dac\u0103 ave\u021bi nevoie de ajutor la instalare, iat\u0103 un ghid rapid cu instruc\u021biuni pas cu pas: PULSAR Instruc\u021biuni de instalare \u0219i activare [&hellip;]<!-- AddThis Advanced Settings generic via filter on get_the_excerpt --><!-- AddThis Share Buttons generic via filter on get_the_excerpt --><\/p>\n","protected":false},"author":2,"featured_media":0,"parent":0,"menu_order":0,"comment_status":"closed","ping_status":"closed","template":"","meta":{"inline_featured_image":false,"footnotes":""},"class_list":["post-3056","page","type-page","status-publish","hentry","has-post-title","has-post-date","has-post-category","has-post-tag","has-post-comment","has-post-author",""],"yoast_head":"<!-- This site is optimized with the Yoast SEO plugin v27.4 - https:\/\/yoast.com\/product\/yoast-seo-wordpress\/ -->\n<title>DESC\u0102RC\u0102RI &#8212; Quantum Medical<\/title>\n<meta name=\"robots\" content=\"index, follow, max-snippet:-1, max-image-preview:large, max-video-preview:-1\" \/>\n<link rel=\"canonical\" href=\"https:\/\/ro.quantum-medical.eu\/index.php\/descarcari\/\" \/>\n<meta property=\"og:locale\" content=\"en_US\" \/>\n<meta property=\"og:type\" content=\"article\" \/>\n<meta property=\"og:title\" content=\"DESC\u0102RC\u0102RI &#8212; Quantum Medical\" \/>\n<meta property=\"og:description\" content=\"Pentru a desc\u0103rca PULSAR\u00ae face\u021bi clic pe urm\u0103torul link care va desc\u0103rca programul de instalare pentru program. Dup\u0103 ce a\u021bi terminat de instalat, rula\u021bi programul, care va desc\u0103rca \u0219i instala PULSAR\u00ae pe computer. Dac\u0103 ave\u021bi nevoie de ajutor la instalare, iat\u0103 un ghid rapid cu instruc\u021biuni pas cu pas: PULSAR Instruc\u021biuni de instalare \u0219i activare [&hellip;]\" \/>\n<meta property=\"og:url\" content=\"https:\/\/ro.quantum-medical.eu\/index.php\/descarcari\/\" \/>\n<meta property=\"og:site_name\" content=\"Quantum Medical\" \/>\n<meta property=\"article:publisher\" content=\"https:\/\/www.facebook.com\/QuantumMedEU\" \/>\n<meta property=\"article:modified_time\" content=\"2026-03-24T11:48:12+00:00\" \/>\n<meta property=\"og:image\" content=\"https:\/\/ro.quantum-medical.eu\/wp-content\/uploads\/2022\/06\/PULSAR-2.svg\" \/>\n<meta name=\"twitter:card\" content=\"summary_large_image\" \/>\n<meta name=\"twitter:site\" content=\"@QuantumMedEU\" \/>\n<meta name=\"twitter:label1\" content=\"Est. reading time\" \/>\n\t<meta name=\"twitter:data1\" content=\"4 minutes\" \/>\n<script type=\"application\/ld+json\" class=\"yoast-schema-graph\">{\"@context\":\"https:\\\/\\\/schema.org\",\"@graph\":[{\"@type\":\"WebPage\",\"@id\":\"https:\\\/\\\/ro.quantum-medical.eu\\\/index.php\\\/descarcari\\\/\",\"url\":\"https:\\\/\\\/ro.quantum-medical.eu\\\/index.php\\\/descarcari\\\/\",\"name\":\"DESC\u0102RC\u0102RI &#8212; Quantum Medical\",\"isPartOf\":{\"@id\":\"https:\\\/\\\/ro.quantum-medical.eu\\\/#website\"},\"primaryImageOfPage\":{\"@id\":\"https:\\\/\\\/ro.quantum-medical.eu\\\/index.php\\\/descarcari\\\/#primaryimage\"},\"image\":{\"@id\":\"https:\\\/\\\/ro.quantum-medical.eu\\\/index.php\\\/descarcari\\\/#primaryimage\"},\"thumbnailUrl\":\"https:\\\/\\\/ro.quantum-medical.eu\\\/wp-content\\\/uploads\\\/2022\\\/06\\\/PULSAR-2.svg\",\"datePublished\":\"2022-06-08T10:05:04+00:00\",\"dateModified\":\"2026-03-24T11:48:12+00:00\",\"breadcrumb\":{\"@id\":\"https:\\\/\\\/ro.quantum-medical.eu\\\/index.php\\\/descarcari\\\/#breadcrumb\"},\"inLanguage\":\"en-US\",\"potentialAction\":[{\"@type\":\"ReadAction\",\"target\":[\"https:\\\/\\\/ro.quantum-medical.eu\\\/index.php\\\/descarcari\\\/\"]}]},{\"@type\":\"ImageObject\",\"inLanguage\":\"en-US\",\"@id\":\"https:\\\/\\\/ro.quantum-medical.eu\\\/index.php\\\/descarcari\\\/#primaryimage\",\"url\":\"https:\\\/\\\/ro.quantum-medical.eu\\\/wp-content\\\/uploads\\\/2022\\\/06\\\/PULSAR-2.svg\",\"contentUrl\":\"https:\\\/\\\/ro.quantum-medical.eu\\\/wp-content\\\/uploads\\\/2022\\\/06\\\/PULSAR-2.svg\"},{\"@type\":\"BreadcrumbList\",\"@id\":\"https:\\\/\\\/ro.quantum-medical.eu\\\/index.php\\\/descarcari\\\/#breadcrumb\",\"itemListElement\":[{\"@type\":\"ListItem\",\"position\":1,\"name\":\"Home\",\"item\":\"https:\\\/\\\/ro.quantum-medical.eu\\\/\"},{\"@type\":\"ListItem\",\"position\":2,\"name\":\"DESC\u0102RC\u0102RI\"}]},{\"@type\":\"WebSite\",\"@id\":\"https:\\\/\\\/ro.quantum-medical.eu\\\/#website\",\"url\":\"https:\\\/\\\/ro.quantum-medical.eu\\\/\",\"name\":\"Quantum Medical\",\"description\":\"\",\"publisher\":{\"@id\":\"https:\\\/\\\/ro.quantum-medical.eu\\\/#organization\"},\"potentialAction\":[{\"@type\":\"SearchAction\",\"target\":{\"@type\":\"EntryPoint\",\"urlTemplate\":\"https:\\\/\\\/ro.quantum-medical.eu\\\/?s={search_term_string}\"},\"query-input\":{\"@type\":\"PropertyValueSpecification\",\"valueRequired\":true,\"valueName\":\"search_term_string\"}}],\"inLanguage\":\"en-US\"},{\"@type\":\"Organization\",\"@id\":\"https:\\\/\\\/ro.quantum-medical.eu\\\/#organization\",\"name\":\"Quantum Medical SRL\",\"url\":\"https:\\\/\\\/ro.quantum-medical.eu\\\/\",\"logo\":{\"@type\":\"ImageObject\",\"inLanguage\":\"en-US\",\"@id\":\"https:\\\/\\\/ro.quantum-medical.eu\\\/#\\\/schema\\\/logo\\\/image\\\/\",\"url\":\"https:\\\/\\\/ro.quantum-medical.eu\\\/wp-content\\\/uploads\\\/2021\\\/05\\\/Quantum-Medical-logo-1.svg\",\"contentUrl\":\"https:\\\/\\\/ro.quantum-medical.eu\\\/wp-content\\\/uploads\\\/2021\\\/05\\\/Quantum-Medical-logo-1.svg\",\"width\":1,\"height\":1,\"caption\":\"Quantum Medical SRL\"},\"image\":{\"@id\":\"https:\\\/\\\/ro.quantum-medical.eu\\\/#\\\/schema\\\/logo\\\/image\\\/\"},\"sameAs\":[\"https:\\\/\\\/www.facebook.com\\\/QuantumMedEU\",\"https:\\\/\\\/x.com\\\/QuantumMedEU\",\"https:\\\/\\\/www.youtube.com\\\/channel\\\/UCZTJzN8-w3F6DHAt2jh67oA\",\"https:\\\/\\\/www.instagram.com\\\/quantum_medical\\\/\"]}]}<\/script>\n<!-- \/ Yoast SEO plugin. -->","yoast_head_json":{"title":"DESC\u0102RC\u0102RI &#8212; Quantum Medical","robots":{"index":"index","follow":"follow","max-snippet":"max-snippet:-1","max-image-preview":"max-image-preview:large","max-video-preview":"max-video-preview:-1"},"canonical":"https:\/\/ro.quantum-medical.eu\/index.php\/descarcari\/","og_locale":"en_US","og_type":"article","og_title":"DESC\u0102RC\u0102RI &#8212; Quantum Medical","og_description":"Pentru a desc\u0103rca PULSAR\u00ae face\u021bi clic pe urm\u0103torul link care va desc\u0103rca programul de instalare pentru program. Dup\u0103 ce a\u021bi terminat de instalat, rula\u021bi programul, care va desc\u0103rca \u0219i instala PULSAR\u00ae pe computer. Dac\u0103 ave\u021bi nevoie de ajutor la instalare, iat\u0103 un ghid rapid cu instruc\u021biuni pas cu pas: PULSAR Instruc\u021biuni de instalare \u0219i activare [&hellip;]","og_url":"https:\/\/ro.quantum-medical.eu\/index.php\/descarcari\/","og_site_name":"Quantum Medical","article_publisher":"https:\/\/www.facebook.com\/QuantumMedEU","article_modified_time":"2026-03-24T11:48:12+00:00","og_image":[{"url":"https:\/\/ro.quantum-medical.eu\/wp-content\/uploads\/2022\/06\/PULSAR-2.svg","type":"","width":"","height":""}],"twitter_card":"summary_large_image","twitter_site":"@QuantumMedEU","twitter_misc":{"Est. reading time":"4 minutes"},"schema":{"@context":"https:\/\/schema.org","@graph":[{"@type":"WebPage","@id":"https:\/\/ro.quantum-medical.eu\/index.php\/descarcari\/","url":"https:\/\/ro.quantum-medical.eu\/index.php\/descarcari\/","name":"DESC\u0102RC\u0102RI &#8212; Quantum Medical","isPartOf":{"@id":"https:\/\/ro.quantum-medical.eu\/#website"},"primaryImageOfPage":{"@id":"https:\/\/ro.quantum-medical.eu\/index.php\/descarcari\/#primaryimage"},"image":{"@id":"https:\/\/ro.quantum-medical.eu\/index.php\/descarcari\/#primaryimage"},"thumbnailUrl":"https:\/\/ro.quantum-medical.eu\/wp-content\/uploads\/2022\/06\/PULSAR-2.svg","datePublished":"2022-06-08T10:05:04+00:00","dateModified":"2026-03-24T11:48:12+00:00","breadcrumb":{"@id":"https:\/\/ro.quantum-medical.eu\/index.php\/descarcari\/#breadcrumb"},"inLanguage":"en-US","potentialAction":[{"@type":"ReadAction","target":["https:\/\/ro.quantum-medical.eu\/index.php\/descarcari\/"]}]},{"@type":"ImageObject","inLanguage":"en-US","@id":"https:\/\/ro.quantum-medical.eu\/index.php\/descarcari\/#primaryimage","url":"https:\/\/ro.quantum-medical.eu\/wp-content\/uploads\/2022\/06\/PULSAR-2.svg","contentUrl":"https:\/\/ro.quantum-medical.eu\/wp-content\/uploads\/2022\/06\/PULSAR-2.svg"},{"@type":"BreadcrumbList","@id":"https:\/\/ro.quantum-medical.eu\/index.php\/descarcari\/#breadcrumb","itemListElement":[{"@type":"ListItem","position":1,"name":"Home","item":"https:\/\/ro.quantum-medical.eu\/"},{"@type":"ListItem","position":2,"name":"DESC\u0102RC\u0102RI"}]},{"@type":"WebSite","@id":"https:\/\/ro.quantum-medical.eu\/#website","url":"https:\/\/ro.quantum-medical.eu\/","name":"Quantum Medical","description":"","publisher":{"@id":"https:\/\/ro.quantum-medical.eu\/#organization"},"potentialAction":[{"@type":"SearchAction","target":{"@type":"EntryPoint","urlTemplate":"https:\/\/ro.quantum-medical.eu\/?s={search_term_string}"},"query-input":{"@type":"PropertyValueSpecification","valueRequired":true,"valueName":"search_term_string"}}],"inLanguage":"en-US"},{"@type":"Organization","@id":"https:\/\/ro.quantum-medical.eu\/#organization","name":"Quantum Medical SRL","url":"https:\/\/ro.quantum-medical.eu\/","logo":{"@type":"ImageObject","inLanguage":"en-US","@id":"https:\/\/ro.quantum-medical.eu\/#\/schema\/logo\/image\/","url":"https:\/\/ro.quantum-medical.eu\/wp-content\/uploads\/2021\/05\/Quantum-Medical-logo-1.svg","contentUrl":"https:\/\/ro.quantum-medical.eu\/wp-content\/uploads\/2021\/05\/Quantum-Medical-logo-1.svg","width":1,"height":1,"caption":"Quantum Medical SRL"},"image":{"@id":"https:\/\/ro.quantum-medical.eu\/#\/schema\/logo\/image\/"},"sameAs":["https:\/\/www.facebook.com\/QuantumMedEU","https:\/\/x.com\/QuantumMedEU","https:\/\/www.youtube.com\/channel\/UCZTJzN8-w3F6DHAt2jh67oA","https:\/\/www.instagram.com\/quantum_medical\/"]}]}},"builder_content":"<p style=\"text-align: center;\"><a href=\"https:\/\/qm-latest.nyc3.cdn.digitaloceanspaces.com\/INSTALLERS\/PulsarInstaller.exe\"><img loading=\"lazy\" decoding=\"async\" src=\"https:\/\/ro.quantum-medical.eu\/wp-content\/uploads\/2022\/06\/PULSAR-2.svg\" alt=\"\" width=\"270\" height=\"82\" \/><\/a><\/p> <p style=\"text-align: center;\">Pentru a desc\u0103rca PULSAR\u00ae face\u021bi clic pe urm\u0103torul link care va desc\u0103rca programul de instalare pentru program. Dup\u0103 ce a\u021bi terminat de instalat, rula\u021bi programul, care va desc\u0103rca \u0219i instala PULSAR\u00ae pe computer.<\/p> <p style=\"text-align: center;\">Dac\u0103 ave\u021bi nevoie de ajutor la instalare, iat\u0103 un ghid rapid cu instruc\u021biuni pas cu pas: <a href=\"http:\/\/ro.quantum-medical.eu\/wp-content\/uploads\/2026\/03\/PULSAR_instalre-si-activare.pdf\" target=\"_blank\" rel=\"noopener\">PULSAR Instruc\u021biuni de instalare \u0219i activare<\/a><\/p> <p>https:\/\/youtu.be\/bBX1sUtjSW8<\/p> <p style=\"text-align: center;\">F\u0103c\u00e2nd clic pe butonul \u201eDESCARCARE PULSAR\u201d sau pe pictograma PULSAR de mai sus, confirma\u021bi c\u0103 a\u021bi citit \u0219i \u00een\u021beles <a href=\"https:\/\/ro.quantum-medical.eu\/index.php\/termene-si-conditii\/\" target=\"_blank\" rel=\"noopener\">Acordul de licen\u021b\u0103 pentru utilizatorul final (EULA)<\/a> \u0219i sunte\u021bi de acord s\u0103 respecta\u021bi to\u021bi termenii \u0219i condi\u021biile acestuia. Dac\u0103 nu sunte\u021bi de acord cu ace\u0219ti termeni, nu continua\u021bi cu desc\u0103rcarea.<\/p> <p style=\"text-align: center;\"><strong><a href=\"https:\/\/qm-latest.nyc3.cdn.digitaloceanspaces.com\/INSTALLERS\/PulsarInstaller.exe\">DESCARCARE PULSAR<\/a><\/strong><\/p>\n<p style=\"text-align: center;\"><a href=\"https:\/\/pulsar.fra1.digitaloceanspaces.com\/Pulsar_Installer_RSC\/Pulsar-Installer-demo%201.0.6.exe\"><img loading=\"lazy\" decoding=\"async\" src=\"https:\/\/ro.quantum-medical.eu\/wp-content\/uploads\/2022\/06\/PULSAR-2.svg\" alt=\"\" width=\"270\" height=\"82\" \/><\/a><\/p> <p>\u00a0<\/p> <p style=\"text-align: center;\">VERSIUNEA DEMO<\/p> <p style=\"text-align: center;\">Dac\u0103 nu sunte\u021bi sigur \u0219i dori\u021bi s\u0103 \u00ceNCERCA\u021aI PULSAR\u00ae, face\u021bi clic pe linkul de mai jos pentru a desc\u0103rca versiunea DEMO a programului. Nu uita\u021bi, toate datele din aceast\u0103 versiune sunt generate aleatoriu.<\/p> <p style=\"text-align: center;\">Dac\u0103 ave\u021bi nevoie de ajutor la instalare, iat\u0103 un ghid rapid cu instruc\u021biuni pas cu pas:<a href=\"http:\/\/ro.quantum-medical.eu\/wp-content\/uploads\/2026\/03\/PULSAR_instalre-si-activare.pdf\" target=\"_blank\" rel=\"noopener\">PULSAR Instruc\u021biuni de instalare \u0219i activare<\/a><\/p> <p>https:\/\/youtu.be\/bBX1sUtjSW8<\/p> <p style=\"text-align: center;\">F\u0103c\u00e2nd clic pe butonul \u201eDESCARCARE PULSAR DEMO\u201d sau pe pictograma PULSAR, confirma\u021bi c\u0103 a\u021bi citit \u0219i \u00een\u021beles <a href=\"https:\/\/ro.quantum-medical.eu\/index.php\/termene-si-conditii\/\" target=\"_blank\" rel=\"noopener\">Acordul de licen\u021b\u0103 pentru utilizatorul final (EULA)<\/a> \u0219i sunte\u021bi de acord s\u0103 respecta\u021bi to\u021bi termenii \u0219i condi\u021biile acestuia. Dac\u0103 nu sunte\u021bi de acord cu ace\u0219ti termeni, nu continua\u021bi cu desc\u0103rcarea.<\/p> <p style=\"text-align: center;\"><strong><a href=\"https:\/\/pulsar.fra1.digitaloceanspaces.com\/Pulsar_Installer_RSC\/Pulsar-Installer-demo%201.0.6.exe\">DESCARCARE PULSAR DEMO<\/a><\/strong><\/p>\n<p style=\"text-align: center;\">\u00a0<\/p> <p style=\"text-align: center;\"><a href=\"https:\/\/pulsar.fra1.digitaloceanspaces.com\/PULSAR-LC-Installer%201.0.0.exe\"><img loading=\"lazy\" decoding=\"async\" src=\"https:\/\/quantum-medical.eu\/wp-content\/uploads\/2022\/09\/Life-VISION-_-Logo-279x300.png\" alt=\"\" width=\"173\" height=\"186\" \/><\/a><\/p> <p style=\"text-align: center;\">Life Vision este \u201dcopilul\u201d ultimei noastre cooper\u0103ri cu compania<a href=\"https:\/\/life-care.com\/\"> Life Care<\/a>. F\u0103c\u00e2nd clic pe pictograma sau pe linkul de mai jos, ve\u021bi desc\u0103rca o demonstra\u021bie a software-ului dumneavoastr\u0103 Life Vision.<\/p> <p style=\"text-align: center;\"><strong><a href=\"https:\/\/pulsar.fra1.digitaloceanspaces.com\/PULSAR-LC-Installer%201.0.0.exe\">DESCARCA LIFE VISION DEMO AICI<\/a><\/strong><\/p>","_links":{"self":[{"href":"https:\/\/ro.quantum-medical.eu\/index.php\/wp-json\/wp\/v2\/pages\/3056","targetHints":{"allow":["GET"]}}],"collection":[{"href":"https:\/\/ro.quantum-medical.eu\/index.php\/wp-json\/wp\/v2\/pages"}],"about":[{"href":"https:\/\/ro.quantum-medical.eu\/index.php\/wp-json\/wp\/v2\/types\/page"}],"author":[{"embeddable":true,"href":"https:\/\/ro.quantum-medical.eu\/index.php\/wp-json\/wp\/v2\/users\/2"}],"replies":[{"embeddable":true,"href":"https:\/\/ro.quantum-medical.eu\/index.php\/wp-json\/wp\/v2\/comments?post=3056"}],"version-history":[{"count":42,"href":"https:\/\/ro.quantum-medical.eu\/index.php\/wp-json\/wp\/v2\/pages\/3056\/revisions"}],"predecessor-version":[{"id":3628,"href":"https:\/\/ro.quantum-medical.eu\/index.php\/wp-json\/wp\/v2\/pages\/3056\/revisions\/3628"}],"wp:attachment":[{"href":"https:\/\/ro.quantum-medical.eu\/index.php\/wp-json\/wp\/v2\/media?parent=3056"}],"curies":[{"name":"wp","href":"https:\/\/api.w.org\/{rel}","templated":true}]}}